{"id":2,"date":"2024-09-02T22:05:17","date_gmt":"2024-09-02T20:05:17","guid":{"rendered":"http:\/\/kawka-art.pl\/?page_id=2"},"modified":"2026-01-22T19:22:14","modified_gmt":"2026-01-22T18:22:14","slug":"przykladowa-strona","status":"publish","type":"page","link":"https:\/\/kawka-art.pl\/?page_id=2","title":{"rendered":"Obraz na zam\u00f3wienie"},"content":{"rendered":"<div class=\"wp-block-group alignfull is-content-justification-center is-layout-constrained wp-container-core-group-is-layout-c7f866ca wp-block-group-is-layout-constrained\" style=\"margin-top:0;margin-bottom:0;padding-top:calc( 0.5 * var(--wp--style--root--padding-right, var(--wp--custom--gap--horizontal)));padding-right:var(--wp--style--root--padding-right, var(--wp--custom--gap--horizontal));padding-bottom:calc( 0.5 * var(--wp--style--root--padding-right, var(--wp--custom--gap--horizontal)));padding-left:var(--wp--style--root--padding-left, var(--wp--custom--gap--horizontal))\"><div style=\"height:calc( 0.25 * var(--wp--style--root--padding-right, var(--wp--custom--gap--horizontal)))\" aria-hidden=\"true\" class=\"wp-block-spacer\"><\/div>\n\n<div class=\"wp-block-columns alignfull is-layout-flex wp-container-core-columns-is-layout-7c9548a8 wp-block-columns-is-layout-flex\" style=\"padding-top:0;padding-right:0;padding-bottom:0;padding-left:0\"><div class=\"wp-block-column is-layout-flow wp-block-column-is-layout-flow\"><div class=\"wp-block-cover is-light\"><img loading=\"lazy\" decoding=\"async\" width=\"2090\" height=\"2500\" class=\"wp-block-cover__image-background wp-image-876 size-large\" alt=\"\" src=\"https:\/\/kawka-art.pl\/wp-content\/uploads\/2026\/01\/642e99e0-ef16-11f0-bd26-d7a294d1dc7e-2090x2500.jpg\" data-object-fit=\"cover\" srcset=\"https:\/\/kawka-art.pl\/wp-content\/uploads\/2026\/01\/642e99e0-ef16-11f0-bd26-d7a294d1dc7e-2090x2500.jpg 2090w, https:\/\/kawka-art.pl\/wp-content\/uploads\/2026\/01\/642e99e0-ef16-11f0-bd26-d7a294d1dc7e-768x919.jpg 768w, https:\/\/kawka-art.pl\/wp-content\/uploads\/2026\/01\/642e99e0-ef16-11f0-bd26-d7a294d1dc7e-1284x1536.jpg 1284w, https:\/\/kawka-art.pl\/wp-content\/uploads\/2026\/01\/642e99e0-ef16-11f0-bd26-d7a294d1dc7e-1712x2048.jpg 1712w, https:\/\/kawka-art.pl\/wp-content\/uploads\/2026\/01\/642e99e0-ef16-11f0-bd26-d7a294d1dc7e-1500x1794.jpg 1500w\" sizes=\"auto, (max-width: 2090px) 100vw, 2090px\" \/><span aria-hidden=\"true\" class=\"wp-block-cover__background has-background-dim-0 has-background-dim\" style=\"background-color:#c8beae\"><\/span><div class=\"wp-block-cover__inner-container is-layout-flow wp-block-cover-is-layout-flow\"><p class=\"has-text-align-center has-large-font-size\"><\/p><\/div><\/div><\/div>\n\n<div class=\"wp-block-column is-vertically-aligned-center is-layout-constrained wp-container-core-column-is-layout-254f1302 wp-block-column-is-layout-constrained\" style=\"padding-top:0;padding-right:0;padding-bottom:0;padding-left:0\"><div class=\"wp-block-group alignfull is-layout-flow wp-block-group-is-layout-flow\" style=\"margin-top:var(--wp--preset--spacing--40);margin-bottom:var(--wp--preset--spacing--40);padding-top:0px;padding-right:60px;padding-bottom:0px;padding-left:60px\"><h2 class=\"wp-block-heading has-text-align-left has-large-font-size\"><strong>Potrzebujesz obrazu dedykowanego do Twojego w<\/strong>n\u0119trza?<\/h2>\n\n<p class=\"has-text-align-left\">Napisz do mnie! Z przyjemno\u015bci\u0105 stworz\u0119 dla Ciebie obraz, kt\u00f3ry b\u0119dzie idealnie wsp\u00f3\u0142gra\u0142 z Twoim wn\u0119trzem ale r\u00f3wnie\u017c rezonowa\u0142 z Tob\u0105!<\/p>\n\n<div class=\"wp-block-buttons is-layout-flex wp-block-buttons-is-layout-flex\" style=\"margin-top:64px\"><div class=\"wp-block-button has-custom-font-size\"><a class=\"wp-block-button__link has-text-align-left wp-element-button\" href=\"https:\/\/kawka-art.pl\/?page_id=19\">Skontaktuj si\u0119 ze mn\u0105<\/a><\/div><\/div><\/div><\/div><\/div>\n\n<div class=\"wp-block-columns alignfull is-layout-flex wp-container-core-columns-is-layout-7c9548a8 wp-block-columns-is-layout-flex\" style=\"padding-top:0;padding-right:0;padding-bottom:0;padding-left:0\"><div class=\"wp-block-column is-vertically-aligned-center is-layout-flow wp-block-column-is-layout-flow\" style=\"padding-top:0;padding-right:0;padding-bottom:0;padding-left:0\"><div class=\"wp-block-group is-layout-constrained wp-container-core-group-is-layout-bd9266ff wp-block-group-is-layout-constrained\" style=\"padding-top:50px;padding-right:50px;padding-bottom:50px;padding-left:50px\"><div class=\"wp-block-group is-layout-flow wp-block-group-is-layout-flow\"><h5 class=\"wp-block-heading\" style=\"text-transform:capitalize\"><strong>Nad czym wsp\u00f3lnie popracujemy?<\/strong><\/h5>\n\n<p>Wsp\u00f3lnie opracujemy kolorystyk\u0119, stylistyk\u0119, optymaln\u0105 wielko\u015b\u0107 obrazu do Twojej przestrzeni.<\/p>\n\n<p>Opracuj\u0119 obraz wed\u0142ug Twojej wizji lub przedstawi\u0119 swoj\u0105 koncepcj\u0119. <\/p>\n\n<p>Na podstawie koncepcji obrazu oraz jego wielko\u015bci, przygotuj\u0119 dla Ciebie wycen\u0119.<\/p>\n\n<p>Mog\u0119 r\u00f3wnie\u017c przygotowa\u0107 studium na papierze, aby zwizualizowa\u0107 pomys\u0142 oraz przygotowa\u0107 pr\u00f3bki kolorystyczne.<\/p>\n\n<p>Napisz do mnie a przedstawi\u0119 Ci wi\u0119cej szczeg\u00f3\u0142\u00f3w oraz aktualne terminy realizacji.<\/p><\/div>\n\n<div class=\"wp-block-group is-layout-flow wp-block-group-is-layout-flow\"><h5 class=\"wp-block-heading\" style=\"text-transform:capitalize\"><\/h5>\n\n<div class=\"wp-block-buttons is-layout-flex wp-block-buttons-is-layout-flex\"><\/div><\/div><\/div><\/div>\n\n<div class=\"wp-block-column is-vertically-aligned-center is-layout-flow wp-block-column-is-layout-flow\"><div class=\"wp-block-cover is-light\"><img loading=\"lazy\" decoding=\"async\" width=\"2090\" height=\"2500\" class=\"wp-block-cover__image-background wp-image-766 size-large\" alt=\"\" src=\"https:\/\/kawka-art.pl\/wp-content\/uploads\/2025\/11\/e28e30a0-c2f9-11f0-8553-ab3964b10f0a-2090x2500.jpg\" data-object-fit=\"cover\" srcset=\"https:\/\/kawka-art.pl\/wp-content\/uploads\/2025\/11\/e28e30a0-c2f9-11f0-8553-ab3964b10f0a-2090x2500.jpg 2090w, https:\/\/kawka-art.pl\/wp-content\/uploads\/2025\/11\/e28e30a0-c2f9-11f0-8553-ab3964b10f0a-768x919.jpg 768w, https:\/\/kawka-art.pl\/wp-content\/uploads\/2025\/11\/e28e30a0-c2f9-11f0-8553-ab3964b10f0a-1284x1536.jpg 1284w, https:\/\/kawka-art.pl\/wp-content\/uploads\/2025\/11\/e28e30a0-c2f9-11f0-8553-ab3964b10f0a-1712x2048.jpg 1712w, https:\/\/kawka-art.pl\/wp-content\/uploads\/2025\/11\/e28e30a0-c2f9-11f0-8553-ab3964b10f0a-1500x1794.jpg 1500w\" sizes=\"auto, (max-width: 2090px) 100vw, 2090px\" \/><span aria-hidden=\"true\" class=\"wp-block-cover__background has-background-dim-0 has-background-dim\" style=\"background-color:#b7b1ac\"><\/span><div class=\"wp-block-cover__inner-container is-layout-flow wp-block-cover-is-layout-flow\"><p class=\"has-text-align-center has-large-font-size\"><\/p><\/div><\/div><\/div><\/div>\n\n<div style=\"height:calc( 0.25 * var(--wp--style--root--padding-right, var(--wp--custom--gap--horizontal)))\" aria-hidden=\"true\" class=\"wp-block-spacer\"><\/div><\/div><div class=\"wp-block-group alignfull is-content-justification-center is-layout-constrained wp-container-core-group-is-layout-df757ecc wp-block-group-is-layout-constrained\" style=\"margin-top:0;margin-bottom:0;padding-top:calc( 0.5 * var(--wp--style--root--padding-right, var(--wp--custom--gap--horizontal)));padding-right:var(--wp--style--root--padding-right, var(--wp--custom--gap--horizontal));padding-bottom:calc( 0.5 * var(--wp--style--root--padding-right, var(--wp--custom--gap--horizontal)));padding-left:var(--wp--style--root--padding-left, var(--wp--custom--gap--horizontal))\"><div style=\"height:0px\" aria-hidden=\"true\" class=\"wp-block-spacer\"><\/div>\n\n<h3 class=\"wp-block-heading alignwide\">Opinie kolekcjoner\u00f3w<\/h3>\n\n<div style=\"height:var(--wp--preset--spacing--20)\" aria-hidden=\"true\" class=\"wp-block-spacer\"><\/div>\n\n<div class=\"wp-block-columns alignwide is-layout-flex wp-container-core-columns-is-layout-28f84493 wp-block-columns-is-layout-flex\"><div class=\"wp-block-column is-layout-flow wp-block-column-is-layout-flow\"><p><strong>Obraz na zam\u00f3wienie<\/strong><\/p>\n\n<p><em>&#8222;Obraz jest pi\u0119kny, idealny \ud83d\ude42 Jestem bardzo zadowolona i nie mog\u0119 si\u0119 doczeka\u0107 kiedy b\u0119d\u0119 mog\u0142a na niego patrze\u0107 w salonie :)&#8221;<\/em><\/p>\n\n<p>&#8211;Joanna<\/p><\/div>\n\n<div class=\"wp-block-column is-layout-flow wp-block-column-is-layout-flow\"><p><strong>Obraz na zam\u00f3wienie<\/strong><\/p>\n\n<p><em>&#8222;Siedz\u0119 i si\u0119 gapi\u0119 i dotykam. Dzi\u0119kuj\u0119 pi\u0119knie pi\u0119knie pi\u0119knie. W\u0142a\u015bnie tego chcia\u0142am &lt;3 &lt;3 &lt;3 &lt;3 &lt;3&#8221;<\/em><\/p>\n\n<p>&#8211;Klaudia<\/p><\/div>\n\n<div class=\"wp-block-column is-layout-flow wp-block-column-is-layout-flow\"><p><strong>Gotowy obraz na p\u0142\u00f3tnie z motywem g\u00f3rskim<\/strong><\/p>\n\n<p><em>&#8222;Jestem bardzo zadowolona, Pani tw\u00f3rczo\u015b\u0107 pasuje idealnie i ciesz\u0119 si\u0119, \u017ce na Pani\u0105 trafi\u0142am &lt;3&#8221;<\/em><\/p>\n\n<p>&#8211;Kasia<\/p><\/div><\/div>\n\n<div style=\"height:calc( 0.25 * var(--wp--style--root--padding-right, var(--wp--custom--gap--horizontal)))\" aria-hidden=\"true\" class=\"wp-block-spacer\"><\/div><\/div><div class=\"wp-block-group alignfull is-content-justification-center is-layout-constrained wp-container-core-group-is-layout-df757ecc wp-block-group-is-layout-constrained\" style=\"margin-top:0;margin-bottom:0;padding-top:calc( 0.5 * var(--wp--style--root--padding-right, var(--wp--custom--gap--horizontal)));padding-right:var(--wp--style--root--padding-right, var(--wp--custom--gap--horizontal));padding-bottom:calc( 0.5 * var(--wp--style--root--padding-right, var(--wp--custom--gap--horizontal)));padding-left:var(--wp--style--root--padding-left, var(--wp--custom--gap--horizontal))\"><div style=\"height:calc( 0.25 * var(--wp--style--root--padding-right, var(--wp--custom--gap--horizontal)))\" aria-hidden=\"true\" class=\"wp-block-spacer\"><\/div>\n\n<h3 class=\"wp-block-heading alignwide\"><\/h3>\n\n<div style=\"height:var(--wp--preset--spacing--20)\" aria-hidden=\"true\" class=\"wp-block-spacer\"><\/div>\n\n<div class=\"wp-block-columns alignwide is-layout-flex wp-container-core-columns-is-layout-28f84493 wp-block-columns-is-layout-flex\"><div class=\"wp-block-column is-layout-flow wp-block-column-is-layout-flow\"><p><strong>Obraz na zam\u00f3wienie, prezent dla mamy<\/strong><\/p>\n\n<p>Pani Angeliko, obraz dotar\u0142, mama jest przeszcz\u0119\u015bliwa i zachwycona obrazem! bardzo dzi\u0119kujemy! \ud83d\ude42<\/p>\n\n<p>&#8211;Klaudia<\/p><\/div>\n\n<div class=\"wp-block-column is-layout-flow wp-block-column-is-layout-flow\"><p><strong>Obraz na zam\u00f3wienie<\/strong><\/p>\n\n<p>Polecam! Mi\u0142a sympatyczna Pani, kt\u00f3ra sprosta\u0142a moim oczekiwaniom i stworzy\u0142a co\u015b wyj\u0105tkowego do mojego salonu \ud83d\ude42<\/p>\n\n<p>&#8211;Paulina<\/p><\/div>\n\n<div class=\"wp-block-column is-layout-flow wp-block-column-is-layout-flow\"><p><strong>Obraz na zam\u00f3wienie<\/strong><\/p>\n\n<p>Przesy\u0142ka dotar\u0142a, obraz dzisiaj zawi\u015bnie. Jest pi\u0119kny, bardzo si\u0119 ciesz\u0119, \u017ce do Pani trafi\u0142am, dzi\u0119kuj\u0119 za wprowadzenie do naszego domu sztuki. Ze swojej strony mog\u0119 powiedzie\u0107, \u017ce b\u0119d\u0119 i w zasadzie ju\u017c to robi\u0119, poleca\u0107 Pani tw\u00f3rczo\u015b\u0107.<\/p>\n\n<p>&#8212; Karolina<\/p>\n\n<p><\/p><\/div><\/div>\n\n<div style=\"height:calc( 0.25 * var(--wp--style--root--padding-right, var(--wp--custom--gap--horizontal)))\" aria-hidden=\"true\" class=\"wp-block-spacer\"><\/div><\/div><div class=\"wp-block-columns alignwide is-layout-flex wp-container-core-columns-is-layout-28f84493 wp-block-columns-is-layout-flex\"><div class=\"wp-block-column is-layout-flow wp-block-column-is-layout-flow\"><p><strong>Obraz na zam\u00f3wienie na podstawie zdj\u0119cia<\/strong><\/p>\n\n<p><em>&#8222;Jest przepi\u0119kny! W ko\u0144cu wisi i to w takim miejscu, \u017ce widzimy go z salonu i co chwil\u0119, gdy go mijam jak przechodz\u0119 korytarzem, nie mog\u0119 si\u0119 przesta\u0107 u\u015bmiecha\u0107 jak go widz\u0119. :)&#8221;<\/em><\/p>\n\n<p>&#8211;\u0141ucja<\/p><\/div>\n\n<div class=\"wp-block-column is-layout-flow wp-block-column-is-layout-flow\"><p><strong>Obraz na zam\u00f3wienie<\/strong><\/p>\n\n<p><em>&#8222;Pani Angeliko, obraz dotar\u0142 pi\u0119knie zapakowany. W\u0142a\u015bnie rodzinnie rozpakowali\u015bmy. Pasuje nam idealnie!&#8221;<\/em><\/p>\n\n<p>&#8211;Izabela<\/p><\/div>\n\n<div class=\"wp-block-column is-layout-flow wp-block-column-is-layout-flow\"><p><strong>Gotowy obraz na p\u0142\u00f3tnie <\/strong>&#8211; pejza\u017c polny<\/p>\n\n<p><em>Dzi\u0119kuj\u0119 za przecudny obraz, kt\u00f3ry pasuje i wygl\u0105da jakby tu od zawsze by\u0142o jego miejsce. Jeste\u015bmy bardzo szcz\u0119\u015bliwi i wdzi\u0119czni.&#8221;<\/em><\/p>\n\n<p>&#8211;Ma\u0142gorzata<\/p><\/div><\/div><h2 class=\"wp-block-heading\">Z przyjemno\u015bci\u0105 porozmawiam z Tob\u0105 o Twoim wymarzonym obrazie <\/h2><div class=\"wp-block-jetpack-contact-form\"><a href=\"https:\/\/kawka-art.pl\/?page_id=2\" target=\"_blank\" rel=\"noopener noreferrer\">Submit a form.<\/a><\/div><p><\/p>","protected":false},"excerpt":{"rendered":"<p>Potrzebujesz obrazu dedykowanego do Twojego wn\u0119trza? Napisz do mnie! Z przyjemno\u015bci\u0105 stworz\u0119 dla Ciebie obraz, kt\u00f3ry b\u0119dzie idealnie wsp\u00f3\u0142gra\u0142 z Twoim wn\u0119trzem ale r\u00f3wnie\u017c rezonowa\u0142 z Tob\u0105! Nad czym wsp\u00f3lnie popracujemy? Wsp\u00f3lnie opracujemy kolorystyk\u0119, stylistyk\u0119, optymaln\u0105 wielko\u015b\u0107 obrazu do Twojej przestrzeni. Opracuj\u0119 obraz wed\u0142ug Twojej wizji lub przedstawi\u0119 swoj\u0105 koncepcj\u0119. Na podstawie koncepcji obrazu oraz&#8230;<\/p>\n","protected":false},"author":1,"featured_media":0,"parent":0,"menu_order":0,"comment_status":"closed","ping_status":"open","template":"","meta":{"_monsterinsights_skip_tracking":false,"_monsterinsights_sitenote_active":false,"_monsterinsights_sitenote_note":"","_monsterinsights_sitenote_category":0,"footnotes":""},"class_list":["post-2","page","type-page","status-publish","hentry"],"jetpack_sharing_enabled":true,"_links":{"self":[{"href":"https:\/\/kawka-art.pl\/index.php?rest_route=\/wp\/v2\/pages\/2","targetHints":{"allow":["GET"]}}],"collection":[{"href":"https:\/\/kawka-art.pl\/index.php?rest_route=\/wp\/v2\/pages"}],"about":[{"href":"https:\/\/kawka-art.pl\/index.php?rest_route=\/wp\/v2\/types\/page"}],"author":[{"embeddable":true,"href":"https:\/\/kawka-art.pl\/index.php?rest_route=\/wp\/v2\/users\/1"}],"replies":[{"embeddable":true,"href":"https:\/\/kawka-art.pl\/index.php?rest_route=%2Fwp%2Fv2%2Fcomments&post=2"}],"version-history":[{"count":15,"href":"https:\/\/kawka-art.pl\/index.php?rest_route=\/wp\/v2\/pages\/2\/revisions"}],"predecessor-version":[{"id":885,"href":"https:\/\/kawka-art.pl\/index.php?rest_route=\/wp\/v2\/pages\/2\/revisions\/885"}],"wp:attachment":[{"href":"https:\/\/kawka-art.pl\/index.php?rest_route=%2Fwp%2Fv2%2Fmedia&parent=2"}],"curies":[{"name":"wp","href":"https:\/\/api.w.org\/{rel}","templated":true}]}}