{"id":204,"date":"2024-09-08T22:53:11","date_gmt":"2024-09-08T20:53:11","guid":{"rendered":"http:\/\/kawka-art.pl\/?page_id=204"},"modified":"2026-01-04T20:40:59","modified_gmt":"2026-01-04T19:40:59","slug":"o-mnie","status":"publish","type":"page","link":"https:\/\/kawka-art.pl\/?page_id=204","title":{"rendered":"O mnie"},"content":{"rendered":"<p><\/p><div class=\"wp-block-group alignfull is-content-justification-center is-layout-constrained wp-container-core-group-is-layout-df757ecc wp-block-group-is-layout-constrained\" style=\"margin-top:0;margin-bottom:0;padding-top:calc( 0.5 * var(--wp--style--root--padding-right, var(--wp--custom--gap--horizontal)));padding-right:var(--wp--style--root--padding-right, var(--wp--custom--gap--horizontal));padding-bottom:calc( 0.5 * var(--wp--style--root--padding-right, var(--wp--custom--gap--horizontal)));padding-left:var(--wp--style--root--padding-left, var(--wp--custom--gap--horizontal))\"><div style=\"height:calc( 0.25 * var(--wp--style--root--padding-right, var(--wp--custom--gap--horizontal)))\" aria-hidden=\"true\" class=\"wp-block-spacer\"><\/div>\n\n<div class=\"wp-block-columns alignwide are-vertically-aligned-center is-layout-flex wp-container-core-columns-is-layout-7fc3d43a wp-block-columns-is-layout-flex\"><div class=\"wp-block-column is-vertically-aligned-center is-layout-flow wp-block-column-is-layout-flow\"><figure class=\"wp-block-image size-full\"><img loading=\"lazy\" decoding=\"async\" width=\"1920\" height=\"2560\" src=\"https:\/\/kawka-art.pl\/wp-content\/uploads\/2024\/09\/20260103_122703-scaled.jpg\" alt=\"\" class=\"wp-image-850\" style=\"aspect-ratio:1;object-fit:cover\" srcset=\"https:\/\/kawka-art.pl\/wp-content\/uploads\/2024\/09\/20260103_122703-scaled.jpg 1920w, https:\/\/kawka-art.pl\/wp-content\/uploads\/2024\/09\/20260103_122703-1875x2500.jpg 1875w, https:\/\/kawka-art.pl\/wp-content\/uploads\/2024\/09\/20260103_122703-768x1024.jpg 768w, https:\/\/kawka-art.pl\/wp-content\/uploads\/2024\/09\/20260103_122703-1152x1536.jpg 1152w, https:\/\/kawka-art.pl\/wp-content\/uploads\/2024\/09\/20260103_122703-1536x2048.jpg 1536w, https:\/\/kawka-art.pl\/wp-content\/uploads\/2024\/09\/20260103_122703-1500x2000.jpg 1500w\" sizes=\"auto, (max-width: 1920px) 100vw, 1920px\" \/><\/figure><\/div>\n\n<div class=\"wp-block-column is-vertically-aligned-center is-layout-flow wp-block-column-is-layout-flow\"><h2 class=\"wp-block-heading alignwide\">O mnie<\/h2>\n\n<p>Nazywam si\u0119 Angelika Kawka. Ju\u017c prawie dekad\u0119 pasjonuje mnie malarstwo. Specjalizuj\u0119 si\u0119 w delikatnych, teksturalnych kompozycjach, kt\u00f3re czerpi\u0105 inspiracj\u0119 z natury i abstrakcyjnych form. <em><strong>Moje obrazy to harmonijne po\u0142\u0105czenie subtelnych odcieni r\u00f3\u017cu, be\u017cu, kremu i ciep\u0142ych ton\u00f3w, kt\u00f3re wprowadzaj\u0105 spok\u00f3j i elegancj\u0119 do ka\u017cdej przestrzeni. <\/strong><\/em><\/p>\n\n<p>Faktura odgrywa w mojej tw\u00f3rczo\u015bci kluczow\u0105 rol\u0119 \u2013 pozwala na stworzenie g\u0142\u0119bi, tr\u00f3jwymiarowo\u015bci i wyj\u0105tkowego wra\u017cenia dotykowego. Ka\u017cdy obraz to dialog mi\u0119dzy kolorem a przestrzeni\u0105, zaproszenie do odkrycia subtelnych emocji i historii zapisanych w warstwach farby.<\/p>\n\n<p><br>Sztuka abstrakcyjna ma szczeg\u00f3lne miejsce w mojej tw\u00f3rczo\u015bci. Jest nie tylko form\u0105 ekspresji, ale tak\u017ce j\u0119zykiem emocji i intuicji. W przeciwie\u0144stwie do sztuki realistycznej, kt\u00f3ra bezpo\u015brednio na\u015bladuje rzeczywisto\u015b\u0107, abstrakcja pozwala na swobodne interpretowanie tego, co niewidzialne \u2013 emocji, wra\u017ce\u0144, my\u015bli. To w\u0142a\u015bnie dzi\u0119ki abstrakcji mog\u0119 uchwyci\u0107 ulotne chwile, stan umys\u0142u czy subtelne odczucia, kt\u00f3re trudno wyrazi\u0107 s\u0142owami. <\/p>\n\n<p>Sztuka abstrakcyjna to przestrze\u0144 wolno\u015bci \u2013 zar\u00f3wno dla mnie jako artystki, jak i dla odbiorcy. Nie narzuca sztywnych ram interpretacji, pozwala na refleksj\u0119 i zatrzymanie si\u0119 na chwil\u0119 w p\u0119dzie codzienno\u015bci.<strong><em> W\u0142a\u015bnie dlatego tworz\u0119 \u2013 by oferowa\u0107 momenty wytchnienia, kontemplacji, a jednocze\u015bnie zainspirowa\u0107 do nowych odkry\u0107 wewn\u0119trznych.<\/em><\/strong><\/p>\n\n<div class=\"wp-block-buttons is-layout-flex wp-block-buttons-is-layout-flex\"><div class=\"wp-block-button\"><a class=\"wp-block-button__link wp-element-button\" href=\"https:\/\/kawka-art.pl\/?product_cat=bez-kategorii\">Zobacz moje dost\u0119pne obrazy<\/a><\/div><\/div><\/div><\/div>\n\n<div style=\"height:calc( 0.25 * var(--wp--style--root--padding-right, var(--wp--custom--gap--horizontal)))\" aria-hidden=\"true\" class=\"wp-block-spacer\"><\/div>\n\n<div class=\"wp-block-group alignfull is-content-justification-center is-layout-constrained wp-container-core-group-is-layout-df757ecc wp-block-group-is-layout-constrained\" style=\"margin-top:0;margin-bottom:0;padding-top:calc( 0.5 * var(--wp--style--root--padding-right, var(--wp--custom--gap--horizontal)));padding-right:var(--wp--style--root--padding-right, var(--wp--custom--gap--horizontal));padding-bottom:calc( 0.5 * var(--wp--style--root--padding-right, var(--wp--custom--gap--horizontal)));padding-left:var(--wp--style--root--padding-left, var(--wp--custom--gap--horizontal))\"><div style=\"height:calc( 0.25 * var(--wp--style--root--padding-right, var(--wp--custom--gap--horizontal)))\" aria-hidden=\"true\" class=\"wp-block-spacer\"><\/div>\n\n<div class=\"wp-block-group alignwide is-content-justification-space-between is-layout-flex wp-container-core-group-is-layout-9366075c wp-block-group-is-layout-flex\"><h3 class=\"wp-block-heading alignwide\">Zobacz kulisy mojej pracy na Instagramie<\/h3>\n\n<ul class=\"wp-block-social-links has-icon-color is-style-logos-only is-horizontal is-content-justification-space-between is-layout-flex wp-container-core-social-links-is-layout-3cc9012a wp-block-social-links-is-layout-flex\"><li class=\"wp-social-link wp-social-link-instagram has-primary-color wp-block-social-link\"><a rel=\"noopener nofollow\" target=\"_blank\" href=\"https:\/\/www.instagram.com\/malinowy_domek_art\/\" class=\"wp-block-social-link-anchor\"><svg width=\"24\" height=\"24\" viewBox=\"0 0 24 24\" version=\"1.1\" xmlns=\"http:\/\/www.w3.org\/2000\/svg\" aria-hidden=\"true\" focusable=\"false\"><path d=\"M12,4.622c2.403,0,2.688,0.009,3.637,0.052c0.877,0.04,1.354,0.187,1.671,0.31c0.42,0.163,0.72,0.358,1.035,0.673 c0.315,0.315,0.51,0.615,0.673,1.035c0.123,0.317,0.27,0.794,0.31,1.671c0.043,0.949,0.052,1.234,0.052,3.637 s-0.009,2.688-0.052,3.637c-0.04,0.877-0.187,1.354-0.31,1.671c-0.163,0.42-0.358,0.72-0.673,1.035 c-0.315,0.315-0.615,0.51-1.035,0.673c-0.317,0.123-0.794,0.27-1.671,0.31c-0.949,0.043-1.233,0.052-3.637,0.052 s-2.688-0.009-3.637-0.052c-0.877-0.04-1.354-0.187-1.671-0.31c-0.42-0.163-0.72-0.358-1.035-0.673 c-0.315-0.315-0.51-0.615-0.673-1.035c-0.123-0.317-0.27-0.794-0.31-1.671C4.631,14.688,4.622,14.403,4.622,12 s0.009-2.688,0.052-3.637c0.04-0.877,0.187-1.354,0.31-1.671c0.163-0.42,0.358-0.72,0.673-1.035 c0.315-0.315,0.615-0.51,1.035-0.673c0.317-0.123,0.794-0.27,1.671-0.31C9.312,4.631,9.597,4.622,12,4.622 M12,3 C9.556,3,9.249,3.01,8.289,3.054C7.331,3.098,6.677,3.25,6.105,3.472C5.513,3.702,5.011,4.01,4.511,4.511 c-0.5,0.5-0.808,1.002-1.038,1.594C3.25,6.677,3.098,7.331,3.054,8.289C3.01,9.249,3,9.556,3,12c0,2.444,0.01,2.751,0.054,3.711 c0.044,0.958,0.196,1.612,0.418,2.185c0.23,0.592,0.538,1.094,1.038,1.594c0.5,0.5,1.002,0.808,1.594,1.038 c0.572,0.222,1.227,0.375,2.185,0.418C9.249,20.99,9.556,21,12,21s2.751-0.01,3.711-0.054c0.958-0.044,1.612-0.196,2.185-0.418 c0.592-0.23,1.094-0.538,1.594-1.038c0.5-0.5,0.808-1.002,1.038-1.594c0.222-0.572,0.375-1.227,0.418-2.185 C20.99,14.751,21,14.444,21,12s-0.01-2.751-0.054-3.711c-0.044-0.958-0.196-1.612-0.418-2.185c-0.23-0.592-0.538-1.094-1.038-1.594 c-0.5-0.5-1.002-0.808-1.594-1.038c-0.572-0.222-1.227-0.375-2.185-0.418C14.751,3.01,14.444,3,12,3L12,3z M12,7.378 c-2.552,0-4.622,2.069-4.622,4.622S9.448,16.622,12,16.622s4.622-2.069,4.622-4.622S14.552,7.378,12,7.378z M12,15 c-1.657,0-3-1.343-3-3s1.343-3,3-3s3,1.343,3,3S13.657,15,12,15z M16.804,6.116c-0.596,0-1.08,0.484-1.08,1.08 s0.484,1.08,1.08,1.08c0.596,0,1.08-0.484,1.08-1.08S17.401,6.116,16.804,6.116z\"><\/path><\/svg><span class=\"wp-block-social-link-label screen-reader-text\">Instagram<\/span><\/a><\/li>\n\n<li class=\"wp-social-link wp-social-link-facebook has-primary-color wp-block-social-link\"><a rel=\"noopener nofollow\" target=\"_blank\" href=\"https:\/\/www.facebook.com\/profile.php?id=61557615811876&#038;sfnsn=wa\" class=\"wp-block-social-link-anchor\"><svg width=\"24\" height=\"24\" viewBox=\"0 0 24 24\" version=\"1.1\" xmlns=\"http:\/\/www.w3.org\/2000\/svg\" aria-hidden=\"true\" focusable=\"false\"><path d=\"M12 2C6.5 2 2 6.5 2 12c0 5 3.7 9.1 8.4 9.9v-7H7.9V12h2.5V9.8c0-2.5 1.5-3.9 3.8-3.9 1.1 0 2.2.2 2.2.2v2.5h-1.3c-1.2 0-1.6.8-1.6 1.6V12h2.8l-.4 2.9h-2.3v7C18.3 21.1 22 17 22 12c0-5.5-4.5-10-10-10z\"><\/path><\/svg><span class=\"wp-block-social-link-label screen-reader-text\">Facebook<\/span><\/a><\/li><\/ul><\/div>\n\n<div style=\"height:var(--wp--preset--spacing--20)\" aria-hidden=\"true\" class=\"wp-block-spacer\"><\/div>\n\n<div class=\"wp-block-columns alignwide is-layout-flex wp-container-core-columns-is-layout-28f84493 wp-block-columns-is-layout-flex\"><div class=\"wp-block-column is-layout-flow wp-block-column-is-layout-flow\" style=\"flex-basis:25%\"><figure class=\"wp-block-image size-large is-resized\"><img loading=\"lazy\" decoding=\"async\" width=\"1024\" height=\"1017\" src=\"https:\/\/kawka-art.pl\/wp-content\/uploads\/2024\/09\/Screenshot_20241003_170432_Instagram-1024x1017.jpg\" alt=\"\" class=\"wp-image-296\" style=\"aspect-ratio:1;object-fit:cover\" srcset=\"https:\/\/kawka-art.pl\/wp-content\/uploads\/2024\/09\/Screenshot_20241003_170432_Instagram-1024x1017.jpg 1024w, https:\/\/kawka-art.pl\/wp-content\/uploads\/2024\/09\/Screenshot_20241003_170432_Instagram-100x100.jpg 100w, https:\/\/kawka-art.pl\/wp-content\/uploads\/2024\/09\/Screenshot_20241003_170432_Instagram-600x596.jpg 600w, https:\/\/kawka-art.pl\/wp-content\/uploads\/2024\/09\/Screenshot_20241003_170432_Instagram-300x298.jpg 300w, https:\/\/kawka-art.pl\/wp-content\/uploads\/2024\/09\/Screenshot_20241003_170432_Instagram-150x150.jpg 150w, https:\/\/kawka-art.pl\/wp-content\/uploads\/2024\/09\/Screenshot_20241003_170432_Instagram-768x763.jpg 768w, https:\/\/kawka-art.pl\/wp-content\/uploads\/2024\/09\/Screenshot_20241003_170432_Instagram.jpg 1080w\" sizes=\"auto, (max-width: 1024px) 100vw, 1024px\" \/><\/figure><\/div>\n\n<div class=\"wp-block-column is-layout-flow wp-block-column-is-layout-flow\" style=\"flex-basis:25%\"><figure class=\"wp-block-image size-large is-resized\"><img loading=\"lazy\" decoding=\"async\" width=\"768\" height=\"1024\" src=\"https:\/\/kawka-art.pl\/wp-content\/uploads\/2024\/09\/20240628_155431-768x1024.jpg\" alt=\"\" class=\"wp-image-185\" style=\"aspect-ratio:1;object-fit:cover\" srcset=\"https:\/\/kawka-art.pl\/wp-content\/uploads\/2024\/09\/20240628_155431-768x1024.jpg 768w, https:\/\/kawka-art.pl\/wp-content\/uploads\/2024\/09\/20240628_155431-scaled-1500x2000.jpg 1500w, https:\/\/kawka-art.pl\/wp-content\/uploads\/2024\/09\/20240628_155431-225x300.jpg 225w, https:\/\/kawka-art.pl\/wp-content\/uploads\/2024\/09\/20240628_155431-1152x1536.jpg 1152w, https:\/\/kawka-art.pl\/wp-content\/uploads\/2024\/09\/20240628_155431-1536x2048.jpg 1536w, https:\/\/kawka-art.pl\/wp-content\/uploads\/2024\/09\/20240628_155431-scaled.jpg 1920w\" sizes=\"auto, (max-width: 768px) 100vw, 768px\" \/><\/figure><\/div>\n\n<div class=\"wp-block-column is-layout-flow wp-block-column-is-layout-flow\" style=\"flex-basis:25%\"><figure class=\"wp-block-image size-large is-resized\"><img loading=\"lazy\" decoding=\"async\" width=\"1004\" height=\"1024\" src=\"https:\/\/kawka-art.pl\/wp-content\/uploads\/2024\/10\/Screenshot_20241007_210643_Instagram-1004x1024.jpg\" alt=\"\" class=\"wp-image-312\" style=\"aspect-ratio:1;object-fit:cover\" srcset=\"https:\/\/kawka-art.pl\/wp-content\/uploads\/2024\/10\/Screenshot_20241007_210643_Instagram-1004x1024.jpg 1004w, https:\/\/kawka-art.pl\/wp-content\/uploads\/2024\/10\/Screenshot_20241007_210643_Instagram-600x612.jpg 600w, https:\/\/kawka-art.pl\/wp-content\/uploads\/2024\/10\/Screenshot_20241007_210643_Instagram-294x300.jpg 294w, https:\/\/kawka-art.pl\/wp-content\/uploads\/2024\/10\/Screenshot_20241007_210643_Instagram-768x784.jpg 768w, https:\/\/kawka-art.pl\/wp-content\/uploads\/2024\/10\/Screenshot_20241007_210643_Instagram.jpg 1080w\" sizes=\"auto, (max-width: 1004px) 100vw, 1004px\" \/><\/figure><\/div>\n\n<div class=\"wp-block-column is-layout-flow wp-block-column-is-layout-flow\" style=\"flex-basis:25%\"><figure class=\"wp-block-image size-large is-resized\"><img loading=\"lazy\" decoding=\"async\" width=\"729\" height=\"1024\" src=\"https:\/\/kawka-art.pl\/wp-content\/uploads\/2024\/10\/Screenshot_20241007_210624_Instagram-729x1024.jpg\" alt=\"\" class=\"wp-image-313\" style=\"aspect-ratio:1;object-fit:cover\" srcset=\"https:\/\/kawka-art.pl\/wp-content\/uploads\/2024\/10\/Screenshot_20241007_210624_Instagram-729x1024.jpg 729w, https:\/\/kawka-art.pl\/wp-content\/uploads\/2024\/10\/Screenshot_20241007_210624_Instagram-600x843.jpg 600w, https:\/\/kawka-art.pl\/wp-content\/uploads\/2024\/10\/Screenshot_20241007_210624_Instagram-214x300.jpg 214w, https:\/\/kawka-art.pl\/wp-content\/uploads\/2024\/10\/Screenshot_20241007_210624_Instagram-768x1079.jpg 768w, https:\/\/kawka-art.pl\/wp-content\/uploads\/2024\/10\/Screenshot_20241007_210624_Instagram.jpg 1047w\" sizes=\"auto, (max-width: 729px) 100vw, 729px\" \/><\/figure><\/div><\/div>\n\n<div style=\"height:0px\" aria-hidden=\"true\" class=\"wp-block-spacer\"><\/div><\/div><\/div>","protected":false},"excerpt":{"rendered":"<p>O mnie Nazywam si\u0119 Angelika Kawka. Ju\u017c prawie dekad\u0119 pasjonuje mnie malarstwo. Specjalizuj\u0119 si\u0119 w delikatnych, teksturalnych kompozycjach, kt\u00f3re czerpi\u0105 inspiracj\u0119 z natury i abstrakcyjnych form. Moje obrazy to harmonijne po\u0142\u0105czenie subtelnych odcieni r\u00f3\u017cu, be\u017cu, kremu i ciep\u0142ych ton\u00f3w, kt\u00f3re wprowadzaj\u0105 spok\u00f3j i elegancj\u0119 do ka\u017cdej przestrzeni. Faktura odgrywa w mojej tw\u00f3rczo\u015bci kluczow\u0105 rol\u0119 \u2013&#8230;<\/p>\n","protected":false},"author":1,"featured_media":0,"parent":0,"menu_order":0,"comment_status":"closed","ping_status":"closed","template":"","meta":{"_monsterinsights_skip_tracking":false,"_monsterinsights_sitenote_active":false,"_monsterinsights_sitenote_note":"","_monsterinsights_sitenote_category":0,"footnotes":""},"class_list":["post-204","page","type-page","status-publish","hentry"],"jetpack_sharing_enabled":true,"_links":{"self":[{"href":"https:\/\/kawka-art.pl\/index.php?rest_route=\/wp\/v2\/pages\/204","targetHints":{"allow":["GET"]}}],"collection":[{"href":"https:\/\/kawka-art.pl\/index.php?rest_route=\/wp\/v2\/pages"}],"about":[{"href":"https:\/\/kawka-art.pl\/index.php?rest_route=\/wp\/v2\/types\/page"}],"author":[{"embeddable":true,"href":"https:\/\/kawka-art.pl\/index.php?rest_route=\/wp\/v2\/users\/1"}],"replies":[{"embeddable":true,"href":"https:\/\/kawka-art.pl\/index.php?rest_route=%2Fwp%2Fv2%2Fcomments&post=204"}],"version-history":[{"count":8,"href":"https:\/\/kawka-art.pl\/index.php?rest_route=\/wp\/v2\/pages\/204\/revisions"}],"predecessor-version":[{"id":853,"href":"https:\/\/kawka-art.pl\/index.php?rest_route=\/wp\/v2\/pages\/204\/revisions\/853"}],"wp:attachment":[{"href":"https:\/\/kawka-art.pl\/index.php?rest_route=%2Fwp%2Fv2%2Fmedia&parent=204"}],"curies":[{"name":"wp","href":"https:\/\/api.w.org\/{rel}","templated":true}]}}