{"id":243,"date":"2024-09-12T21:57:59","date_gmt":"2024-09-12T19:57:59","guid":{"rendered":"https:\/\/kawka-art.pl\/?page_id=243"},"modified":"2024-11-18T20:06:05","modified_gmt":"2024-11-18T19:06:05","slug":"regulamin-sklepu","status":"publish","type":"page","link":"https:\/\/kawka-art.pl\/?page_id=243","title":{"rendered":"Regulamin sklepu"},"content":{"rendered":"<p><\/p><p>REGULAMIN SKLEPU KAWKA-ART.PL<\/p><h1 class=\"wp-block-heading\"><strong>\u00a71<\/strong><\/h1><h1 class=\"wp-block-heading\"><strong>Postanowienia wst\u0119pne<\/strong><\/h1><ol class=\"wp-block-list\"><li>Sklep internetowy Kawka-Art.pl, dost\u0119pny pod adresem internetowym www.kawka-art.pl, prowadzony jest przez Angelik\u0119 Kawka, prowadz\u0105c\u0105 nierejestrowan\u0105 dzia\u0142alno\u015b\u0107 gospodarcz\u0105.<\/li>\n\n<li>Niniejszy regulamin skierowany jest do Konsument\u00f3w i okre\u015bla zasady i tryb zawierania z Konsumentem Umowy Sprzeda\u017cy na odleg\u0142o\u015b\u0107 za po\u015brednictwem Sklepu.<\/li><\/ol><h1 class=\"wp-block-heading\"><strong>\u00a72<\/strong><\/h1><h1 class=\"wp-block-heading\"><strong>Definicje<\/strong><\/h1><ol class=\"wp-block-list\"><li><strong>Konsument<\/strong> \u2013 osoba fizyczna zawieraj\u0105ca ze Sprzedawc\u0105 umow\u0119 w ramach Sklepu, kt\u00f3rej przedmiot nie jest zwi\u0105zany bezpo\u015brednio z jej dzia\u0142alno\u015bci\u0105 gospodarcz\u0105 lub zawodow\u0105.<\/li>\n\n<li><strong>Sprzedawca<\/strong> \u2013 osoba fizyczna prowadz\u0105ca nierejestrowan\u0105 dzia\u0142alno\u015b\u0107 pod firm\u0105 Kawka Art.<\/li>\n\n<li><strong>Klient<\/strong> \u2013 ka\u017cdy podmiot dokonuj\u0105cy zakup\u00f3w za po\u015brednictwem Sklepu.<\/li>\n\n<li><strong>Przedsi\u0119biorca<\/strong> \u2013 osoba fizyczna, osoba prawna i jednostka organizacyjna nieb\u0119d\u0105ca osob\u0105 prawn\u0105, kt\u00f3rej odr\u0119bna ustawa przyznaje zdolno\u015b\u0107 prawn\u0105, wykonuj\u0105ca we w\u0142asnym imieniu dzia\u0142alno\u015b\u0107 gospodarcz\u0105, kt\u00f3ra korzysta ze Sklepu.<\/li>\n\n<li><strong>Sklep<\/strong> \u2013 sklep internetowy prowadzony przez Sprzedawc\u0119 pod adresem internetowym kawka-art.pl<\/li>\n\n<li><strong>Umowa zawarta na odleg\u0142o\u015b\u0107<\/strong> \u2013 umowa zawarta z Klientem w ramach zorganizowanego systemu zawierania um\u00f3w na odleg\u0142o\u015b\u0107 (w ramach Sklepu), bez jednoczesnej fizycznej obecno\u015bci stron, z wy\u0142\u0105cznym wykorzystaniem jednego lub wi\u0119kszej liczby \u015brodk\u00f3w porozumiewania si\u0119 na odleg\u0142o\u015b\u0107 do chwili zawarcia umowy w\u0142\u0105cznie.<\/li>\n\n<li><strong>Regulamin<\/strong> \u2013 niniejszy regulamin Sklepu<\/li>\n\n<li><strong>Zam\u00f3wienie<\/strong> \u2013 o\u015bwiadczenie woli Klienta sk\u0142adane za pomoc\u0105 Formularza Zam\u00f3wienia i zmierzaj\u0105ce bezpo\u015brednio do zawarcia Umowy Sprzeda\u017cy Produktu lub Produkt\u00f3w ze Sprzedawc\u0105.<\/li>\n\n<li><strong>Konto<\/strong> \u2013 konto klienta w Sklepie, s\u0105 w nim gromadzone s\u0105 dane podane przez Klienta oraz informacje o z\u0142o\u017conych przez niego Zam\u00f3wieniach w Sklepie.<\/li>\n\n<li><strong>Formularz rejestracji<\/strong> \u2013 formularz dost\u0119pny w Sklepie, umo\u017cliwiaj\u0105cy utworzenie Konta.<\/li>\n\n<li><strong>Formularz zam\u00f3wienia<\/strong> \u2013 interaktywny formularz dost\u0119pny w Sklepie umo\u017cliwiaj\u0105cy z\u0142o\u017cenie Zam\u00f3wienia, w szczeg\u00f3lno\u015bci poprzez dodanie Produkt\u00f3w do Koszyka oraz okre\u015blenie warunk\u00f3w Umowy Sprzeda\u017cy, w tym sposobu dostawy i p\u0142atno\u015bci.<\/li>\n\n<li><strong>Koszyk<\/strong> \u2013 element oprogramowania Sklepu, w kt\u00f3rym widoczne s\u0105 wybrane przez Klienta Produkty do zakupu, a tak\u017ce istnieje mo\u017cliwo\u015b\u0107 ustalenia i modyfikacji danych Zam\u00f3wienia, w szczeg\u00f3lno\u015bci ilo\u015bci produkt\u00f3w.<\/li>\n\n<li><strong>Produkt<\/strong> \u2013 dost\u0119pna w Sklepie rzecz ruchoma\/us\u0142uga b\u0119d\u0105ca przedmiotem Umowy Sprzeda\u017cy mi\u0119dzy Klientem a Sprzedawc\u0105.<\/li>\n\n<li><strong>Umowa Sprzeda\u017cy<\/strong> \u2013 umowa sprzeda\u017cy Produktu zawierana albo zawarta mi\u0119dzy Klientem a Sprzedawc\u0105 za po\u015brednictwem Sklepu internetowego. Przez Umow\u0119 Sprzeda\u017cy rozumie si\u0119 te\u017c \u2013 stosowanie do cech Produktu \u2013 umow\u0119 o \u015bwiadczenie us\u0142ug i umow\u0119 o dzie\u0142o.<\/li><\/ol><h1 class=\"wp-block-heading\"><strong>\u00a73<\/strong><\/h1><h1 class=\"wp-block-heading\"><strong>Kontakt ze Sklepem<\/strong><\/h1><ol class=\"wp-block-list\"><li><strong>Adres Sprzedawcy:<\/strong> ul. Bojarskiego 7, 41-503 Chorz\u00f3w <strong>Adres e-mail Sprzedawcy:<\/strong> sklep@kawka-art.pl<\/li>\n\n<li><strong>Numer telefonu<\/strong> Sprzedawcy: 573391210<\/li>\n\n<li><strong>Numer rachunku bankowego<\/strong> <strong>Sprzedawcy<\/strong> 66 1050 1214 1000 0092 5986 0741<\/li>\n\n<li>Klient mo\u017ce porozumiewa\u0107 si\u0119 ze Sprzedawc\u0105 za pomoc\u0105 adres\u00f3w i numer\u00f3w telefon\u00f3w podanych w niniejszym paragrafie.<\/li>\n\n<li>Klient mo\u017ce porozumie\u0107 si\u0119 telefonicznie ze Sprzedawc\u0105 w godzinach <strong>10:00- 17:00<\/strong>, w dni robocze<\/li><\/ol><h1 class=\"wp-block-heading\"><strong>\u00a74<\/strong><\/h1><h1 class=\"wp-block-heading\"><strong>Wymagania techniczne<\/strong><\/h1><p>Do korzystania ze Sklepu, w tym przegl\u0105dania asortymentu Sklepu oraz sk\u0142adania zam\u00f3wie\u0144 na Produkty, niezb\u0119dne s\u0105:<\/p><ul class=\"wp-block-list\"><li>urz\u0105dzenie ko\u0144cowe z dost\u0119pem do sieci Internet i przegl\u0105darka internetowa,<\/li>\n\n<li>aktywne konto poczty elektronicznej (e-mail),<\/li>\n\n<li>w\u0142\u0105czona obs\u0142uga plik\u00f3w cookies,<\/li>\n\n<li>zainstalowany program FlashPlayer.<\/li><\/ul><h1 class=\"wp-block-heading\"><strong>\u00a75<\/strong><\/h1><h1 class=\"wp-block-heading\"><strong>Informacje og\u00f3lne<\/strong><\/h1><ol class=\"wp-block-list\"><li>Sprzedawca w najszerszym dopuszczalnym przez prawo zakresie nie ponosi odpowiedzialno\u015bci za zak\u0142\u00f3cenia w tym przerwy w funkcjonowaniu Sklepu spowodowane si\u0142\u0105 wy\u017csz\u0105, niedozwolonym dzia\u0142aniem os\u00f3b trzecich lub niekompatybilno\u015bci\u0105 Sklepu internetowego z infrastruktur\u0105 techniczn\u0105 Klienta.<\/li>\n\n<li>Przegl\u0105danie asortymentu Sklepu nie wymaga zak\u0142adania Konta. Sk\u0142adanie zam\u00f3wie\u0144 przez Klienta na Produkty znajduj\u0105ce si\u0119 w asortymencie Sklepu mo\u017cliwe jest albo po za\u0142o\u017ceniu Konta zgodnie z postanowieniami \u00a7 6 Regulaminu albo przez podanie niezb\u0119dnych danych osobowych i adresowych umo\u017cliwiaj\u0105cych realizacj\u0119 Zam\u00f3wienia bez zak\u0142adania Konta.<\/li>\n\n<li>Ceny podane w Sklepie s\u0105 podane w polskich z\u0142otych i s\u0105 cenami brutto (uwzgl\u0119dniaj\u0105 podatek VAT).<\/li>\n\n<li>Na ko\u0144cow\u0105 (ostateczn\u0105) kwot\u0119 do zap\u0142aty przez Klienta sk\u0142ada si\u0119 cena za Produkt oraz koszt dostawy (w tym op\u0142aty za transport, dostarczenie i us\u0142ugi pocztowe), o kt\u00f3rej Klient jest informowany na stronach Sklepu w trakcie sk\u0142adania Zam\u00f3wienia, w tym tak\u017ce w chwili wyra\u017cenia woli zwi\u0105zania si\u0119 Umow\u0105 Sprzeda\u017cy.<\/li>\n\n<li>W przypadku Umowy obejmuj\u0105cej prenumerat\u0119 lub \u015bwiadczenie us\u0142ug na czas nieoznaczony ko\u0144cow\u0105 (ostateczn\u0105) cen\u0105 jest \u0142\u0105czna cena obejmuj\u0105ca wszystkie p\u0142atno\u015bci za okres rozliczeniowy.<\/li>\n\n<li>Gdy charakter przedmiotu Umowy nie pozwala, rozs\u0105dnie oceniaj\u0105c, na wcze\u015bniejsze obliczenie wysoko\u015bci ko\u0144cowej (ostatecznej) ceny, informacja o sposobie, w jaki cena b\u0119dzie obliczana, a tak\u017ce o op\u0142atach za transport, dostarczenie, us\u0142ugi pocztowe oraz o innych kosztach, b\u0119dzie podana w Sklepie w opisie Produktu.<\/li><\/ol><h1 class=\"wp-block-heading\"><strong>\u00a76<\/strong><\/h1><h1 class=\"wp-block-heading\"><strong>Ochrona danych osobowych klient\u00f3w<\/strong><\/h1><p>Szczeg\u00f3\u0142y bezpiecze\u0144stwa danych osobowych okre\u015bla polityka prywatno\u015bci w zak\u0142adce Polityka Prywatno\u015bci.<\/p><h1 class=\"wp-block-heading\"><strong>\u00a77<\/strong><\/h1><h1 class=\"wp-block-heading\"><strong>Zasady sk\u0142adania Zam\u00f3wienia<\/strong><\/h1><p>W celu z\u0142o\u017cenia Zam\u00f3wienia nale\u017cy:<\/p><ol class=\"wp-block-list\"><li>zalogowa\u0107 si\u0119 do Sklepu (opcjonalnie);<\/li>\n\n<li>wybra\u0107 Produkt b\u0119d\u0105cy przedmiotem Zam\u00f3wienia, a nast\u0119pnie klikn\u0105\u0107 przycisk \u201eDo koszyka\u201d (lub r\u00f3wnoznaczny);<\/li>\n\n<li>zalogowa\u0107 si\u0119 lub skorzysta\u0107 z mo\u017cliwo\u015bci z\u0142o\u017cenia Zam\u00f3wienia bez rejestracji;<\/li>\n\n<li>je\u017celi wybrano mo\u017cliwo\u015b\u0107 z\u0142o\u017cenia Zam\u00f3wienia bez rejestracji \u2013 wype\u0142ni\u0107 Formularz zam\u00f3wienia poprzez wpisanie danych odbiorcy Zam\u00f3wienia oraz adresu, na kt\u00f3ry ma nast\u0105pi\u0107 dostawa Produktu, wybra\u0107 rodzaj przesy\u0142ki (spos\u00f3b dostarczenia Produktu), wpisa\u0107 dane do faktury, je\u015bli s\u0105 inne ni\u017c dane odbiorcy Zam\u00f3wienia,<\/li>\n\n<li>klikn\u0105\u0107 przycisk \u201cZamawiam i p\u0142ac\u0119\u201d\/klikn\u0105\u0107 przycisk \u201cZamawiam i p\u0142ac\u0119\u201d<\/li>\n\n<li>wybra\u0107 jeden z dost\u0119pnych sposob\u00f3w p\u0142atno\u015bci i w zale\u017cno\u015bci od sposobu p\u0142atno\u015bci, op\u0142aci\u0107 zam\u00f3wienie w okre\u015blonym terminie, z zastrze\u017ceniem \u00a7 8 pkt 3.<\/li><\/ol><h1 class=\"wp-block-heading\"><strong>\u00a78<\/strong><\/h1><h1 class=\"wp-block-heading\"><strong>Oferowane metody dostawy oraz p\u0142atno\u015bci<\/strong><\/h1><p>1. Klient mo\u017ce skorzysta\u0107 z nast\u0119puj\u0105cych metod dostawy lub odbioru zam\u00f3wionego Produktu:<\/p><p>a) <strong>Przesy\u0142ka kurierska<\/strong><\/p><p>2. Klient mo\u017ce skorzysta\u0107 z nast\u0119puj\u0105cych metod p\u0142atno\u015bci:<\/p><p>a) <strong>P\u0142atno\u015b\u0107 przelewem<\/strong> na konto Sprzedawcy<\/p><h1 class=\"wp-block-heading\"><strong>\u00a79<\/strong><\/h1><h1 class=\"wp-block-heading\"><strong>Wykonanie umowy sprzeda\u017cy<\/strong><\/h1><ol class=\"wp-block-list\"><li>Zawarcie Umowy Sprzeda\u017cy mi\u0119dzy Klientem a Sprzedawc\u0105 nast\u0119puje po uprzednim z\u0142o\u017ceniu przez Klienta Zam\u00f3wienia za pomoc\u0105 Formularza zam\u00f3wienia w Sklepie internetowym zgodnie z \u00a7 7 Regulaminu.<\/li>\n\n<li>Po z\u0142o\u017ceniu Zam\u00f3wienia Sprzedawca niezw\u0142ocznie potwierdza jego otrzymanie oraz jednocze\u015bnie przyjmuje Zam\u00f3wienie do realizacji. Potwierdzenie otrzymania Zam\u00f3wienia i jego przyj\u0119cie do realizacji nast\u0119puje poprzez przes\u0142anie przez Sprzedawc\u0119 Klientowi stosownej wiadomo\u015bci e-mail na podany w trakcie sk\u0142adania Zam\u00f3wienia adres poczty elektronicznej Klienta, kt\u00f3ra zawiera co najmniej o\u015bwiadczenia Sprzedawcy o otrzymaniu Zam\u00f3wienia i o jego przyj\u0119ciu do realizacji oraz potwierdzenie zawarcia Umowy Sprzeda\u017cy. Z chwil\u0105 otrzymania przez Klienta powy\u017cszej wiadomo\u015bci e-mail zostaje zawarta Umowa Sprzeda\u017cy mi\u0119dzy Klientem a Sprzedawc\u0105.<\/li>\n\n<li>W przypadku wyboru przez Klienta:<br><strong>a)<\/strong> p\u0142atno\u015bci przelewem, Klient obowi\u0105zany jest do dokonania p\u0142atno\u015bci w terminie 2 dni kalendarzowych od dnia zawarcia Umowy Sprzeda\u017cy \u2013 w przeciwnym razie zam\u00f3wienie zostanie anulowane.<\/li>\n\n<li>Produkt zostanie wys\u0142any przez Sprzedawc\u0119 w terminie wskazanym w jego opisie (z zastrze\u017ceniem ust\u0119pu 5 niniejszego paragrafu), w spos\u00f3b wybrany przez Klienta podczas sk\u0142adania Zam\u00f3wienia.<\/li>\n\n<li>W przypadku zam\u00f3wienia Produkt\u00f3w o r\u00f3\u017cnych terminach dostawy, terminem dostawy jest najd\u0142u\u017cszy podany termin.&nbsp;<\/li>\n\n<li>Pocz\u0105tek biegu terminu dostawy Produktu do Klienta liczy si\u0119 w nast\u0119puj\u0105cy spos\u00f3b:<br><strong>a)<\/strong> W przypadku wyboru przez Klienta sposobu p\u0142atno\u015bci przelewem &#8211; od dnia uznania rachunku bankowego Sprzedawcy.<\/li>\n\n<li>W przypadku wyboru przez Klienta odbioru osobistego Produktu, Produkt b\u0119dzie gotowy do odbioru przez Klienta w terminie wskazanym w opisie Produktu. O gotowo\u015bci Produktu do odbioru Klient zostanie dodatkowo poinformowany przez Sprzedawc\u0119 poprzez przes\u0142anie stosownej wiadomo\u015bci e-mail na podany w trakcie sk\u0142adania Zam\u00f3wienia adres poczty elektronicznej Klienta.<\/li>\n\n<li>W przypadku zam\u00f3wienia Produkt\u00f3w o r\u00f3\u017cnych terminach gotowo\u015bci do odbioru,terminem gotowo\u015bci do odbioru jest najd\u0142u\u017cszy podany termin.<\/li>\n\n<li>Dostawa Produktu odbywa si\u0119 wy\u0142\u0105cznie na terenie Polski.<\/li><\/ol><h1 class=\"wp-block-heading\"><strong>\u00a710<\/strong><\/h1><h1 class=\"wp-block-heading\"><strong>Prawo odst\u0105pienia od umowy<\/strong><\/h1><ol class=\"wp-block-list\"><li>Konsument mo\u017ce w terminie 14 dni odst\u0105pi\u0107 od Umowy Sprzeda\u017cy bez podania jakiejkolwiek przyczyny.<\/li>\n\n<li>Bieg terminu okre\u015blonego w ust. 1 rozpoczyna si\u0119 od dostarczenia Produktu Konsumentowi lub wskazanej przez niego osobie innej ni\u017c przewo\u017anik.<\/li>\n\n<li>W przypadku Umowy, kt\u00f3ra obejmuje wiele Produkt\u00f3w, kt\u00f3re s\u0105 dostarczane osobno, partiami lub w cz\u0119\u015bciach, termin wskazany w ust. 1 biegnie od dostawy ostatniej rzeczy, partii lub cz\u0119\u015bci.<\/li>\n\n<li>W przypadku Umowy, kt\u00f3ra polega na regularnym dostarczaniu Produkt\u00f3w przez czas oznaczony (prenumerata), termin wskazany w ust. 1 biegnie od obj\u0119cia w posiadanie pierwszej z rzeczy.<\/li>\n\n<li>Konsument mo\u017ce odst\u0105pi\u0107 od Umowy, sk\u0142adaj\u0105c Sprzedawcy o\u015bwiadczenie o odst\u0105pieniu od Umowy. Do zachowania terminu odst\u0105pienia od Umowy wystarczy wys\u0142anie przez Konsumenta o\u015bwiadczenia przed up\u0142ywem tego terminu.<\/li>\n\n<li>O\u015bwiadczenie mo\u017ce by\u0107 wys\u0142ane za pomoc\u0105 tradycyjnej poczty b\u0105d\u017a drog\u0105 elektroniczn\u0105 poprzez przes\u0142anie o\u015bwiadczenia na adres e-mail Sprzedawcy lub przez z\u0142o\u017cenie o\u015bwiadczenia na stronie internetowej Sprzedawcy \u2013 dane kontaktowe Sprzedawcy zosta\u0142y okre\u015blone w \u00a7 3. <\/li>\n\n<li>Skutki odst\u0105pienia od Umowy:<br>a) W przypadku odst\u0105pienia od Umowy zawartej na odleg\u0142o\u015b\u0107 Umow\u0119 uwa\u017ca si\u0119 za niezawart\u0105.<br>b) W przypadku odst\u0105pienia od Umowy Sprzedawca zwraca Konsumentowi niezw\u0142ocznie, nie p\u00f3\u017aniej ni\u017c w terminie 14 dni od dnia otrzymania o\u015bwiadczenia Konsumenta o odst\u0105pieniu od Umowy, wszystkie dokonane przez niego p\u0142atno\u015bci, za wyj\u0105tkiem koszt\u00f3w dostarczenia Produkt\u00f3w<br>c) Zwrotu p\u0142atno\u015bci Sprzedawca dokona przy u\u017cyciu takich samych metod p\u0142atno\u015bci, jakie zosta\u0142y przez Konsumenta u\u017cyte w pierwotnej transakcji, chyba \u017ce Konsument wyra\u017anie zgodzi\u0142 si\u0119 na inne rozwi\u0105zanie, kt\u00f3re nie b\u0119dzie si\u0119 wi\u0105za\u0142o dla niego z \u017cadnymi kosztami.<br>d) Sprzedawca mo\u017ce wstrzyma\u0107 si\u0119 ze zwrotem p\u0142atno\u015bci do czasu otrzymania Produktu z powrotem lub do czasu dostarczenia mu dowodu jego odes\u0142ania, w zale\u017cno\u015bci od tego, kt\u00f3re zdarzenie nast\u0105pi wcze\u015bniej.<br>e) Konsument powinien odes\u0142a\u0107 Produkt na adres Sprzedawcy podany w niniejszym Regulaminie niezw\u0142ocznie, nie p\u00f3\u017aniej ni\u017c 14 dni od dnia, w kt\u00f3rym poinformowa\u0142 Sprzedawc\u0119 o odst\u0105pieniu od Umowy. Termin zostanie zachowany, je\u015bli Konsument ode\u015ble Produkt przed up\u0142ywem terminu 14 dni.<br>f) Konsument ponosi bezpo\u015brednie koszty zwrotu Produktu<br>g) Konsument odpowiada tylko za zmniejszenie warto\u015bci Produktu wynikaj\u0105ce z korzystania z niego w spos\u00f3b inny ni\u017c by\u0142o to konieczne do stwierdzenia charakteru, cech i funkcjonowania Produktu.<\/li>\n\n<li>W przypadku gdy ze wzgl\u0119du na charakter Produktu nie mo\u017ce on zosta\u0107 odes\u0142any w zwyk\u0142ym trybie poczt\u0105, informacja o tym, a tak\u017ce o kosztach zwrotu Produktu, b\u0119dzie si\u0119 znajdowa\u0107 w opisie Produktu w Sklepie.<\/li>\n\n<li>Prawo do odst\u0105pienia od umowy zawartej na odleg\u0142o\u015b\u0107 nie przys\u0142uguje Konsumentowi w odniesieniu do Umowy:<br>a) w kt\u00f3rej przedmiotem \u015bwiadczenia jest rzecz nieprefabrykowana, wyprodukowana wed\u0142ug specyfikacji Konsumenta lub s\u0142u\u017c\u0105ca zaspokojeniu jego zindywidualizowanych potrzeb,<br>b) o \u015bwiadczenie us\u0142ug, je\u017celi Sprzedawca wykona\u0142 w pe\u0142ni us\u0142ug\u0119 za wyra\u017an\u0105 zgod\u0105 Konsumenta, kt\u00f3ry zosta\u0142 poinformowany przez rozpocz\u0119ciem \u015bwiadczenia, \u017ce po spe\u0142nieniu \u015bwiadczenia przez Sprzedawc\u0119 utraci prawo odst\u0105pienia od Umowy,<\/li><\/ol><h1 class=\"wp-block-heading\"><strong>\u00a711<\/strong><\/h1><h1 class=\"wp-block-heading\"><strong>Prawo odst\u0105pienia od umowy<\/strong> &#8211; Wady<\/h1><ol class=\"wp-block-list\"><li>Umow\u0105 Sprzeda\u017cy obj\u0119te s\u0105 nowe Produkty.<\/li>\n\n<li>W przypadku wyst\u0105pienia wady zakupionego u Sprzedawcy towaru Klient ma prawo do reklamacji w oparciu o przepisy dotycz\u0105ce r\u0119kojmi w kodeksie cywilnym.<\/li>\n\n<li>Reklamacj\u0119 nale\u017cy zg\u0142osi\u0107 pisemnie lub drog\u0105 elektroniczn\u0105 na podane w niniejszym Regulaminie adresy Sprzedawcy.<\/li>\n\n<li>Sprzedawca ustosunkuje si\u0119 do \u017c\u0105dania reklamacyjnego niezw\u0142ocznie, nie p\u00f3\u017aniej ni\u017c w terminie 14 dni, a je\u015bli nie zrobi tego w tym terminie, uwa\u017ca si\u0119, \u017ce \u017c\u0105danie Klienta uzna\u0142 za uzasadnione.<\/li>\n\n<li>Towary odsy\u0142ane w ramach procedury reklamacyjnej nale\u017cy wysy\u0142a\u0107 na adres podany w \u00a7 3 niniejszego Regulaminu.<\/li>\n\n<li>W przypadku, gdy na Produkt zosta\u0142a udzielona gwarancja, informacja o niej, a tak\u017ce jej tre\u015b\u0107, b\u0119d\u0105 zawarte przy opisie Produktu w Sklepie.<\/li><\/ol><h1 class=\"wp-block-heading\"><strong>\u00a712<\/strong><\/h1><h1 class=\"wp-block-heading\"><strong>Pozas\u0105dowe sposoby rozpatrywania reklamacji i dochodzenia roszcze\u0144<\/strong><\/h1><ol class=\"wp-block-list\"><li>Szczeg\u00f3\u0142owe informacje dotycz\u0105ce mo\u017cliwo\u015bci skorzystania przez Konsumenta z pozas\u0105dowych sposob\u00f3w rozpatrywania reklamacji i dochodzenia roszcze\u0144 oraz zasady dost\u0119pu do tych procedur dost\u0119pne s\u0105 w siedzibach oraz na stronach internetowych powiatowych (miejskich) rzecznik\u00f3w konsument\u00f3w, organizacji spo\u0142ecznych, do kt\u00f3rych zada\u0144 statutowych nale\u017cy ochrona konsument\u00f3w, Wojew\u00f3dzkich Inspektorat\u00f3w Inspekcji Handlowej oraz pod nast\u0119puj\u0105cymi adresami internetowymi Urz\u0119du Ochrony Konkurencji i Konsument\u00f3w:<\/li><\/ol><p><strong>http:\/\/www.uokik.gov.pl\/spory_konsumenckie.php;<\/strong><\/p><p><a href=\"http:\/\/www.uokik.gov.pl\/sprawy_indywidualne.php\"><strong>http:\/\/www.uokik.gov.pl\/sprawy_indywidualne.php<\/strong><\/a> oraz<\/p><p><a href=\"http:\/\/www.uokik.gov.pl\/wazne_adresy.php\"><strong>http:\/\/www.uokik.gov.pl\/wazne_adresy.php<\/strong><\/a><\/p><p>2. Konsument posiada nast\u0119puj\u0105ce przyk\u0142adowe mo\u017cliwo\u015bci skorzystania z pozas\u0105dowych sposob\u00f3w rozpatrywania reklamacji i dochodzenia roszcze\u0144:<br>a) Konsument uprawniony jest do zwr\u00f3cenia si\u0119 do sta\u0142ego polubownego s\u0105du konsumenckiego, o kt\u00f3rym mowa w art. 37 ustawy z dnia 15 grudnia 2000 r. o Inspekcji Handlowej (Dz.U. z 2014 r. poz. 148 z p\u00f3\u017an. zm.), z wnioskiem o rozstrzygni\u0119cie sporu wynik\u0142ego z Umowy zawartej ze Sprzedawc\u0105<br>b) Konsument uprawniony jest do zwr\u00f3cenia si\u0119 do wojew\u00f3dzkiego inspektora Inspekcji Handlowej, zgodnie z art. 36 ustawy z dnia 15 grudnia 2000 r. o Inspekcji Handlowej (Dz.U. z 2014 r. poz. 148 z p\u00f3\u017an. zm.), z wnioskiem o wszcz\u0119cie post\u0119powania mediacyjnego w sprawie polubownego zako\u0144czenia sporu mi\u0119dzy Konsumentem a Sprzedawc\u0105.<br>c) Konsument mo\u017ce uzyska\u0107 bezp\u0142atn\u0105 pomoc w sprawie rozstrzygni\u0119cia sporu mi\u0119dzy nim a Sprzedawc\u0105, korzystaj\u0105c tak\u017ce z bezp\u0142atnej pomocy powiatowego (miejskiego) rzecznika konsument\u00f3w lub organizacji spo\u0142ecznej, do kt\u00f3rej zada\u0144 statutowych nale\u017cy ochrona konsument\u00f3w (m.in. Federacja Konsument\u00f3w, Stowarzyszenie Konsument\u00f3w Polskich).<\/p><h1 class=\"wp-block-heading\"><strong>\u00a713<\/strong><\/h1><h1 class=\"wp-block-heading\"><strong>Dane osobowe w Sklepie internetowym<\/strong><\/h1><ol class=\"wp-block-list\"><li>Administratorem danych osobowych Klient\u00f3w zbieranych za po\u015brednictwem Sklepu internetowego jest Sprzedawca.<\/li>\n\n<li>Dane osobowe Klient\u00f3w zbierane przez administratora za po\u015brednictwem Sklepu internetowego zbierane s\u0105 w celu realizacji Umowy Sprzeda\u017cy, a je\u017celi Klient wyrazi na to zgod\u0119 \u2013 tak\u017ce w celu marketingowym.<\/li>\n\n<li>Odbiorcami danych osobowych Klient\u00f3w Sklepu internetowego mog\u0105 by\u0107:<br>a) W przypadku Klienta, kt\u00f3ry korzysta w Sklepie internetowym ze sposobu dostawy przesy\u0142k\u0105 pocztow\u0105 lub przesy\u0142k\u0105 kuriersk\u0105, Administrator udost\u0119pnia zebrane dane osobowe Klienta wybranemu przewo\u017anikowi lub po\u015brednikowi realizuj\u0105cemu przesy\u0142ki na zlecenie Administratora.<br>b) W przypadku Klienta, kt\u00f3ry korzysta w Sklepie internetowym ze sposobu p\u0142atno\u015bci elektronicznych lub kart\u0105 p\u0142atnicz\u0105 Administrator udost\u0119pnia zebrane dane osobowe Klienta, wybranemu podmiotowi obs\u0142uguj\u0105cemu powy\u017csze p\u0142atno\u015bci w Sklepie internetowym.&nbsp;<\/li>\n\n<li>Klient ma prawo dost\u0119pu do tre\u015bci swoich danych oraz ich poprawiania.<\/li>\n\n<li>Podanie danych osobowych jest dobrowolne, aczkolwiek niepodanie wskazanych w Regulaminie danych osobowych niezb\u0119dnych do zawarcia Umowy Sprzeda\u017cy skutkuje brakiem mo\u017cliwo\u015bci zawarcia tej\u017ce umowy.<\/li><\/ol><h1 class=\"wp-block-heading\"><strong>\u00a714<\/strong><\/h1><h1 class=\"wp-block-heading\"><strong>Postanowienia ko\u0144cowe<\/strong><\/h1><ol class=\"wp-block-list\"><li>Umowy zawierane poprzez Sklep internetowy zawierane s\u0105 w j\u0119zyku polskim.<\/li>\n\n<li>Sprzedawca zastrzega sobie prawo do dokonywania zmian Regulaminu z wa\u017cnych przyczyn to jest: zmiany przepis\u00f3w prawa, zmiany sposob\u00f3w p\u0142atno\u015bci i dostaw \u2013 w zakresie, w jakim te zmiany wp\u0142ywaj\u0105 na realizacj\u0119 postanowie\u0144 niniejszego Regulaminu. O ka\u017cdej zmianie Sprzedawca poinformuje Klienta z co najmniej 7 dniowym wyprzedzeniem.<\/li>\n\n<li>W sprawach nieuregulowanych w niniejszym Regulaminie maj\u0105 zastosowanie powszechnie obowi\u0105zuj\u0105ce przepisy prawa polskiego, w szczeg\u00f3lno\u015bci: Kodeksu cywilnego; ustawy o \u015bwiadczeniu us\u0142ug drog\u0105 elektroniczn\u0105; ustawy o prawach konsumenta, ustawy o ochronie danych osobowych.<\/li>\n\n<li>Klient ma prawo skorzysta\u0107 z pozas\u0105dowych sposob\u00f3w rozpatrywania reklamacji i dochodzenia roszcze\u0144. W tym celu mo\u017ce z\u0142o\u017cy\u0107 skarg\u0119 za po\u015brednictwem unijnej platformy internetowej ODR dost\u0119pnej pod adresem: <a href=\"http:\/\/ec.europa.eu\/consumers\/odr\/\"><strong>http:\/\/ec.europa.eu\/consumers\/odr\/<\/strong><\/a>.<\/li><\/ol>","protected":false},"excerpt":{"rendered":"<p>REGULAMIN SKLEPU KAWKA-ART.PL \u00a71 Postanowienia wst\u0119pne \u00a72 Definicje \u00a73 Kontakt ze Sklepem \u00a74 Wymagania techniczne Do korzystania ze Sklepu, w tym przegl\u0105dania asortymentu Sklepu oraz sk\u0142adania zam\u00f3wie\u0144 na Produkty, niezb\u0119dne s\u0105: \u00a75 Informacje og\u00f3lne \u00a76 Ochrona danych osobowych klient\u00f3w Szczeg\u00f3\u0142y bezpiecze\u0144stwa danych osobowych okre\u015bla polityka prywatno\u015bci w zak\u0142adce Polityka Prywatno\u015bci. \u00a77 Zasady sk\u0142adania Zam\u00f3wienia W&#8230;<\/p>\n","protected":false},"author":1,"featured_media":0,"parent":0,"menu_order":0,"comment_status":"closed","ping_status":"closed","template":"","meta":{"_monsterinsights_skip_tracking":false,"_monsterinsights_sitenote_active":false,"_monsterinsights_sitenote_note":"","_monsterinsights_sitenote_category":0,"footnotes":""},"class_list":["post-243","page","type-page","status-publish","hentry"],"jetpack_sharing_enabled":true,"_links":{"self":[{"href":"https:\/\/kawka-art.pl\/index.php?rest_route=\/wp\/v2\/pages\/243","targetHints":{"allow":["GET"]}}],"collection":[{"href":"https:\/\/kawka-art.pl\/index.php?rest_route=\/wp\/v2\/pages"}],"about":[{"href":"https:\/\/kawka-art.pl\/index.php?rest_route=\/wp\/v2\/types\/page"}],"author":[{"embeddable":true,"href":"https:\/\/kawka-art.pl\/index.php?rest_route=\/wp\/v2\/users\/1"}],"replies":[{"embeddable":true,"href":"https:\/\/kawka-art.pl\/index.php?rest_route=%2Fwp%2Fv2%2Fcomments&post=243"}],"version-history":[{"count":3,"href":"https:\/\/kawka-art.pl\/index.php?rest_route=\/wp\/v2\/pages\/243\/revisions"}],"predecessor-version":[{"id":370,"href":"https:\/\/kawka-art.pl\/index.php?rest_route=\/wp\/v2\/pages\/243\/revisions\/370"}],"wp:attachment":[{"href":"https:\/\/kawka-art.pl\/index.php?rest_route=%2Fwp%2Fv2%2Fmedia&parent=243"}],"curies":[{"name":"wp","href":"https:\/\/api.w.org\/{rel}","templated":true}]}}