{"id":304,"date":"2024-10-03T17:33:40","date_gmt":"2024-10-03T15:33:40","guid":{"rendered":"https:\/\/kawka-art.pl\/?page_id=304"},"modified":"2025-02-06T10:22:48","modified_gmt":"2025-02-06T09:22:48","slug":"kontakt","status":"publish","type":"page","link":"https:\/\/kawka-art.pl\/?page_id=304","title":{"rendered":"Kontakt"},"content":{"rendered":"<p><\/p><p><\/p><p><\/p><h4 class=\"wp-block-heading has-text-align-center\">Je\u015bli masz pytania dotycz\u0105ce obraz\u00f3w, napisz do mnie &#8211; z przyjemno\u015bci\u0105 opowiem wi\u0119cej<\/h4><ul class=\"wp-block-list\"><li>Dob\u00f3r odpowiednego wymiaru obrazu <\/li>\n\n<li>Realizacja na zam\u00f3wienie z om\u00f3wieniem dedykowanej kolorystyki<\/li>\n\n<li>Pomoc w monta\u017cu<\/li>\n\n<li>Wysy\u0142ka zagraniczna<\/li>\n\n<li>Specjalne dedykacje<\/li>\n\n<li>Personalizacja gotowych obraz\u00f3w<\/li>\n\n<li>PRESS &amp; MEDIA &#8211; Je\u015bli podobaj\u0105 Ci si\u0119 moje obrazy i chcia\u0142by\u015b zaprosi\u0107 mnie do wsp\u00f3\u0142pracy, wywiadu lub wernisa\u017cu<\/li><\/ul><p class=\"has-text-align-center\"><a href=\"mailto:biuro@kasiaekes.pl\">sklep@kawka-art.pl<\/a><\/p><p class=\"has-text-align-center\"><\/p>","protected":false},"excerpt":{"rendered":"<p>Je\u015bli masz pytania dotycz\u0105ce obraz\u00f3w, napisz do mnie &#8211; z przyjemno\u015bci\u0105 opowiem wi\u0119cej sklep@kawka-art.pl<\/p>\n","protected":false},"author":1,"featured_media":0,"parent":0,"menu_order":0,"comment_status":"closed","ping_status":"closed","template":"","meta":{"_monsterinsights_skip_tracking":false,"_monsterinsights_sitenote_active":false,"_monsterinsights_sitenote_note":"","_monsterinsights_sitenote_category":0,"footnotes":""},"class_list":["post-304","page","type-page","status-publish","hentry"],"jetpack_sharing_enabled":true,"_links":{"self":[{"href":"https:\/\/kawka-art.pl\/index.php?rest_route=\/wp\/v2\/pages\/304","targetHints":{"allow":["GET"]}}],"collection":[{"href":"https:\/\/kawka-art.pl\/index.php?rest_route=\/wp\/v2\/pages"}],"about":[{"href":"https:\/\/kawka-art.pl\/index.php?rest_route=\/wp\/v2\/types\/page"}],"author":[{"embeddable":true,"href":"https:\/\/kawka-art.pl\/index.php?rest_route=\/wp\/v2\/users\/1"}],"replies":[{"embeddable":true,"href":"https:\/\/kawka-art.pl\/index.php?rest_route=%2Fwp%2Fv2%2Fcomments&post=304"}],"version-history":[{"count":6,"href":"https:\/\/kawka-art.pl\/index.php?rest_route=\/wp\/v2\/pages\/304\/revisions"}],"predecessor-version":[{"id":480,"href":"https:\/\/kawka-art.pl\/index.php?rest_route=\/wp\/v2\/pages\/304\/revisions\/480"}],"wp:attachment":[{"href":"https:\/\/kawka-art.pl\/index.php?rest_route=%2Fwp%2Fv2%2Fmedia&parent=304"}],"curies":[{"name":"wp","href":"https:\/\/api.w.org\/{rel}","templated":true}]}}