{"id":957,"date":"2026-03-07T20:22:20","date_gmt":"2026-03-07T19:22:20","guid":{"rendered":"https:\/\/kawka-art.pl\/?page_id=957"},"modified":"2026-03-07T20:27:10","modified_gmt":"2026-03-07T19:27:10","slug":"newsletter","status":"publish","type":"page","link":"https:\/\/kawka-art.pl\/?page_id=957","title":{"rendered":"Newsletter"},"content":{"rendered":"<p>Zostaw poni\u017cej sw\u00f3j email a b\u0119dziesz otrzymywa\u0107 informacje o nowo\u015bciach i wydarzeniach. \ud83d\ude42<\/p><div class=\"wp-block-jetpack-contact-form\"><a href=\"https:\/\/kawka-art.pl\/?page_id=957\" target=\"_blank\" rel=\"noopener noreferrer\">Submit a form.<\/a><\/div>","protected":false},"excerpt":{"rendered":"<p>Zostaw poni\u017cej sw\u00f3j email a b\u0119dziesz otrzymywa\u0107 informacje o nowo\u015bciach i wydarzeniach. \ud83d\ude42<\/p>\n","protected":false},"author":1,"featured_media":0,"parent":0,"menu_order":0,"comment_status":"closed","ping_status":"closed","template":"","meta":{"_monsterinsights_skip_tracking":false,"_monsterinsights_sitenote_active":false,"_monsterinsights_sitenote_note":"","_monsterinsights_sitenote_category":0,"footnotes":""},"class_list":["post-957","page","type-page","status-publish","hentry"],"jetpack_sharing_enabled":true,"_links":{"self":[{"href":"https:\/\/kawka-art.pl\/index.php?rest_route=\/wp\/v2\/pages\/957","targetHints":{"allow":["GET"]}}],"collection":[{"href":"https:\/\/kawka-art.pl\/index.php?rest_route=\/wp\/v2\/pages"}],"about":[{"href":"https:\/\/kawka-art.pl\/index.php?rest_route=\/wp\/v2\/types\/page"}],"author":[{"embeddable":true,"href":"https:\/\/kawka-art.pl\/index.php?rest_route=\/wp\/v2\/users\/1"}],"replies":[{"embeddable":true,"href":"https:\/\/kawka-art.pl\/index.php?rest_route=%2Fwp%2Fv2%2Fcomments&post=957"}],"version-history":[{"count":2,"href":"https:\/\/kawka-art.pl\/index.php?rest_route=\/wp\/v2\/pages\/957\/revisions"}],"predecessor-version":[{"id":961,"href":"https:\/\/kawka-art.pl\/index.php?rest_route=\/wp\/v2\/pages\/957\/revisions\/961"}],"wp:attachment":[{"href":"https:\/\/kawka-art.pl\/index.php?rest_route=%2Fwp%2Fv2%2Fmedia&parent=957"}],"curies":[{"name":"wp","href":"https:\/\/api.w.org\/{rel}","templated":true}]}}