{"id":1021,"date":"2026-04-16T12:35:45","date_gmt":"2026-04-16T10:35:45","guid":{"rendered":"https:\/\/kawka-art.pl\/?post_type=product&#038;p=1021"},"modified":"2026-04-17T12:36:31","modified_gmt":"2026-04-17T10:36:31","slug":"zlota-dolina-9","status":"publish","type":"product","link":"https:\/\/kawka-art.pl\/?product=zlota-dolina-9","title":{"rendered":"Z\u0142ota Dolina 9"},"content":{"rendered":"<p>&#8222;Z\u0142ota Dolina 9&#8221;, wym. 120 x 80 cm, akryl i pasty strukturalne na grubym, bawe\u0142nianym p\u0142\u00f3tnie, 2026<\/p>\n<p>Obraz przedstawia nastrojowy pejza\u017c utrzymany w ciep\u0142ej, stonowanej palecie barw.<\/p>\n<p>Jasne, rozproszone \u015bwiat\u0142o oraz faktura struktury prowadzi wzrok w g\u0142\u0105b przestrzeni, nadaj\u0105c pracy wra\u017cenie g\u0142\u0119bi i spokoju.<br \/>\nW centralnej cz\u0119\u015bci, niemal ukryte w \u015bwietle dostrzec mo\u017cna trzy niewielkie ptaki &#8211; subtelny detal dodaj\u0105cy lekko\u015bci i symboliki wolno\u015bci.<\/p>\n<p>Stylistycznie obraz nawi\u0105zuje do wsp\u00f3\u0142czesnego malarstwa pejza\u017cowego z elementami realizmu nastrojowego. Forma zosta\u0142a uproszczona, a detale ograniczone na rzecz budowania atmosfery.<\/p>\n<p>Dominuj\u0105 odcienie be\u017cu, br\u0105zu, r\u00f3\u017cu, z\u0142amanej bieli i ciep\u0142ego z\u0142ota, co sprawia, \u017ce obraz harmonijnie wsp\u00f3\u0142gra z wn\u0119trzami nowoczesnymi a tak\u017ce z przestrzeniami o charakterze klasycznym.<br \/>\nZ\u0142ocista po\u015bwiata wprowadza do wn\u0119trza ciep\u0142o i wizualne wyciszenie.<\/p>\n<p>Dodatkowe informacje<\/p>\n<ul>\n<li>Boki obrazu zosta\u0142y wyko\u0144czone jako kontynuacja obrazu<\/li>\n<li>Do przesy\u0142ki dodaj\u0119 zestaw monta\u017cowy. Obraz jest gotowy do powieszenia<\/li>\n<li>Obraz zosta\u0142 pokryty matowym werniksem dla zabezpieczenia przed wnikaniem kurzu oraz promieniowaniem UV<\/li>\n<li>Rama prezentowana na zdj\u0119ciach nie stanowi przedmiotu sprzeda\u017cy. Skontaktuj si\u0119 ze mn\u0105 a z przyjemno\u015bci\u0105 pomog\u0119 Ci dobra\u0107 ram\u0119 dopasowan\u0105 do Twojego wn\u0119trza<\/li>\n<li>Wraz z obrazem przekazuj\u0119 certyfikat autentyczno\u015bci, kt\u00f3ry potwierdza autentyczno\u015b\u0107 obrazu oraz buduje jego warto\u015b\u0107 na rynku<\/li>\n<li>Darmowa dostawa kurierem na terenie Polski<\/li>\n<\/ul>\n<p>&nbsp;<\/p>\n<p>W przypadku gdy obraz nie jest ju\u017c dost\u0119pny lub potrzebujesz innego wymiaru, istnieje mo\u017cliwo\u015b\u0107 wykonania podobnego obrazu na zam\u00f3wienie: sklep@kawka-art.pl<\/p>\n<p>&nbsp;<\/p>\n<p>&nbsp;<\/p>\n<p>&nbsp;<\/p>\n","protected":false},"excerpt":{"rendered":"<p>&#8222;Z\u0142ota Dolina 9&#8221;, wym. 120 x 80 cm, akryl i pasty strukturalne na grubym, bawe\u0142nianym p\u0142\u00f3tnie, 2026<\/p>\n<p>Obraz przedstawia nastrojowy pejza\u017c utrzymany w ciep\u0142ej, stonowanej palecie barw.<\/p>\n<p>Jasne, rozproszone \u015bwiat\u0142o oraz faktura struktury prowadzi wzrok w g\u0142\u0105b przestrzeni, nadaj\u0105c pracy wra\u017cenie g\u0142\u0119bi i spokoju.<br \/>\nW centralnej cz\u0119\u015bci, niemal ukryte w \u015bwietle dostrzec mo\u017cna trzy niewielkie ptaki &#8211; subtelny detal dodaj\u0105cy lekko\u015bci i symboliki wolno\u015bci.<\/p>\n","protected":false},"featured_media":1029,"comment_status":"open","ping_status":"closed","template":"","meta":{"_monsterinsights_skip_tracking":false,"_monsterinsights_sitenote_active":false,"_monsterinsights_sitenote_note":"","_monsterinsights_sitenote_category":0},"product_cat":[16,21],"product_tag":[35,25,51,39,45,68,26],"class_list":{"0":"post-1021","1":"product","2":"type-product","3":"status-publish","4":"has-post-thumbnail","6":"product_cat-bez-kategorii","7":"product_cat-oryginaly-na-plotnie","8":"product_tag-120-x-80","9":"product_tag-abstrakcja","10":"product_tag-bezowy","11":"product_tag-bialy","12":"product_tag-brazowy","13":"product_tag-zlota-dolina","14":"product_tag-zloty","16":"first","17":"instock","18":"shipping-taxable","19":"purchasable","20":"product-type-simple"},"jetpack_sharing_enabled":true,"_links":{"self":[{"href":"https:\/\/kawka-art.pl\/index.php?rest_route=\/wp\/v2\/product\/1021","targetHints":{"allow":["GET"]}}],"collection":[{"href":"https:\/\/kawka-art.pl\/index.php?rest_route=\/wp\/v2\/product"}],"about":[{"href":"https:\/\/kawka-art.pl\/index.php?rest_route=\/wp\/v2\/types\/product"}],"replies":[{"embeddable":true,"href":"https:\/\/kawka-art.pl\/index.php?rest_route=%2Fwp%2Fv2%2Fcomments&post=1021"}],"wp:featuredmedia":[{"embeddable":true,"href":"https:\/\/kawka-art.pl\/index.php?rest_route=\/wp\/v2\/media\/1029"}],"wp:attachment":[{"href":"https:\/\/kawka-art.pl\/index.php?rest_route=%2Fwp%2Fv2%2Fmedia&parent=1021"}],"wp:term":[{"taxonomy":"product_cat","embeddable":true,"href":"https:\/\/kawka-art.pl\/index.php?rest_route=%2Fwp%2Fv2%2Fproduct_cat&post=1021"},{"taxonomy":"product_tag","embeddable":true,"href":"https:\/\/kawka-art.pl\/index.php?rest_route=%2Fwp%2Fv2%2Fproduct_tag&post=1021"}],"curies":[{"name":"wp","href":"https:\/\/api.w.org\/{rel}","templated":true}]}}