{"id":1032,"date":"2026-04-17T12:34:41","date_gmt":"2026-04-17T10:34:41","guid":{"rendered":"https:\/\/kawka-art.pl\/?post_type=product&#038;p=1032"},"modified":"2026-04-17T12:58:48","modified_gmt":"2026-04-17T10:58:48","slug":"pogoda","status":"publish","type":"product","link":"https:\/\/kawka-art.pl\/?product=pogoda","title":{"rendered":"Pogoda"},"content":{"rendered":"<p data-start=\"56\" data-end=\"418\"><strong>&#8222;Pogoda&#8221;, wym. 130 x 100 cm, 2026, technika: olej, akryl, pasty strukturalne<\/strong><\/p>\n<p data-start=\"56\" data-end=\"418\">Obraz r\u0119cznie malowany na grubym, bawe\u0142nianym p\u0142\u00f3tnie<\/p>\n<p data-start=\"56\" data-end=\"418\">\u201ePogoda\u201d to wyj\u0105tkowe dzie\u0142o inspirowane tw\u00f3rczo\u015bci\u0105 J\u00f3zefa Che\u0142mo\u0144skiego, kt\u00f3ry od lat fascynuje mnie swoj\u0105 zdolno\u015bci\u0105 do uchwycenia pi\u0119kna polskiej przyrody w spos\u00f3b prosty, a zarazem niezwykle sugestywny. Jego liryczne, a jednocze\u015bnie realistyczne pejza\u017ce stanowi\u0105 dla mnie wa\u017cny punkt odniesienia w poszukiwaniach artystycznych.<\/p>\n<p data-start=\"420\" data-end=\"747\">Po przeprowadzce na wie\u015b moje prace nabra\u0142y jeszcze bardziej osobistego charakteru. Tworz\u0119 pejza\u017ce, w kt\u00f3rych g\u0142\u00f3wnym motywem s\u0105 bezkresne horyzonty, rozleg\u0142e niebo, polne \u015bcie\u017cki oraz naturalne krajobrazy \u0142\u0105k i las\u00f3w. Staram si\u0119 odda\u0107 atmosfer\u0119 ciszy, przestrzeni i zmienno\u015bci natury, kt\u00f3ra ka\u017cdego dnia ods\u0142ania nowe oblicze.<\/p>\n<p>To dzie\u0142o wspaniale odnajdzie si\u0119 w niemal\u017ce ka\u017cdym wn\u0119trzu mi\u0142o\u015bnik\u00f3w natury; od klasycznych po nowoczesne, minimalistyczne, modern farmhouse czy boho.<\/p>\n<p>&nbsp;<\/p>\n<p><strong>Wa\u017cne informacje<\/strong><\/p>\n<ul>\n<li>Obraz zosta\u0142 pokryty werniksem retuszerskim jako wst\u0119pne zabezpieczenie przed czynnikami zewn\u0119trznymi<\/li>\n<li>Boki obrazu zosta\u0142y przygotowane jako lu\u017ana kontynuacja obrazu<\/li>\n<li>Do przesy\u0142ki dodaj\u0119 zestaw monta\u017cowy<\/li>\n<li>Obraz podpisany na awersie i rewersie<\/li>\n<li>Wraz z obrazem przekazuj\u0119 certyfikat autentyczno\u015bci potwierdzaj\u0105cy oryginalno\u015b\u0107 dzie\u0142a<\/li>\n<li>Darmowa wysy\u0142ka na terenie Polski. Skontaktuj si\u0119 ze mn\u0105 w sprawie wysy\u0142ki poza granice Polski<\/li>\n<\/ul>\n<p>Przedmiotem sprzeda\u017cy jest obraz na p\u0142\u00f3tnie bez ramy. Skontaktuj si\u0119 ze mn\u0105 a ch\u0119tnie pomog\u0119 w dopasowaniu ramy do Twojego wn\u0119trza.<\/p>\n<p>Kontakt mailowy: sklep@kawka-art.pl<\/p>\n<p>&nbsp;<\/p>\n","protected":false},"excerpt":{"rendered":"<p data-start=\"56\" data-end=\"418\">&#8222;Pogoda&#8221;, wym. 130 x 100 cm, 2026, technika: olej, akryl, pasty strukturalne<\/p>\n<p data-start=\"56\" data-end=\"418\">Obraz r\u0119cznie malowany na grubym, bawe\u0142nianym p\u0142\u00f3tnie<\/p>\n<p data-start=\"56\" data-end=\"418\">\u201ePogoda\u201d to wyj\u0105tkowe dzie\u0142o inspirowane tw\u00f3rczo\u015bci\u0105 J\u00f3zefa Che\u0142mo\u0144skiego, kt\u00f3ry od lat fascynuje mnie swoj\u0105 zdolno\u015bci\u0105 do uchwycenia pi\u0119kna polskiej przyrody w spos\u00f3b prosty, a zarazem niezwykle sugestywny. Jego liryczne, a jednocze\u015bnie realistyczne pejza\u017ce stanowi\u0105 dla mnie wa\u017cny punkt odniesienia w poszukiwaniach artystycznych.<\/p>\n","protected":false},"featured_media":1046,"comment_status":"open","ping_status":"closed","template":"","meta":{"_monsterinsights_skip_tracking":false,"_monsterinsights_sitenote_active":false,"_monsterinsights_sitenote_note":"","_monsterinsights_sitenote_category":0},"product_cat":[21],"product_tag":[77,79,76,80,49,78,36],"class_list":{"0":"post-1032","1":"product","2":"type-product","3":"status-publish","4":"has-post-thumbnail","6":"product_cat-oryginaly-na-plotnie","7":"product_tag-130-x-100","8":"product_tag-kwiaty","9":"product_tag-laka","10":"product_tag-niebo","11":"product_tag-pejzaz","12":"product_tag-pejzaz-olejny","13":"product_tag-zielony","15":"first","16":"instock","17":"shipping-taxable","18":"purchasable","19":"product-type-simple"},"jetpack_sharing_enabled":true,"_links":{"self":[{"href":"https:\/\/kawka-art.pl\/index.php?rest_route=\/wp\/v2\/product\/1032","targetHints":{"allow":["GET"]}}],"collection":[{"href":"https:\/\/kawka-art.pl\/index.php?rest_route=\/wp\/v2\/product"}],"about":[{"href":"https:\/\/kawka-art.pl\/index.php?rest_route=\/wp\/v2\/types\/product"}],"replies":[{"embeddable":true,"href":"https:\/\/kawka-art.pl\/index.php?rest_route=%2Fwp%2Fv2%2Fcomments&post=1032"}],"wp:featuredmedia":[{"embeddable":true,"href":"https:\/\/kawka-art.pl\/index.php?rest_route=\/wp\/v2\/media\/1046"}],"wp:attachment":[{"href":"https:\/\/kawka-art.pl\/index.php?rest_route=%2Fwp%2Fv2%2Fmedia&parent=1032"}],"wp:term":[{"taxonomy":"product_cat","embeddable":true,"href":"https:\/\/kawka-art.pl\/index.php?rest_route=%2Fwp%2Fv2%2Fproduct_cat&post=1032"},{"taxonomy":"product_tag","embeddable":true,"href":"https:\/\/kawka-art.pl\/index.php?rest_route=%2Fwp%2Fv2%2Fproduct_tag&post=1032"}],"curies":[{"name":"wp","href":"https:\/\/api.w.org\/{rel}","templated":true}]}}