{"id":170,"date":"2024-09-06T21:57:12","date_gmt":"2024-09-06T19:57:12","guid":{"rendered":"http:\/\/kawka-art.pl\/?post_type=product&#038;p=170"},"modified":"2025-08-24T20:28:29","modified_gmt":"2025-08-24T18:28:29","slug":"zaczarowany-las-2","status":"publish","type":"product","link":"https:\/\/kawka-art.pl\/?product=zaczarowany-las-2","title":{"rendered":"Zaczarowany Las 2"},"content":{"rendered":"<p><em><strong>Zaczarowany Las 2<\/strong><\/em><\/p>\n<p>50 x 70 x 2 cm<\/p>\n<p>Mieni\u0105ca si\u0119 tekstura o le\u015bnym motywie przywo\u0142uje tajemniczy, magiczny las.<\/p>\n<p>Media &#8211; akryle, pasta strukturalna<\/p>\n","protected":false},"excerpt":{"rendered":"<p><em><strong>Zaczarowany Las 2<\/strong><\/em><\/p>\n<p>50 x 70 x 2 cm<\/p>\n<p>Mieni\u0105ca si\u0119 tekstura o le\u015bnym motywie przywo\u0142uje tajemniczy, magiczny las.<\/p>\n","protected":false},"featured_media":171,"comment_status":"open","ping_status":"closed","template":"","meta":{"_monsterinsights_skip_tracking":false,"_monsterinsights_sitenote_active":false,"_monsterinsights_sitenote_note":"","_monsterinsights_sitenote_category":0},"product_cat":[16,21],"product_tag":[30,25,31,22,32,26],"class_list":{"0":"post-170","1":"product","2":"type-product","3":"status-publish","4":"has-post-thumbnail","6":"product_cat-bez-kategorii","7":"product_cat-oryginaly-na-plotnie","8":"product_tag-50-x-70","9":"product_tag-abstrakcja","10":"product_tag-rozowy","11":"product_tag-strukturalny","12":"product_tag-zaczarowany-las","13":"product_tag-zloty","15":"first","16":"outofstock","17":"shipping-taxable","18":"purchasable","19":"product-type-simple"},"jetpack_sharing_enabled":true,"_links":{"self":[{"href":"https:\/\/kawka-art.pl\/index.php?rest_route=\/wp\/v2\/product\/170","targetHints":{"allow":["GET"]}}],"collection":[{"href":"https:\/\/kawka-art.pl\/index.php?rest_route=\/wp\/v2\/product"}],"about":[{"href":"https:\/\/kawka-art.pl\/index.php?rest_route=\/wp\/v2\/types\/product"}],"replies":[{"embeddable":true,"href":"https:\/\/kawka-art.pl\/index.php?rest_route=%2Fwp%2Fv2%2Fcomments&post=170"}],"wp:featuredmedia":[{"embeddable":true,"href":"https:\/\/kawka-art.pl\/index.php?rest_route=\/wp\/v2\/media\/171"}],"wp:attachment":[{"href":"https:\/\/kawka-art.pl\/index.php?rest_route=%2Fwp%2Fv2%2Fmedia&parent=170"}],"wp:term":[{"taxonomy":"product_cat","embeddable":true,"href":"https:\/\/kawka-art.pl\/index.php?rest_route=%2Fwp%2Fv2%2Fproduct_cat&post=170"},{"taxonomy":"product_tag","embeddable":true,"href":"https:\/\/kawka-art.pl\/index.php?rest_route=%2Fwp%2Fv2%2Fproduct_tag&post=170"}],"curies":[{"name":"wp","href":"https:\/\/api.w.org\/{rel}","templated":true}]}}