{"id":317,"date":"2024-10-21T14:16:11","date_gmt":"2024-10-21T12:16:11","guid":{"rendered":"https:\/\/kawka-art.pl\/?post_type=product&#038;p=317"},"modified":"2025-08-24T20:27:16","modified_gmt":"2025-08-24T18:27:16","slug":"drzewo-czeresniowe-3","status":"publish","type":"product","link":"https:\/\/kawka-art.pl\/?product=drzewo-czeresniowe-3","title":{"rendered":"Drzewo Czere\u015bniowe 1"},"content":{"rendered":"<p>&#8222;Drzewo Czere\u015bniowe&#8221;, 120 x 80 cm, Akryl, 2024<\/p>\n<p>&#8222;Drzewo czere\u015bniowe&#8221; to nie tylko abstrakcyjna interpretacja kwitn\u0105cej wi\u015bni, ale tak\u017ce symbol witalno\u015bci, odradzania si\u0119 i pi\u0119kna, kt\u00f3re trwa przez kr\u00f3tk\u0105 chwil\u0119, ale na zawsze pozostawia \u015blad w naszych wspomnieniach.<\/p>\n<p>Delikatne odcienie r\u00f3\u017cu, be\u017cu i kremu, kt\u00f3re przypominaj\u0105 o kwitn\u0105cych drzewach na wiosn\u0119, wprowadzaj\u0105 spok\u00f3j i lekko\u015b\u0107 do ka\u017cdego wn\u0119trza.<\/p>\n","protected":false},"excerpt":{"rendered":"<p>&#8222;Drzewo Czere\u015bniowe&#8221;, 120 x 80 cm, Akryl, 2024<\/p>\n<p>&#8222;Drzewo czere\u015bniowe&#8221; to nie tylko abstrakcyjna interpretacja kwitn\u0105cej wi\u015bni, ale tak\u017ce symbol witalno\u015bci, odradzania si\u0119 i pi\u0119kna, kt\u00f3re trwa przez kr\u00f3tk\u0105 chwil\u0119, ale na zawsze pozostawia \u015blad w naszych wspomnieniach.<\/p>\n","protected":false},"featured_media":472,"comment_status":"open","ping_status":"closed","template":"","meta":{"_monsterinsights_skip_tracking":false,"_monsterinsights_sitenote_active":false,"_monsterinsights_sitenote_note":"","_monsterinsights_sitenote_category":0},"product_cat":[16,21],"product_tag":[35,25,24,31],"class_list":{"0":"post-317","1":"product","2":"type-product","3":"status-publish","4":"has-post-thumbnail","6":"product_cat-bez-kategorii","7":"product_cat-oryginaly-na-plotnie","8":"product_tag-120-x-80","9":"product_tag-abstrakcja","10":"product_tag-kolekcja-wszystko-plynie","11":"product_tag-rozowy","13":"first","14":"outofstock","15":"sold-individually","16":"shipping-taxable","17":"purchasable","18":"product-type-simple"},"jetpack_sharing_enabled":true,"_links":{"self":[{"href":"https:\/\/kawka-art.pl\/index.php?rest_route=\/wp\/v2\/product\/317","targetHints":{"allow":["GET"]}}],"collection":[{"href":"https:\/\/kawka-art.pl\/index.php?rest_route=\/wp\/v2\/product"}],"about":[{"href":"https:\/\/kawka-art.pl\/index.php?rest_route=\/wp\/v2\/types\/product"}],"replies":[{"embeddable":true,"href":"https:\/\/kawka-art.pl\/index.php?rest_route=%2Fwp%2Fv2%2Fcomments&post=317"}],"wp:featuredmedia":[{"embeddable":true,"href":"https:\/\/kawka-art.pl\/index.php?rest_route=\/wp\/v2\/media\/472"}],"wp:attachment":[{"href":"https:\/\/kawka-art.pl\/index.php?rest_route=%2Fwp%2Fv2%2Fmedia&parent=317"}],"wp:term":[{"taxonomy":"product_cat","embeddable":true,"href":"https:\/\/kawka-art.pl\/index.php?rest_route=%2Fwp%2Fv2%2Fproduct_cat&post=317"},{"taxonomy":"product_tag","embeddable":true,"href":"https:\/\/kawka-art.pl\/index.php?rest_route=%2Fwp%2Fv2%2Fproduct_tag&post=317"}],"curies":[{"name":"wp","href":"https:\/\/api.w.org\/{rel}","templated":true}]}}