{"id":338,"date":"2024-10-21T14:52:10","date_gmt":"2024-10-21T12:52:10","guid":{"rendered":"https:\/\/kawka-art.pl\/?post_type=product&#038;p=338"},"modified":"2025-08-24T20:26:32","modified_gmt":"2025-08-24T18:26:32","slug":"morze-srodziemne","status":"publish","type":"product","link":"https:\/\/kawka-art.pl\/?product=morze-srodziemne","title":{"rendered":"Morze \u015ar\u00f3dziemne"},"content":{"rendered":"<p>&#8222;Morze \u015ar\u00f3dziemne&#8221; 100 x 80 cm, Akryl<\/p>\n<p>To kolejny obraz z kolekcji &#8222;Wszystko P\u0142ynie&#8221;. <span style=\"font-weight: 400;\">Woda jest jednym z najwa\u017cniejszych element\u00f3w tej kolekcji. Jej ruch, zmienno\u015b\u0107, zdolno\u015b\u0107 do przyjmowania r\u00f3\u017cnych form inspirowa\u0142y mnie podczas tworzenia ka\u017cdego obrazu. Patrz\u0105c na rzek\u0119 czy fale oceanu, mo\u017cemy dostrzec, \u017ce chocia\u017c jej kszta\u0142t si\u0119 zmienia, to sama woda pozostaje w ci\u0105g\u0142ym ruchu \u2013 to samo chcia\u0142am uchwyci\u0107 w mojej sztuce.<\/span><\/p>\n<p>&nbsp;<\/p>\n","protected":false},"excerpt":{"rendered":"<p>&#8222;Morze \u015ar\u00f3dziemne&#8221; 100 x 80 cm, Akryl, obraz obramowany w ram\u0119 z surowego drewna<\/p>\n<p>To kolejny obraz z kolekcji &#8222;Wszystko P\u0142ynie&#8221;. <span style=\"font-weight: 400;\">Woda jest jednym z najwa\u017cniejszych element\u00f3w tej kolekcji. Jej ruch, zmienno\u015b\u0107, zdolno\u015b\u0107 do przyjmowania r\u00f3\u017cnych form inspirowa\u0142y mnie podczas tworzenia ka\u017cdego obrazu.<\/span><\/p>\n","protected":false},"featured_media":442,"comment_status":"open","ping_status":"closed","template":"","meta":{"_monsterinsights_skip_tracking":false,"_monsterinsights_sitenote_active":false,"_monsterinsights_sitenote_note":"","_monsterinsights_sitenote_category":0},"product_cat":[16,21],"product_tag":[],"class_list":{"0":"post-338","1":"product","2":"type-product","3":"status-publish","4":"has-post-thumbnail","6":"product_cat-bez-kategorii","7":"product_cat-oryginaly-na-plotnie","9":"first","10":"outofstock","11":"shipping-taxable","12":"purchasable","13":"product-type-simple"},"jetpack_sharing_enabled":true,"_links":{"self":[{"href":"https:\/\/kawka-art.pl\/index.php?rest_route=\/wp\/v2\/product\/338","targetHints":{"allow":["GET"]}}],"collection":[{"href":"https:\/\/kawka-art.pl\/index.php?rest_route=\/wp\/v2\/product"}],"about":[{"href":"https:\/\/kawka-art.pl\/index.php?rest_route=\/wp\/v2\/types\/product"}],"replies":[{"embeddable":true,"href":"https:\/\/kawka-art.pl\/index.php?rest_route=%2Fwp%2Fv2%2Fcomments&post=338"}],"wp:featuredmedia":[{"embeddable":true,"href":"https:\/\/kawka-art.pl\/index.php?rest_route=\/wp\/v2\/media\/442"}],"wp:attachment":[{"href":"https:\/\/kawka-art.pl\/index.php?rest_route=%2Fwp%2Fv2%2Fmedia&parent=338"}],"wp:term":[{"taxonomy":"product_cat","embeddable":true,"href":"https:\/\/kawka-art.pl\/index.php?rest_route=%2Fwp%2Fv2%2Fproduct_cat&post=338"},{"taxonomy":"product_tag","embeddable":true,"href":"https:\/\/kawka-art.pl\/index.php?rest_route=%2Fwp%2Fv2%2Fproduct_tag&post=338"}],"curies":[{"name":"wp","href":"https:\/\/api.w.org\/{rel}","templated":true}]}}