{"id":350,"date":"2024-10-22T19:44:09","date_gmt":"2024-10-22T17:44:09","guid":{"rendered":"https:\/\/kawka-art.pl\/?post_type=product&#038;p=350"},"modified":"2025-12-17T20:04:11","modified_gmt":"2025-12-17T19:04:11","slug":"zaczarowany-las-zlota-jesien","status":"publish","type":"product","link":"https:\/\/kawka-art.pl\/?product=zaczarowany-las-zlota-jesien","title":{"rendered":"Zaczarowany Las &#8211; Z\u0142ota Jesie\u0144"},"content":{"rendered":"<p>&#8222;Zaczarowany Las &#8211; Z\u0142ota Jesie\u0144&#8221; 50 x 70 cm, Akryl<\/p>\n<p>Ten obraz to kolejna wariacja na temat magicznego lasu i bogatej, le\u015bnej tekstury. Miedziane s\u0142o\u0144ce to najbardziej prominentny akcent na tym pi\u0119knym, jesiennym, koj\u0105cym pejza\u017cu.<\/p>\n","protected":false},"excerpt":{"rendered":"<p>&#8222;Zaczarowany Las &#8211; Z\u0142ota Jesie\u0144&#8221; 50 x 70 cm, Akryl<\/p>\n<p>Ten obraz to kolejna wariacja na temat magicznego lasu i bogatej, le\u015bnej tekstury. Miedziane s\u0142o\u0144ce to najbardziej prominentny akcent na tym pi\u0119knym, jesiennym, koj\u0105cym pejza\u017cu.<\/p>\n","protected":false},"featured_media":351,"comment_status":"open","ping_status":"closed","template":"","meta":{"_monsterinsights_skip_tracking":false,"_monsterinsights_sitenote_active":false,"_monsterinsights_sitenote_note":"","_monsterinsights_sitenote_category":0},"product_cat":[16,21],"product_tag":[30,25,22,32,36],"class_list":{"0":"post-350","1":"product","2":"type-product","3":"status-publish","4":"has-post-thumbnail","6":"product_cat-bez-kategorii","7":"product_cat-oryginaly-na-plotnie","8":"product_tag-50-x-70","9":"product_tag-abstrakcja","10":"product_tag-strukturalny","11":"product_tag-zaczarowany-las","12":"product_tag-zielony","14":"first","15":"outofstock","16":"sold-individually","17":"shipping-taxable","18":"purchasable","19":"product-type-simple"},"jetpack_sharing_enabled":true,"_links":{"self":[{"href":"https:\/\/kawka-art.pl\/index.php?rest_route=\/wp\/v2\/product\/350","targetHints":{"allow":["GET"]}}],"collection":[{"href":"https:\/\/kawka-art.pl\/index.php?rest_route=\/wp\/v2\/product"}],"about":[{"href":"https:\/\/kawka-art.pl\/index.php?rest_route=\/wp\/v2\/types\/product"}],"replies":[{"embeddable":true,"href":"https:\/\/kawka-art.pl\/index.php?rest_route=%2Fwp%2Fv2%2Fcomments&post=350"}],"wp:featuredmedia":[{"embeddable":true,"href":"https:\/\/kawka-art.pl\/index.php?rest_route=\/wp\/v2\/media\/351"}],"wp:attachment":[{"href":"https:\/\/kawka-art.pl\/index.php?rest_route=%2Fwp%2Fv2%2Fmedia&parent=350"}],"wp:term":[{"taxonomy":"product_cat","embeddable":true,"href":"https:\/\/kawka-art.pl\/index.php?rest_route=%2Fwp%2Fv2%2Fproduct_cat&post=350"},{"taxonomy":"product_tag","embeddable":true,"href":"https:\/\/kawka-art.pl\/index.php?rest_route=%2Fwp%2Fv2%2Fproduct_tag&post=350"}],"curies":[{"name":"wp","href":"https:\/\/api.w.org\/{rel}","templated":true}]}}