{"id":379,"date":"2024-11-28T21:00:20","date_gmt":"2024-11-28T20:00:20","guid":{"rendered":"https:\/\/kawka-art.pl\/?post_type=product&#038;p=379"},"modified":"2025-08-24T20:25:06","modified_gmt":"2025-08-24T18:25:06","slug":"zaczarowany-las-babie-lato","status":"publish","type":"product","link":"https:\/\/kawka-art.pl\/?product=zaczarowany-las-babie-lato","title":{"rendered":"Zaczarowany Las &#8211; Babie Lato"},"content":{"rendered":"<p>&#8222;Zaczarowany Las &#8211; Babie Lato&#8221;, wym. 120 x 80 cm, Akryl na p\u0142\u00f3tnie bawe\u0142nianym. Kolejna wariacja na temat organicznych form i nieco mistycznego po\u0142\u0105czenia kolor\u00f3w ukazuj\u0105cego ciekawy, tajemniczy pejza\u017c abstrakcyjny z motywem lasu. Ciep\u0142a i soczysta kolorystyka bogatej tekstury z pewno\u015bci\u0105 doda energii w ka\u017cdym wn\u0119trzu.<\/p>\n<p>&nbsp;<\/p>\n<p>Przedmiotem sprzeda\u017cy jest obraz bez ramy.<\/p>\n","protected":false},"excerpt":{"rendered":"<p>&#8222;Zaczarowany Las &#8211; Babie Lato&#8221;, wym. 120 x 80 cm, Akryl na p\u0142\u00f3tnie bawe\u0142nianym. Kolejna wariacja na temat organicznych form i nieco mistycznego po\u0142\u0105czenia kolor\u00f3w ukazuj\u0105cego ciekawy, tajemniczy pejza\u017c abstrakcyjny z motywem lasu. Ciep\u0142a i soczysta kolorystyka bogatej tekstury z pewno\u015bci\u0105 doda energii w ka\u017cdym wn\u0119trzu.<\/p>\n<p>&nbsp;<\/p>\n<p>Przedmiotem sprzeda\u017cy s\u0105 obrazy bez ram.<\/p>\n","protected":false},"featured_media":382,"comment_status":"open","ping_status":"closed","template":"","meta":{"_monsterinsights_skip_tracking":false,"_monsterinsights_sitenote_active":false,"_monsterinsights_sitenote_note":"","_monsterinsights_sitenote_category":0},"product_cat":[16,21],"product_tag":[35,25,31,22,32,26],"class_list":{"0":"post-379","1":"product","2":"type-product","3":"status-publish","4":"has-post-thumbnail","6":"product_cat-bez-kategorii","7":"product_cat-oryginaly-na-plotnie","8":"product_tag-120-x-80","9":"product_tag-abstrakcja","10":"product_tag-rozowy","11":"product_tag-strukturalny","12":"product_tag-zaczarowany-las","13":"product_tag-zloty","15":"first","16":"outofstock","17":"shipping-taxable","18":"purchasable","19":"product-type-simple"},"jetpack_sharing_enabled":true,"_links":{"self":[{"href":"https:\/\/kawka-art.pl\/index.php?rest_route=\/wp\/v2\/product\/379","targetHints":{"allow":["GET"]}}],"collection":[{"href":"https:\/\/kawka-art.pl\/index.php?rest_route=\/wp\/v2\/product"}],"about":[{"href":"https:\/\/kawka-art.pl\/index.php?rest_route=\/wp\/v2\/types\/product"}],"replies":[{"embeddable":true,"href":"https:\/\/kawka-art.pl\/index.php?rest_route=%2Fwp%2Fv2%2Fcomments&post=379"}],"wp:featuredmedia":[{"embeddable":true,"href":"https:\/\/kawka-art.pl\/index.php?rest_route=\/wp\/v2\/media\/382"}],"wp:attachment":[{"href":"https:\/\/kawka-art.pl\/index.php?rest_route=%2Fwp%2Fv2%2Fmedia&parent=379"}],"wp:term":[{"taxonomy":"product_cat","embeddable":true,"href":"https:\/\/kawka-art.pl\/index.php?rest_route=%2Fwp%2Fv2%2Fproduct_cat&post=379"},{"taxonomy":"product_tag","embeddable":true,"href":"https:\/\/kawka-art.pl\/index.php?rest_route=%2Fwp%2Fv2%2Fproduct_tag&post=379"}],"curies":[{"name":"wp","href":"https:\/\/api.w.org\/{rel}","templated":true}]}}