{"id":390,"date":"2024-12-21T14:50:43","date_gmt":"2024-12-21T13:50:43","guid":{"rendered":"https:\/\/kawka-art.pl\/?post_type=product&#038;p=390"},"modified":"2025-08-24T20:24:40","modified_gmt":"2025-08-24T18:24:40","slug":"wybrzeze","status":"publish","type":"product","link":"https:\/\/kawka-art.pl\/?product=wybrzeze","title":{"rendered":"Wybrze\u017ce"},"content":{"rendered":"<p>&#8222;Wybrze\u017ce&#8221; 120 x 80 cm to kolejny obraz z cyklu &#8222;Wszystko P\u0142ynie&#8221;. Obraz charakteryzuj\u0105cy si\u0119 dynamiczn\u0105 kompozycj\u0105 z bogactwem pi\u0119knych be\u017cowo-niebieskich detali oddaj\u0105cych ducha nadmorskich klif\u00f3w, zatoczek i ska\u0142. &#8222;Wybrze\u017ce&#8221; odnajdzie si\u0119 w niemal ka\u017cdej nowoczesnej przestrzeni, zar\u00f3wno w orientacji pionowej jak i poziomej.<\/p>\n","protected":false},"excerpt":{"rendered":"<p>&#8222;Wybrze\u017ce&#8221; 120 x 80 cm to kolejny obraz z cyklu &#8222;Wszystko P\u0142ynie&#8221;. Obraz charakteryzuj\u0105cy si\u0119 dynamiczn\u0105 kompozycj\u0105 z bogactwem pi\u0119knych be\u017cowo-niebieskich detali oddaj\u0105cych ducha nadmorskich klif\u00f3w, zatoczek i ska\u0142. &#8222;Wybrze\u017ce&#8221; odnajdzie si\u0119 w niemal ka\u017cdej nowoczesnej przestrzeni, zar\u00f3wno w orientacji pionowej jak i poziomej.<\/p>\n","protected":false},"featured_media":394,"comment_status":"open","ping_status":"closed","template":"","meta":{"_monsterinsights_skip_tracking":false,"_monsterinsights_sitenote_active":false,"_monsterinsights_sitenote_note":"","_monsterinsights_sitenote_category":0},"product_cat":[16,21],"product_tag":[35,25,24,41],"class_list":{"0":"post-390","1":"product","2":"type-product","3":"status-publish","4":"has-post-thumbnail","6":"product_cat-bez-kategorii","7":"product_cat-oryginaly-na-plotnie","8":"product_tag-120-x-80","9":"product_tag-abstrakcja","10":"product_tag-kolekcja-wszystko-plynie","11":"product_tag-niebieski","13":"first","14":"outofstock","15":"shipping-taxable","16":"purchasable","17":"product-type-simple"},"jetpack_sharing_enabled":true,"_links":{"self":[{"href":"https:\/\/kawka-art.pl\/index.php?rest_route=\/wp\/v2\/product\/390","targetHints":{"allow":["GET"]}}],"collection":[{"href":"https:\/\/kawka-art.pl\/index.php?rest_route=\/wp\/v2\/product"}],"about":[{"href":"https:\/\/kawka-art.pl\/index.php?rest_route=\/wp\/v2\/types\/product"}],"replies":[{"embeddable":true,"href":"https:\/\/kawka-art.pl\/index.php?rest_route=%2Fwp%2Fv2%2Fcomments&post=390"}],"wp:featuredmedia":[{"embeddable":true,"href":"https:\/\/kawka-art.pl\/index.php?rest_route=\/wp\/v2\/media\/394"}],"wp:attachment":[{"href":"https:\/\/kawka-art.pl\/index.php?rest_route=%2Fwp%2Fv2%2Fmedia&parent=390"}],"wp:term":[{"taxonomy":"product_cat","embeddable":true,"href":"https:\/\/kawka-art.pl\/index.php?rest_route=%2Fwp%2Fv2%2Fproduct_cat&post=390"},{"taxonomy":"product_tag","embeddable":true,"href":"https:\/\/kawka-art.pl\/index.php?rest_route=%2Fwp%2Fv2%2Fproduct_tag&post=390"}],"curies":[{"name":"wp","href":"https:\/\/api.w.org\/{rel}","templated":true}]}}