{"id":398,"date":"2024-12-21T15:11:54","date_gmt":"2024-12-21T14:11:54","guid":{"rendered":"https:\/\/kawka-art.pl\/?post_type=product&#038;p=398"},"modified":"2025-08-24T20:24:14","modified_gmt":"2025-08-24T18:24:14","slug":"balans","status":"publish","type":"product","link":"https:\/\/kawka-art.pl\/?product=balans","title":{"rendered":"Balans"},"content":{"rendered":"<p>&#8222;Balans&#8221; 100 x 80 cm, media mieszane i detale ze szlagmetalu. Oto kwintesencja harmonii i spokoju, okie\u0142znany chaos. Ta zbalansowana kompozycja doda charakteru ka\u017cdemu wn\u0119trzu. Bogate detale zapraszaj\u0105 do cz\u0119stych kontemplacji tego dzie\u0142a.<\/p>\n","protected":false},"excerpt":{"rendered":"<p>&#8222;Balans&#8221; 100 x 80 cm, media mieszane i detale ze szlagmetalu. Oto kwintesencja harmonii i spokoju, okie\u0142znany chaos. Ta zbalansowana kompozycja doda charakteru ka\u017cdemu wn\u0119trzu. Bogate detale zapraszaj\u0105 do cz\u0119stych kontemplacji tego dzie\u0142a.<\/p>\n","protected":false},"featured_media":407,"comment_status":"open","ping_status":"closed","template":"","meta":{"_monsterinsights_skip_tracking":false,"_monsterinsights_sitenote_active":false,"_monsterinsights_sitenote_note":"","_monsterinsights_sitenote_category":0},"product_cat":[16,21],"product_tag":[23,25,42,24,26],"class_list":{"0":"post-398","1":"product","2":"type-product","3":"status-publish","4":"has-post-thumbnail","6":"product_cat-bez-kategorii","7":"product_cat-oryginaly-na-plotnie","8":"product_tag-100-x-80","9":"product_tag-abstrakcja","10":"product_tag-balans","11":"product_tag-kolekcja-wszystko-plynie","12":"product_tag-zloty","14":"first","15":"outofstock","16":"shipping-taxable","17":"purchasable","18":"product-type-simple"},"jetpack_sharing_enabled":true,"_links":{"self":[{"href":"https:\/\/kawka-art.pl\/index.php?rest_route=\/wp\/v2\/product\/398","targetHints":{"allow":["GET"]}}],"collection":[{"href":"https:\/\/kawka-art.pl\/index.php?rest_route=\/wp\/v2\/product"}],"about":[{"href":"https:\/\/kawka-art.pl\/index.php?rest_route=\/wp\/v2\/types\/product"}],"replies":[{"embeddable":true,"href":"https:\/\/kawka-art.pl\/index.php?rest_route=%2Fwp%2Fv2%2Fcomments&post=398"}],"wp:featuredmedia":[{"embeddable":true,"href":"https:\/\/kawka-art.pl\/index.php?rest_route=\/wp\/v2\/media\/407"}],"wp:attachment":[{"href":"https:\/\/kawka-art.pl\/index.php?rest_route=%2Fwp%2Fv2%2Fmedia&parent=398"}],"wp:term":[{"taxonomy":"product_cat","embeddable":true,"href":"https:\/\/kawka-art.pl\/index.php?rest_route=%2Fwp%2Fv2%2Fproduct_cat&post=398"},{"taxonomy":"product_tag","embeddable":true,"href":"https:\/\/kawka-art.pl\/index.php?rest_route=%2Fwp%2Fv2%2Fproduct_tag&post=398"}],"curies":[{"name":"wp","href":"https:\/\/api.w.org\/{rel}","templated":true}]}}