{"id":425,"date":"2025-01-14T15:43:45","date_gmt":"2025-01-14T14:43:45","guid":{"rendered":"https:\/\/kawka-art.pl\/?post_type=product&#038;p=425"},"modified":"2025-09-23T21:14:12","modified_gmt":"2025-09-23T19:14:12","slug":"wschod-ksiezyca-2-dyptyk","status":"publish","type":"product","link":"https:\/\/kawka-art.pl\/?product=wschod-ksiezyca-2-dyptyk","title":{"rendered":"Wsch\u00f3d Ksi\u0119\u017cyca 2 Dyptyk"},"content":{"rendered":"<p>&#8222;Wsch\u00f3d Ksi\u0119\u017cyca 2&#8221; Dyptyk 60 x 60 cm, Akryl, bogata struktura<\/p>\n<p>Kolejny obraz z serii &#8222;Zaczarowany Las&#8221;, tym razem prezentuj\u0105cy sk\u0105pane w ostatnich promieniach zachodz\u0105cego s\u0142o\u0144ca g\u00f3ry a nad nimi ksi\u0119\u017cyc. Ten mistyczny pejza\u017c b\u0119dzie pi\u0119knym akcentem w niemal\u017ce ka\u017cdym wn\u0119trzu.<\/p>\n<p>&nbsp;<\/p>\n","protected":false},"excerpt":{"rendered":"<p>&#8222;Wsch\u00f3d Ksi\u0119\u017cyca 2&#8221; Dyptyk 60 x 60 cm, Akryl, bogata struktura<\/p>\n<p>Kolejny obraz z serii &#8222;Zaczarowany Las&#8221;, tym razem prezentuj\u0105cy sk\u0105pane w ostatnich promieniach zachodz\u0105cego s\u0142o\u0144ca g\u00f3ry a nad nimi ksi\u0119\u017cyc. Ten mistyczny pejza\u017c b\u0119dzie pi\u0119knym akcentem w niemal\u017ce ka\u017cdym wn\u0119trzu.<\/p>\n<p>&nbsp;<\/p>\n","protected":false},"featured_media":430,"comment_status":"open","ping_status":"closed","template":"","meta":{"_monsterinsights_skip_tracking":false,"_monsterinsights_sitenote_active":false,"_monsterinsights_sitenote_note":"","_monsterinsights_sitenote_category":0},"product_cat":[16,21],"product_tag":[43,25,28,31,22,32,26],"class_list":{"0":"post-425","1":"product","2":"type-product","3":"status-publish","4":"has-post-thumbnail","6":"product_cat-bez-kategorii","7":"product_cat-oryginaly-na-plotnie","8":"product_tag-60-x-60","9":"product_tag-abstrakcja","10":"product_tag-dyptyk","11":"product_tag-rozowy","12":"product_tag-strukturalny","13":"product_tag-zaczarowany-las","14":"product_tag-zloty","16":"first","17":"outofstock","18":"shipping-taxable","19":"purchasable","20":"product-type-simple"},"jetpack_sharing_enabled":true,"_links":{"self":[{"href":"https:\/\/kawka-art.pl\/index.php?rest_route=\/wp\/v2\/product\/425","targetHints":{"allow":["GET"]}}],"collection":[{"href":"https:\/\/kawka-art.pl\/index.php?rest_route=\/wp\/v2\/product"}],"about":[{"href":"https:\/\/kawka-art.pl\/index.php?rest_route=\/wp\/v2\/types\/product"}],"replies":[{"embeddable":true,"href":"https:\/\/kawka-art.pl\/index.php?rest_route=%2Fwp%2Fv2%2Fcomments&post=425"}],"wp:featuredmedia":[{"embeddable":true,"href":"https:\/\/kawka-art.pl\/index.php?rest_route=\/wp\/v2\/media\/430"}],"wp:attachment":[{"href":"https:\/\/kawka-art.pl\/index.php?rest_route=%2Fwp%2Fv2%2Fmedia&parent=425"}],"wp:term":[{"taxonomy":"product_cat","embeddable":true,"href":"https:\/\/kawka-art.pl\/index.php?rest_route=%2Fwp%2Fv2%2Fproduct_cat&post=425"},{"taxonomy":"product_tag","embeddable":true,"href":"https:\/\/kawka-art.pl\/index.php?rest_route=%2Fwp%2Fv2%2Fproduct_tag&post=425"}],"curies":[{"name":"wp","href":"https:\/\/api.w.org\/{rel}","templated":true}]}}