{"id":464,"date":"2025-02-03T22:26:54","date_gmt":"2025-02-03T21:26:54","guid":{"rendered":"https:\/\/kawka-art.pl\/?post_type=product&#038;p=464"},"modified":"2025-08-24T20:22:41","modified_gmt":"2025-08-24T18:22:41","slug":"pelnia","status":"publish","type":"product","link":"https:\/\/kawka-art.pl\/?product=pelnia","title":{"rendered":"Pe\u0142nia"},"content":{"rendered":"<p>&#8222;Pe\u0142nia&#8221; wym. 70 x 50 cm, media mieszane, 2025<\/p>\n<p>&#8222;Pe\u0142nia&#8221; to koj\u0105cy pejza\u017c przedstawiaj\u0105cy spokojny, ciep\u0142y, bezwietrzny wiecz\u00f3r gdzie\u015b na innej planecie. Punktem skupienia jest majestatyczny ksi\u0119\u017cyc. Bogata struktura i pi\u0119kne detale zapraszaj\u0105 do d\u0142ugiej kontemplacji.<\/p>\n<p>Malowana rama w kolorze ciep\u0142ej czerni optycznie zamyka kompozycj\u0119. Obraz jest gotowy do powieszenia.<\/p>\n<p>Przedmiotem sprzeda\u017cy jest obraz. Drewniana rama nie stanowi przedmiotu sprzeda\u017cy.<\/p>\n<p>&nbsp;<\/p>\n","protected":false},"excerpt":{"rendered":"<p>&#8222;Pe\u0142nia&#8221; wym. 70 x 50 cm, media mieszane, 2025<\/p>\n<p>&#8222;Pe\u0142nia&#8221; to koj\u0105cy pejza\u017c przedstawiaj\u0105cy spokojny, ciep\u0142y, bezwietrzny wiecz\u00f3r gdzie\u015b na innej planecie. Punktem skupienia jest majestatyczny ksi\u0119\u017cyc. Bogata struktura i pi\u0119kne detale zapraszaj\u0105 do d\u0142ugiej kontemplacji.<\/p>\n<p>Malowana rama w kolorze ciep\u0142ej czerni optycznie zamyka kompozycj\u0119. Obraz jest gotowy do powieszenia.<\/p>\n","protected":false},"featured_media":466,"comment_status":"open","ping_status":"closed","template":"","meta":{"_monsterinsights_skip_tracking":false,"_monsterinsights_sitenote_active":false,"_monsterinsights_sitenote_note":"","_monsterinsights_sitenote_category":0},"product_cat":[16,21],"product_tag":[30,45,46,22],"class_list":{"0":"post-464","1":"product","2":"type-product","3":"status-publish","4":"has-post-thumbnail","6":"product_cat-bez-kategorii","7":"product_cat-oryginaly-na-plotnie","8":"product_tag-50-x-70","9":"product_tag-brazowy","10":"product_tag-ksiezyc","11":"product_tag-strukturalny","13":"first","14":"outofstock","15":"shipping-taxable","16":"purchasable","17":"product-type-simple"},"jetpack_sharing_enabled":true,"_links":{"self":[{"href":"https:\/\/kawka-art.pl\/index.php?rest_route=\/wp\/v2\/product\/464","targetHints":{"allow":["GET"]}}],"collection":[{"href":"https:\/\/kawka-art.pl\/index.php?rest_route=\/wp\/v2\/product"}],"about":[{"href":"https:\/\/kawka-art.pl\/index.php?rest_route=\/wp\/v2\/types\/product"}],"replies":[{"embeddable":true,"href":"https:\/\/kawka-art.pl\/index.php?rest_route=%2Fwp%2Fv2%2Fcomments&post=464"}],"wp:featuredmedia":[{"embeddable":true,"href":"https:\/\/kawka-art.pl\/index.php?rest_route=\/wp\/v2\/media\/466"}],"wp:attachment":[{"href":"https:\/\/kawka-art.pl\/index.php?rest_route=%2Fwp%2Fv2%2Fmedia&parent=464"}],"wp:term":[{"taxonomy":"product_cat","embeddable":true,"href":"https:\/\/kawka-art.pl\/index.php?rest_route=%2Fwp%2Fv2%2Fproduct_cat&post=464"},{"taxonomy":"product_tag","embeddable":true,"href":"https:\/\/kawka-art.pl\/index.php?rest_route=%2Fwp%2Fv2%2Fproduct_tag&post=464"}],"curies":[{"name":"wp","href":"https:\/\/api.w.org\/{rel}","templated":true}]}}