{"id":483,"date":"2025-02-20T10:42:54","date_gmt":"2025-02-20T09:42:54","guid":{"rendered":"https:\/\/kawka-art.pl\/?post_type=product&#038;p=483"},"modified":"2025-10-24T19:06:12","modified_gmt":"2025-10-24T17:06:12","slug":"wschod-ksiezyca-3","status":"publish","type":"product","link":"https:\/\/kawka-art.pl\/?product=wschod-ksiezyca-3","title":{"rendered":"Wsch\u00f3d Ksi\u0119\u017cyca 3"},"content":{"rendered":"<p>&#8222;Wsch\u00f3d Ksi\u0119zyca #3&#8221;, 120 x 80 cm, 2025, Akryl<\/p>\n<p>Ten obraz to ciep\u0142y, klimatyczny g\u00f3rski pejza\u017c ukazuj\u0105cy sk\u0105pane w promieniach zachodz\u0105cego s\u0142o\u0144ca g\u00f3ry oraz b\u0142yszcz\u0105cy ksi\u0119\u017cyc ponad szczytami g\u00f3r. &#8222;Wsch\u00f3d Ksi\u0119\u017cyca&#8221; ociepli wn\u0119trze i wprowadzi niepowtarzalny klimat. Jego bogata, ciekawa struktura zaprasza do d\u0142ugich kontemplacji.<\/p>\n<p>Boki obrazu stanowi\u0105 kontynuacj\u0119 obrazu zatem jest on gotowy do zawieszenia bez ramy.<\/p>\n<p>Rama mo\u017ce stanowi\u0107 doskona\u0142e uzupe\u0142nienie kompozycji. Zar\u00f3wno czarna, minimalistyczna rama, jak i z\u0142ota czy bia\u0142a rama b\u0119d\u0105 pi\u0119knie wsp\u00f3\u0142gra\u0107 z kolorystyk\u0105 i kompozycj\u0105 obrazu.<\/p>\n<p>Rama przedstawiona na zdj\u0119ciach produktowych nie stanowi przedmiotu sprzeda\u017cy. Skontaktuj si\u0119 ze mn\u0105 a ch\u0119tnie pomog\u0119 Ci dobra\u0107 ram\u0119 idealn\u0105 do Twojego wn\u0119trza.<\/p>\n","protected":false},"excerpt":{"rendered":"<p>&#8222;Wsch\u00f3d Ksi\u0119zyca #3&#8221;, 120 x 80 cm, 2025, Akryl<\/p>\n<p>Ten obraz to ciep\u0142y, klimatyczny g\u00f3rski pejza\u017c ukazuj\u0105cy sk\u0105pane w promieniach zachodz\u0105cego s\u0142o\u0144ca g\u00f3ry oraz b\u0142yszcz\u0105cy ksi\u0119\u017cyc ponad szczytami g\u00f3r. &#8222;Wsch\u00f3d Ksi\u0119\u017cyca&#8221; ociepli wn\u0119trze i wprowadzi niepowtarzalny klimat. Jego bogata, ciekawa struktura zaprasza do d\u0142ugich kontemplacji.<\/p>\n<p>Boki obrazu stanowi\u0105 kontynuacj\u0119 obrazu zatem jest on gotowy do zawieszenia bez ramy.<\/p>\n","protected":false},"featured_media":489,"comment_status":"open","ping_status":"closed","template":"","meta":{"_monsterinsights_skip_tracking":false,"_monsterinsights_sitenote_active":false,"_monsterinsights_sitenote_note":"","_monsterinsights_sitenote_category":0},"product_cat":[16,21],"product_tag":[35,25,47,32,26],"class_list":{"0":"post-483","1":"product","2":"type-product","3":"status-publish","4":"has-post-thumbnail","6":"product_cat-bez-kategorii","7":"product_cat-oryginaly-na-plotnie","8":"product_tag-120-x-80","9":"product_tag-abstrakcja","10":"product_tag-gory","11":"product_tag-zaczarowany-las","12":"product_tag-zloty","14":"first","15":"outofstock","16":"shipping-taxable","17":"purchasable","18":"product-type-simple"},"jetpack_sharing_enabled":true,"_links":{"self":[{"href":"https:\/\/kawka-art.pl\/index.php?rest_route=\/wp\/v2\/product\/483","targetHints":{"allow":["GET"]}}],"collection":[{"href":"https:\/\/kawka-art.pl\/index.php?rest_route=\/wp\/v2\/product"}],"about":[{"href":"https:\/\/kawka-art.pl\/index.php?rest_route=\/wp\/v2\/types\/product"}],"replies":[{"embeddable":true,"href":"https:\/\/kawka-art.pl\/index.php?rest_route=%2Fwp%2Fv2%2Fcomments&post=483"}],"wp:featuredmedia":[{"embeddable":true,"href":"https:\/\/kawka-art.pl\/index.php?rest_route=\/wp\/v2\/media\/489"}],"wp:attachment":[{"href":"https:\/\/kawka-art.pl\/index.php?rest_route=%2Fwp%2Fv2%2Fmedia&parent=483"}],"wp:term":[{"taxonomy":"product_cat","embeddable":true,"href":"https:\/\/kawka-art.pl\/index.php?rest_route=%2Fwp%2Fv2%2Fproduct_cat&post=483"},{"taxonomy":"product_tag","embeddable":true,"href":"https:\/\/kawka-art.pl\/index.php?rest_route=%2Fwp%2Fv2%2Fproduct_tag&post=483"}],"curies":[{"name":"wp","href":"https:\/\/api.w.org\/{rel}","templated":true}]}}