{"id":510,"date":"2025-04-28T20:08:37","date_gmt":"2025-04-28T18:08:37","guid":{"rendered":"https:\/\/kawka-art.pl\/?post_type=product&#038;p=510"},"modified":"2026-01-07T20:08:24","modified_gmt":"2026-01-07T19:08:24","slug":"zlota-dolina","status":"publish","type":"product","link":"https:\/\/kawka-art.pl\/?product=zlota-dolina","title":{"rendered":"Z\u0142ota Dolina"},"content":{"rendered":"<div>&#8222;Z\u0142ota Dolina&#8221;, 100 x 80 cm, 2025, akryl i struktura na p\u0142\u00f3tnie bawe\u0142nianym<\/div>\n<div dir=\"auto\">Obraz z kolekcji &#8222;Zaczarowane Lasy&#8221;<\/div>\n<div dir=\"auto\"><\/div>\n<div dir=\"auto\">Klimatyczny obraz z wieloma pi\u0119knymi i interesuj\u0105cymi detalami, kt\u00f3ry przybiera r\u00f3\u017cne oblicza w zale\u017cno\u015bci od pory dnia.<\/div>\n<div dir=\"auto\">G\u0142\u00f3wny motyw obrazu to z\u0142ote \u015bwiat\u0142o i mg\u0142a nad g\u00f3rsk\u0105 dolin\u0105 o poranku. G\u0142\u0119bi dodaje bogata tekstura oraz z\u0142ocenia. Doskonale uzupe\u0142ni go rama w kolorze d\u0119bu lub czerni (drewniana lub metalowa).<\/div>\n<div dir=\"auto\"><\/div>\n<div dir=\"auto\">Przedmiotem sprzeda\u017cy jest obraz bez ramy.<\/div>\n","protected":false},"excerpt":{"rendered":"<div>&#8222;Z\u0142ota Dolina&#8221;, 100 x 80 cm, 2025, akryl i struktura na p\u0142\u00f3tnie bawe\u0142nianym<\/div>\n<div dir=\"auto\">Obraz z kolekcji &#8222;Zaczarowane Lasy&#8221;<\/div>\n<div dir=\"auto\"><\/div>\n<div dir=\"auto\">Klimatyczny obraz z wieloma pi\u0119knymi i interesuj\u0105cymi detalami, kt\u00f3ry przybiera r\u00f3\u017cne oblicza w zale\u017cno\u015bci od pory dnia.<\/div>\n<div dir=\"auto\">G\u0142\u00f3wny motyw obrazu to z\u0142ote \u015bwiat\u0142o i mg\u0142a nad g\u00f3rsk\u0105 dolin\u0105 o poranku. G\u0142\u0119bi dodaje bogata tekstura oraz z\u0142ocenia. Doskonale uzupe\u0142ni go rama w kolorze d\u0119bu lub czerni (drewniana lub metalowa).<\/div>\n<div dir=\"auto\"><\/div>\n<div dir=\"auto\">Przedmiotem sprzeda\u017cy jest obraz bez ramy.<\/div>\n<div dir=\"auto\">\n<p>Do przesy\u0142ki za\u0142\u0105czam zawieszk\u0119 typu krokodylek dla monta\u017cu obrazu na \u015bcianie.<\/p>\n<p>Darmowa dostawa kurierem na terenie Polski.<\/p>\n<\/div>\n","protected":false},"featured_media":511,"comment_status":"open","ping_status":"closed","template":"","meta":{"_monsterinsights_skip_tracking":false,"_monsterinsights_sitenote_active":false,"_monsterinsights_sitenote_note":"","_monsterinsights_sitenote_category":0},"product_cat":[16,21],"product_tag":[23,25,45,47,22,68,26],"class_list":{"0":"post-510","1":"product","2":"type-product","3":"status-publish","4":"has-post-thumbnail","6":"product_cat-bez-kategorii","7":"product_cat-oryginaly-na-plotnie","8":"product_tag-100-x-80","9":"product_tag-abstrakcja","10":"product_tag-brazowy","11":"product_tag-gory","12":"product_tag-strukturalny","13":"product_tag-zlota-dolina","14":"product_tag-zloty","16":"first","17":"outofstock","18":"shipping-taxable","19":"purchasable","20":"product-type-simple"},"jetpack_sharing_enabled":true,"_links":{"self":[{"href":"https:\/\/kawka-art.pl\/index.php?rest_route=\/wp\/v2\/product\/510","targetHints":{"allow":["GET"]}}],"collection":[{"href":"https:\/\/kawka-art.pl\/index.php?rest_route=\/wp\/v2\/product"}],"about":[{"href":"https:\/\/kawka-art.pl\/index.php?rest_route=\/wp\/v2\/types\/product"}],"replies":[{"embeddable":true,"href":"https:\/\/kawka-art.pl\/index.php?rest_route=%2Fwp%2Fv2%2Fcomments&post=510"}],"wp:featuredmedia":[{"embeddable":true,"href":"https:\/\/kawka-art.pl\/index.php?rest_route=\/wp\/v2\/media\/511"}],"wp:attachment":[{"href":"https:\/\/kawka-art.pl\/index.php?rest_route=%2Fwp%2Fv2%2Fmedia&parent=510"}],"wp:term":[{"taxonomy":"product_cat","embeddable":true,"href":"https:\/\/kawka-art.pl\/index.php?rest_route=%2Fwp%2Fv2%2Fproduct_cat&post=510"},{"taxonomy":"product_tag","embeddable":true,"href":"https:\/\/kawka-art.pl\/index.php?rest_route=%2Fwp%2Fv2%2Fproduct_tag&post=510"}],"curies":[{"name":"wp","href":"https:\/\/api.w.org\/{rel}","templated":true}]}}