{"id":530,"date":"2025-05-04T16:28:30","date_gmt":"2025-05-04T14:28:30","guid":{"rendered":"https:\/\/kawka-art.pl\/?post_type=product&#038;p=530"},"modified":"2026-01-09T10:50:23","modified_gmt":"2026-01-09T09:50:23","slug":"spadajace-gwiazdy","status":"publish","type":"product","link":"https:\/\/kawka-art.pl\/?product=spadajace-gwiazdy","title":{"rendered":"Spadaj\u0105ce Gwiazdy"},"content":{"rendered":"<p>&#8222;Spadaj\u0105ce Gwiazdy&#8221;, 50 x 70 cm, 2025, akryl i struktura na p\u0142\u00f3tnie bawe\u0142nianym. Kompozycja ch\u0142odnego br\u0105zu, ciep\u0142ego be\u017cu oraz jasnego z\u0142ota na mocnej, ciekawej strukturze tworzy intryguj\u0105c\u0105, pe\u0142n\u0105 dynamiki abstrakcj\u0119, kt\u00f3rej motywem przewodnim s\u0105 spadaj\u0105ce gwiazdy. Ten obraz wtuli si\u0119 w ka\u017cde wn\u0119trze z ponadczasow\u0105 i uniwersaln\u0105 kolorystyk\u0105 oraz spokojn\u0105 i jednocze\u015bnie dynamiczn\u0105 kompozycj\u0105.<\/p>\n<p>Przedmiotem oferty jest obraz bez ramy. Napisz do mnie a z przyjemno\u015bci\u0105 pomog\u0119 Ci dobra\u0107 ram\u0119.<\/p>\n<p>Boki obrazu zosta\u0142y wyko\u0144czone jako kontynuacja obrazu. Obraz zosta\u0142 pokryty werniksem matowym. Do przesy\u0142ki za\u0142\u0105czam zawieszk\u0119 typu krokodylek dla monta\u017cu obrazu na \u015bcianie.<\/p>\n<p>&nbsp;<\/p>\n","protected":false},"excerpt":{"rendered":"<p>&#8222;Spadaj\u0105ce Gwiazdy&#8221;, 50 x 70 cm, 2025, akryl i struktura na p\u0142\u00f3tnie bawe\u0142nianym. Kompozycja ch\u0142odnego br\u0105zu, ciep\u0142ego be\u017cu oraz jasnego z\u0142ota na mocnej, ciekawej strukturze tworzy intryguj\u0105c\u0105, pe\u0142n\u0105 dynamiki kompozycj\u0119 abstrakcyjn\u0105, kt\u00f3rej motywem przewodnim s\u0105 spadaj\u0105ce gwiazdy. Ten obraz wtuli si\u0119 w ka\u017cde wn\u0119trze z ponadczasow\u0105 i uniwersaln\u0105 kolorystyk\u0105 oraz spokojn\u0105 i jednocze\u015bnie dynamiczn\u0105 kompozycj\u0105.<\/p>\n<p>Przedmiotem oferty jest obraz bez ramy. Napisz do mnie a z przyjemno\u015bci\u0105 pomog\u0119 Ci dobra\u0107 ram\u0119.<\/p>\n<p>Boki obrazu zosta\u0142y wyko\u0144czone jako kontynuacja obrazu. Obraz zosta\u0142 pokryty werniksem matowym. Do przesy\u0142ki za\u0142\u0105czam certyfikat autentyczno\u015bci oraz zestaw monta\u017cowy.<\/p>\n<p>Darmowa dostawa kurierem na terenie Polski.<\/p>\n","protected":false},"featured_media":645,"comment_status":"open","ping_status":"closed","template":"","meta":{"_monsterinsights_skip_tracking":false,"_monsterinsights_sitenote_active":false,"_monsterinsights_sitenote_note":"","_monsterinsights_sitenote_category":0},"product_cat":[16,21],"product_tag":[30,25,22,32,26],"class_list":{"0":"post-530","1":"product","2":"type-product","3":"status-publish","4":"has-post-thumbnail","6":"product_cat-bez-kategorii","7":"product_cat-oryginaly-na-plotnie","8":"product_tag-50-x-70","9":"product_tag-abstrakcja","10":"product_tag-strukturalny","11":"product_tag-zaczarowany-las","12":"product_tag-zloty","14":"first","15":"instock","16":"shipping-taxable","17":"purchasable","18":"product-type-simple"},"jetpack_sharing_enabled":true,"_links":{"self":[{"href":"https:\/\/kawka-art.pl\/index.php?rest_route=\/wp\/v2\/product\/530","targetHints":{"allow":["GET"]}}],"collection":[{"href":"https:\/\/kawka-art.pl\/index.php?rest_route=\/wp\/v2\/product"}],"about":[{"href":"https:\/\/kawka-art.pl\/index.php?rest_route=\/wp\/v2\/types\/product"}],"replies":[{"embeddable":true,"href":"https:\/\/kawka-art.pl\/index.php?rest_route=%2Fwp%2Fv2%2Fcomments&post=530"}],"wp:featuredmedia":[{"embeddable":true,"href":"https:\/\/kawka-art.pl\/index.php?rest_route=\/wp\/v2\/media\/645"}],"wp:attachment":[{"href":"https:\/\/kawka-art.pl\/index.php?rest_route=%2Fwp%2Fv2%2Fmedia&parent=530"}],"wp:term":[{"taxonomy":"product_cat","embeddable":true,"href":"https:\/\/kawka-art.pl\/index.php?rest_route=%2Fwp%2Fv2%2Fproduct_cat&post=530"},{"taxonomy":"product_tag","embeddable":true,"href":"https:\/\/kawka-art.pl\/index.php?rest_route=%2Fwp%2Fv2%2Fproduct_tag&post=530"}],"curies":[{"name":"wp","href":"https:\/\/api.w.org\/{rel}","templated":true}]}}