{"id":558,"date":"2025-05-17T15:03:50","date_gmt":"2025-05-17T13:03:50","guid":{"rendered":"https:\/\/kawka-art.pl\/?post_type=product&#038;p=558"},"modified":"2026-01-04T20:39:25","modified_gmt":"2026-01-04T19:39:25","slug":"w-strone-swiatla-2","status":"publish","type":"product","link":"https:\/\/kawka-art.pl\/?product=w-strone-swiatla-2","title":{"rendered":"W stron\u0119 \u015bwiat\u0142a 2"},"content":{"rendered":"<p>\u201eW stron\u0119 \u015bwiat\u0142a 2\u201d, wym. 120 x 80 cm, akryl i struktura<\/p>\n<div>Ten pi\u0119kny pejza\u017c \u0142\u0105czy subtelne faktury z delikatn\u0105 palet\u0105 barw ziemi i nieba. Strukturalna powierzchnia i mi\u0119kkie przej\u015bcia kolorystyczne tworz\u0105 poczucie g\u0142\u0119bi i atmosfery \u2013 jakby czas zatrzyma\u0142 si\u0119 na moment tu\u017c przed zmierzchem lub zaraz po \u015bwicie.<\/div>\n<div dir=\"auto\"><\/div>\n<div dir=\"auto\">Idealny dla mi\u0142o\u015bnik\u00f3w minimalizmu, natury i spokojnych, eterycznych kompozycji. Obraz doskonale sprawdzi si\u0119 w salonie, sypialni czy przestrzeni biurowej, nadaj\u0105c jej naturalnego, ciep\u0142ego charakteru.<\/div>\n<div dir=\"auto\"><\/div>\n<div dir=\"auto\">Prezentowana rama nie stanowi przedmiotu sprzeda\u017cy. Napisz do mnie a z przyjemno\u015bci\u0105 pomog\u0119 Ci dobra\u0107 obramowanie.<\/div>\n<div dir=\"auto\"><\/div>\n<div dir=\"auto\">Boki obrazu zosta\u0142y wyko\u0144czone na bia\u0142o. Obraz zosta\u0142 zabezpieczony matowym werniksem.<\/div>\n","protected":false},"excerpt":{"rendered":"<p>\u201eW stron\u0119 \u015bwiat\u0142a 2\u201d, wym. 120 x 80 cm, akryl i struktura<\/p>\n<div>Ten pi\u0119kny pejza\u017c \u0142\u0105czy subtelne faktury z delikatn\u0105 palet\u0105 barw ziemi i nieba. Strukturalna powierzchnia i mi\u0119kkie przej\u015bcia kolorystyczne tworz\u0105 poczucie g\u0142\u0119bi i atmosfery \u2013 jakby czas zatrzyma\u0142 si\u0119 na moment tu\u017c przed zmierzchem lub zaraz po \u015bwicie.<\/div>\n<div dir=\"auto\"><\/div>\n<div dir=\"auto\">Idealny dla mi\u0142o\u015bnik\u00f3w minimalizmu, natury i spokojnych, eterycznych kompozycji. Obraz doskonale sprawdzi si\u0119 w salonie, sypialni czy przestrzeni biurowej, nadaj\u0105c jej naturalnego, ciep\u0142ego charakteru.<\/div>\n<div dir=\"auto\"><\/div>\n<div dir=\"auto\">Boki obrazu zosta\u0142y wyko\u0144czone na bia\u0142o. Obraz zosta\u0142 zabezpieczony matowym werniksem.<\/div>\n<div dir=\"auto\"><\/div>\n<div dir=\"auto\">Prezentowana rama nie stanowi przedmiotu sprzeda\u017cy. Napisz do mnie a z przyjemno\u015bci\u0105 pomog\u0119 Ci dobra\u0107 obramowanie.<\/div>\n","protected":false},"featured_media":560,"comment_status":"open","ping_status":"closed","template":"","meta":{"_monsterinsights_skip_tracking":false,"_monsterinsights_sitenote_active":false,"_monsterinsights_sitenote_note":"","_monsterinsights_sitenote_category":0},"product_cat":[16,21],"product_tag":[35,45,48,41,49,69,22],"class_list":{"0":"post-558","1":"product","2":"type-product","3":"status-publish","4":"has-post-thumbnail","6":"product_cat-bez-kategorii","7":"product_cat-oryginaly-na-plotnie","8":"product_tag-120-x-80","9":"product_tag-brazowy","10":"product_tag-landscapes","11":"product_tag-niebieski","12":"product_tag-pejzaz","13":"product_tag-pejzaz-strukturalny","14":"product_tag-strukturalny","16":"first","17":"outofstock","18":"shipping-taxable","19":"purchasable","20":"product-type-simple"},"jetpack_sharing_enabled":true,"_links":{"self":[{"href":"https:\/\/kawka-art.pl\/index.php?rest_route=\/wp\/v2\/product\/558","targetHints":{"allow":["GET"]}}],"collection":[{"href":"https:\/\/kawka-art.pl\/index.php?rest_route=\/wp\/v2\/product"}],"about":[{"href":"https:\/\/kawka-art.pl\/index.php?rest_route=\/wp\/v2\/types\/product"}],"replies":[{"embeddable":true,"href":"https:\/\/kawka-art.pl\/index.php?rest_route=%2Fwp%2Fv2%2Fcomments&post=558"}],"wp:featuredmedia":[{"embeddable":true,"href":"https:\/\/kawka-art.pl\/index.php?rest_route=\/wp\/v2\/media\/560"}],"wp:attachment":[{"href":"https:\/\/kawka-art.pl\/index.php?rest_route=%2Fwp%2Fv2%2Fmedia&parent=558"}],"wp:term":[{"taxonomy":"product_cat","embeddable":true,"href":"https:\/\/kawka-art.pl\/index.php?rest_route=%2Fwp%2Fv2%2Fproduct_cat&post=558"},{"taxonomy":"product_tag","embeddable":true,"href":"https:\/\/kawka-art.pl\/index.php?rest_route=%2Fwp%2Fv2%2Fproduct_tag&post=558"}],"curies":[{"name":"wp","href":"https:\/\/api.w.org\/{rel}","templated":true}]}}