{"id":566,"date":"2025-05-18T19:39:40","date_gmt":"2025-05-18T17:39:40","guid":{"rendered":"https:\/\/kawka-art.pl\/?post_type=product&#038;p=566"},"modified":"2026-01-09T10:49:25","modified_gmt":"2026-01-09T09:49:25","slug":"cien-ksiezyca","status":"publish","type":"product","link":"https:\/\/kawka-art.pl\/?product=cien-ksiezyca","title":{"rendered":"Cie\u0144 ksi\u0119\u017cyca"},"content":{"rendered":"<p>&#8222;Cie\u0144 ksi\u0119\u017cyca&#8221;, wym. 100 x 80 cm, akryl, 2025<\/p>\n<p>\u201eCie\u0144 Ksi\u0119\u017cyca\u201d to nastrojowy pejza\u017c, kt\u00f3ry przenosi widza w tajemniczy, niemal oniryczny \u015bwiat przyrody spowitej ksi\u0119\u017cycow\u0105 po\u015bwiat\u0105. Delikatna gra \u015bwiate\u0142 i cieni, stonowane barwy oraz subtelna g\u0142\u0119bia sprawiaj\u0105, \u017ce obraz emanuje spokojem i melancholi\u0105. Centralny nurt rzeki prowadzi wzrok ku horyzontowi, gdzie niebo zlewa si\u0119 z wod\u0105, tworz\u0105c atmosfer\u0119 ciszy i zadumy.<\/p>\n<p>Prezentowana rama nie stanowi przedmiotu sprzeda\u017cy. Napisz do mnie wiadomo\u015b\u0107 a z przyjemno\u015bci\u0105 doradz\u0119 Ci w kwestii obramowania.<\/p>\n<p>Obraz zosta\u0142 pokryty matowym werniksem jako zabezpieczenie przed wnikaniem kurzu i promieniowaniem UV. Do ka\u017cdego obrazu dodaj\u0119 certyfikat autentyczno\u015bci, kt\u00f3ry potwierdza autentyczno\u015b\u0107 dzie\u0142a obraz buduje jego warto\u015b\u0107 na rynku. Do przesy\u0142ki za\u0142\u0105czam r\u00f3wnie\u017c zestaw monta\u017cowy.<\/p>\n<p>W cenie zosta\u0142a zawarta przesy\u0142ka kurierem na terenie Polski.<\/p>\n","protected":false},"excerpt":{"rendered":"<p>&#8222;Cie\u0144 ksi\u0119\u017cyca&#8221;, wym. 100 x 80 cm, akryl, 2025<\/p>\n<p>\u201eCie\u0144 Ksi\u0119\u017cyca\u201d to nastrojowy pejza\u017c, kt\u00f3ry przenosi widza w tajemniczy, niemal oniryczny \u015bwiat przyrody spowitej ksi\u0119\u017cycow\u0105 po\u015bwiat\u0105. Delikatna gra \u015bwiate\u0142 i cieni, stonowane barwy oraz subtelna g\u0142\u0119bia sprawiaj\u0105, \u017ce obraz emanuje spokojem i melancholi\u0105. Centralny nurt rzeki prowadzi wzrok ku horyzontowi, gdzie niebo zlewa si\u0119 z wod\u0105, tworz\u0105c atmosfer\u0119 ciszy i zadumy.<\/p>\n<p>Prezentowana rama nie stanowi przedmiotu sprzeda\u017cy. Napisz do mnie wiadomo\u015b\u0107 a z przyjemno\u015bci\u0105 doradz\u0119 Ci w kwestii obramowania.<\/p>\n<p>Obraz zosta\u0142 pokryty matowym werniksem.<\/p>\n","protected":false},"featured_media":718,"comment_status":"open","ping_status":"closed","template":"","meta":{"_monsterinsights_skip_tracking":false,"_monsterinsights_sitenote_active":false,"_monsterinsights_sitenote_note":"","_monsterinsights_sitenote_category":0},"product_cat":[16,21],"product_tag":[23,45,46,48,41,49,22],"class_list":{"0":"post-566","1":"product","2":"type-product","3":"status-publish","4":"has-post-thumbnail","6":"product_cat-bez-kategorii","7":"product_cat-oryginaly-na-plotnie","8":"product_tag-100-x-80","9":"product_tag-brazowy","10":"product_tag-ksiezyc","11":"product_tag-landscapes","12":"product_tag-niebieski","13":"product_tag-pejzaz","14":"product_tag-strukturalny","16":"first","17":"instock","18":"shipping-taxable","19":"purchasable","20":"product-type-simple"},"jetpack_sharing_enabled":true,"_links":{"self":[{"href":"https:\/\/kawka-art.pl\/index.php?rest_route=\/wp\/v2\/product\/566","targetHints":{"allow":["GET"]}}],"collection":[{"href":"https:\/\/kawka-art.pl\/index.php?rest_route=\/wp\/v2\/product"}],"about":[{"href":"https:\/\/kawka-art.pl\/index.php?rest_route=\/wp\/v2\/types\/product"}],"replies":[{"embeddable":true,"href":"https:\/\/kawka-art.pl\/index.php?rest_route=%2Fwp%2Fv2%2Fcomments&post=566"}],"wp:featuredmedia":[{"embeddable":true,"href":"https:\/\/kawka-art.pl\/index.php?rest_route=\/wp\/v2\/media\/718"}],"wp:attachment":[{"href":"https:\/\/kawka-art.pl\/index.php?rest_route=%2Fwp%2Fv2%2Fmedia&parent=566"}],"wp:term":[{"taxonomy":"product_cat","embeddable":true,"href":"https:\/\/kawka-art.pl\/index.php?rest_route=%2Fwp%2Fv2%2Fproduct_cat&post=566"},{"taxonomy":"product_tag","embeddable":true,"href":"https:\/\/kawka-art.pl\/index.php?rest_route=%2Fwp%2Fv2%2Fproduct_tag&post=566"}],"curies":[{"name":"wp","href":"https:\/\/api.w.org\/{rel}","templated":true}]}}