{"id":584,"date":"2025-05-26T23:01:21","date_gmt":"2025-05-26T21:01:21","guid":{"rendered":"https:\/\/kawka-art.pl\/?post_type=product&#038;p=584"},"modified":"2026-01-04T20:39:14","modified_gmt":"2026-01-04T19:39:14","slug":"granica-swiatow","status":"publish","type":"product","link":"https:\/\/kawka-art.pl\/?product=granica-swiatow","title":{"rendered":"Granica \u015awiat\u00f3w"},"content":{"rendered":"<p>&#8222;Granica \u015awiat\u00f3w&#8221;, wym. 60 x 80 cm, struktura i akryl, 2025 To kolejny sielski pejza\u017c emanuj\u0105cy spokojem i natur\u0105. Pusta \u015bcie\u017cka biegnie ku horyzontowi &#8211; granicy \u015bwiat\u00f3w czyli spokojnej, niewzruszonej ziemi i dramatycznym, ci\u0119\u017ckim niebem. Ten obraz \u015bwietnie si\u0119 odnajdzie we wn\u0119trzach mi\u0142o\u015bnik\u00f3w natury.<\/p>\n<p>Boki obrazu zosta\u0142y wyko\u0144czone na bia\u0142o. Obraz zosta\u0142 zabezpieczony matowym werniksem.<\/p>\n<p>Prezentowana rama nie stanowi przedmiotu sprzeda\u017cy. Skontaktuj si\u0119 ze mn\u0105 a z przyjemno\u015bci\u0105 pomog\u0119 Ci dobra\u0107 odpowiedni\u0105 ram\u0119.<\/p>\n<p>&nbsp;<\/p>\n","protected":false},"excerpt":{"rendered":"<p>&#8222;Granica \u015awiat\u00f3w&#8221;, wym. 60 x 80 cm, struktura i akryl, 2025 To kolejny sielski pejza\u017c emanuj\u0105cy spokojem i natur\u0105. Pusta \u015bcie\u017cka biegnie ku horyzontowi &#8211; granicy \u015bwiat\u00f3w czyli spokojnej, niewzruszonej ziemi i dramatycznym, ci\u0119\u017ckim niebem. Ten obraz \u015bwietnie si\u0119 odnajdzie we wn\u0119trzach mi\u0142o\u015bnik\u00f3w natury.<\/p>\n<p>Boki obrazu zosta\u0142y wyko\u0144czone na bia\u0142o. Obraz zosta\u0142 zabezpieczony matowym werniksem.<\/p>\n<p>Prezentowana rama nie stanowi przedmiotu sprzeda\u017cy. Skontaktuj si\u0119 ze mn\u0105 a z przyjemno\u015bci\u0105 pomog\u0119 Ci dobra\u0107 odpowiedni\u0105 ram\u0119.<\/p>\n<p>&nbsp;<\/p>\n","protected":false},"featured_media":588,"comment_status":"open","ping_status":"closed","template":"","meta":{"_monsterinsights_skip_tracking":false,"_monsterinsights_sitenote_active":false,"_monsterinsights_sitenote_note":"","_monsterinsights_sitenote_category":0},"product_cat":[16,21],"product_tag":[50,45,48,41,49,69,22],"class_list":{"0":"post-584","1":"product","2":"type-product","3":"status-publish","4":"has-post-thumbnail","6":"product_cat-bez-kategorii","7":"product_cat-oryginaly-na-plotnie","8":"product_tag-60-x-80","9":"product_tag-brazowy","10":"product_tag-landscapes","11":"product_tag-niebieski","12":"product_tag-pejzaz","13":"product_tag-pejzaz-strukturalny","14":"product_tag-strukturalny","16":"first","17":"outofstock","18":"shipping-taxable","19":"purchasable","20":"product-type-simple"},"jetpack_sharing_enabled":true,"_links":{"self":[{"href":"https:\/\/kawka-art.pl\/index.php?rest_route=\/wp\/v2\/product\/584","targetHints":{"allow":["GET"]}}],"collection":[{"href":"https:\/\/kawka-art.pl\/index.php?rest_route=\/wp\/v2\/product"}],"about":[{"href":"https:\/\/kawka-art.pl\/index.php?rest_route=\/wp\/v2\/types\/product"}],"replies":[{"embeddable":true,"href":"https:\/\/kawka-art.pl\/index.php?rest_route=%2Fwp%2Fv2%2Fcomments&post=584"}],"wp:featuredmedia":[{"embeddable":true,"href":"https:\/\/kawka-art.pl\/index.php?rest_route=\/wp\/v2\/media\/588"}],"wp:attachment":[{"href":"https:\/\/kawka-art.pl\/index.php?rest_route=%2Fwp%2Fv2%2Fmedia&parent=584"}],"wp:term":[{"taxonomy":"product_cat","embeddable":true,"href":"https:\/\/kawka-art.pl\/index.php?rest_route=%2Fwp%2Fv2%2Fproduct_cat&post=584"},{"taxonomy":"product_tag","embeddable":true,"href":"https:\/\/kawka-art.pl\/index.php?rest_route=%2Fwp%2Fv2%2Fproduct_tag&post=584"}],"curies":[{"name":"wp","href":"https:\/\/api.w.org\/{rel}","templated":true}]}}