{"id":618,"date":"2025-07-04T14:16:28","date_gmt":"2025-07-04T12:16:28","guid":{"rendered":"https:\/\/kawka-art.pl\/?post_type=product&#038;p=618"},"modified":"2026-01-07T20:08:34","modified_gmt":"2026-01-07T19:08:34","slug":"zlota-dolina-2","status":"publish","type":"product","link":"https:\/\/kawka-art.pl\/?product=zlota-dolina-2","title":{"rendered":"Z\u0142ota Dolina 2"},"content":{"rendered":"<p>&#8222;Z\u0142ota Dolina 2&#8221;, wym. 80 x 80 cm x 2 cm, pasty strukturalne i akryl na p\u0142\u00f3tnie bawe\u0142nianym. To pejza\u017c z mocn\u0105 struktur\u0105 przenosz\u0105cy widza w ciche, zamglone g\u00f3ry, gdzie ostatnie promienie s\u0142o\u0144ca delikatnie roz\u015bwietlaj\u0105 dolin\u0119. Nad l\u0105dem g\u00f3ruje roz\u015bwietlony ksi\u0119\u017cyc &#8211; m\u00f3j ulubiony motyw w malarstwie. Dzi\u0119ki subtelnej palecie barw &#8211; od ciep\u0142ych br\u0105z\u00f3w po ch\u0142odne szaro\u015bci &#8211; obraz doskonale wkomponuje si\u0119 w zar\u00f3wno nowoczesne jak i klasyczne wn\u0119trze. Mocna struktura w po\u0142\u0105czeniu z metalicznym pigmentem nadaje g\u0142\u0119bi i sprawia, \u017ce obraz zmienia si\u0119 w zale\u017cno\u015bci od k\u0105ta padania \u015bwiat\u0142a\/pory dnia.<\/p>\n<p>Obraz zosta\u0142 zabezpieczony werniksem matowym.<\/p>\n<p>Napisz do mnie wiadomo\u015b\u0107 a z przyjemno\u015bci\u0105 pomog\u0119 Ci dobra\u0107 odpowiedni\u0105 ram\u0119.<\/p>\n","protected":false},"excerpt":{"rendered":"<p>&#8222;Z\u0142ota Dolina 2&#8221;, wym. 80 x 80 cm x 2 cm, pasty strukturalne i akryl na p\u0142\u00f3tnie bawe\u0142nianym. To pejza\u017c z mocn\u0105 struktur\u0105 przenosz\u0105cy widza w ciche, zamglone g\u00f3ry, gdzie ostatnie promienie s\u0142o\u0144ca delikatnie roz\u015bwietlaj\u0105 dolin\u0119. Nad l\u0105dem g\u00f3ruje roz\u015bwietlony ksi\u0119\u017cyc &#8211; m\u00f3j ulubiony motyw w malarstwie.<\/p>\n<p>Dzi\u0119ki subtelnej palecie barw &#8211; od ciep\u0142ych br\u0105z\u00f3w po ch\u0142odne szaro\u015bci &#8211; obraz doskonale wkomponuje si\u0119 w zar\u00f3wno nowoczesne jak i klasyczne wn\u0119trze. Mocna struktura w po\u0142\u0105czeniu z metalicznym pigmentem nadaje g\u0142\u0119bi i sprawia, \u017ce obraz zmienia si\u0119 w zale\u017cno\u015bci od k\u0105ta padania \u015bwiat\u0142a\/pory dnia.<\/p>\n<p>Obraz zosta\u0142 zabezpieczony werniksem matowym.<\/p>\n<p>Napisz do mnie wiadomo\u015b\u0107 a z przyjemno\u015bci\u0105 pomog\u0119 Ci dobra\u0107 odpowiedni\u0105 ram\u0119.<\/p>\n<p>Cena obrazu zawiera wysy\u0142k\u0119 kurierem DPD na terenie Polski.<\/p>\n","protected":false},"featured_media":619,"comment_status":"open","ping_status":"closed","template":"","meta":{"_monsterinsights_skip_tracking":false,"_monsterinsights_sitenote_active":false,"_monsterinsights_sitenote_note":"","_monsterinsights_sitenote_category":0},"product_cat":[16,21],"product_tag":[52,51,45,47,46,53,31,22,68,26],"class_list":{"0":"post-618","1":"product","2":"type-product","3":"status-publish","4":"has-post-thumbnail","6":"product_cat-bez-kategorii","7":"product_cat-oryginaly-na-plotnie","8":"product_tag-80-x-80","9":"product_tag-bezowy","10":"product_tag-brazowy","11":"product_tag-gory","12":"product_tag-ksiezyc","13":"product_tag-las","14":"product_tag-rozowy","15":"product_tag-strukturalny","16":"product_tag-zlota-dolina","17":"product_tag-zloty","19":"first","20":"outofstock","21":"shipping-taxable","22":"purchasable","23":"product-type-simple"},"jetpack_sharing_enabled":true,"_links":{"self":[{"href":"https:\/\/kawka-art.pl\/index.php?rest_route=\/wp\/v2\/product\/618","targetHints":{"allow":["GET"]}}],"collection":[{"href":"https:\/\/kawka-art.pl\/index.php?rest_route=\/wp\/v2\/product"}],"about":[{"href":"https:\/\/kawka-art.pl\/index.php?rest_route=\/wp\/v2\/types\/product"}],"replies":[{"embeddable":true,"href":"https:\/\/kawka-art.pl\/index.php?rest_route=%2Fwp%2Fv2%2Fcomments&post=618"}],"wp:featuredmedia":[{"embeddable":true,"href":"https:\/\/kawka-art.pl\/index.php?rest_route=\/wp\/v2\/media\/619"}],"wp:attachment":[{"href":"https:\/\/kawka-art.pl\/index.php?rest_route=%2Fwp%2Fv2%2Fmedia&parent=618"}],"wp:term":[{"taxonomy":"product_cat","embeddable":true,"href":"https:\/\/kawka-art.pl\/index.php?rest_route=%2Fwp%2Fv2%2Fproduct_cat&post=618"},{"taxonomy":"product_tag","embeddable":true,"href":"https:\/\/kawka-art.pl\/index.php?rest_route=%2Fwp%2Fv2%2Fproduct_tag&post=618"}],"curies":[{"name":"wp","href":"https:\/\/api.w.org\/{rel}","templated":true}]}}