{"id":658,"date":"2025-08-08T11:50:31","date_gmt":"2025-08-08T09:50:31","guid":{"rendered":"https:\/\/kawka-art.pl\/?post_type=product&#038;p=658"},"modified":"2026-01-04T20:39:05","modified_gmt":"2026-01-04T19:39:05","slug":"morze","status":"publish","type":"product","link":"https:\/\/kawka-art.pl\/?product=morze","title":{"rendered":"Morze"},"content":{"rendered":"<p>&#8222;Morze, 120 x 80 cm, akryl i pasty strukturalne na podobraziu bawe\u0142nianym, 2025<\/p>\n<p>Ten koj\u0105cy, przytulny obraz to harmonijne po\u0142\u0105czenie delikatnych b\u0142\u0119kit\u00f3w, bieli i stonowanego granatu. Inspirowany spokojnym horyzontem \u2013 koi zmys\u0142y i nadaje wn\u0119trzu wyrafinowan\u0105 lekko\u015b\u0107. Ciekawa struktura wprowadza g\u0142\u0119bi\u0119 dzi\u0119ki grze \u015bwiat\u0142a.<\/p>\n<p>Obraz b\u0119dzie idealny do wn\u0119trz nowoczesnych, minimalistycznych japandi, boho czy skandynawskich. B\u0119dzie idealnym dodatkiem do przytulnych salon\u00f3w z drewnem i naturalnymi materia\u0142ami.<\/p>\n<p>Obraz zosta\u0142 zabezpieczony matowym werniksem. Do ka\u017cdego obrazu dodaj\u0119 certyfikat autentyczno\u015bci, kt\u00f3ry potwierdza autentyczno\u015b\u0107 r\u0119kodzie\u0142a oraz buduje warto\u015b\u0107 dzie\u0142a na rynku.<\/p>\n<p>Cena zawiera przesy\u0142k\u0119 za po\u015brednictwem kuriera DPD.<\/p>\n<p>Prezentowana rama nie stanowi przedmiotu sprzeda\u017cy. Napisz do mnie a z przyjemno\u015bci\u0105 pomog\u0119 Ci dobra\u0107 ram\u0119 pasuj\u0105c\u0105 zar\u00f3wno do obrazu jak i Twojego wn\u0119trza.<\/p>\n","protected":false},"excerpt":{"rendered":"<p>&#8222;Morze, 120 x 80 cm, akryl i pasty strukturalne, 2025<\/p>\n<p>Ten obraz to harmonijne po\u0142\u0105czenie delikatnych b\u0142\u0119kit\u00f3w, bieli i stonowanego granatu. Inspirowany spokojnym horyzontem \u2013 koi zmys\u0142y i nadaje wn\u0119trzu wyrafinowan\u0105 lekko\u015b\u0107. Ciekawa struktura wprowadza g\u0142\u0119bi\u0119 dzi\u0119ki grze \u015bwiat\u0142a.<\/p>\n<p>Obraz b\u0119dzie idealny do wn\u0119trz nowoczesnych, minimalistycznych japandi, boho czy skandynawskich. B\u0119dzie idealnym dodatkiem do przytulnych salon\u00f3w z drewnem i naturalnymi materia\u0142ami.<\/p>\n<p>Prezentowana rama nie stanowi przedmiotu sprzeda\u017cy. Napisz do mnie a z przyjemno\u015bci\u0105 pomog\u0119 Ci dobra\u0107 ram\u0119 pasuj\u0105c\u0105 zar\u00f3wno do obrazu jak i Twojego wn\u0119trza.<\/p>\n<p>Obraz zosta\u0142 zabezpieczony matowym werniksem. Do ka\u017cdego obrazu dodaj\u0119 certyfikat autentyczno\u015bci, kt\u00f3ry potwierdza autentyczno\u015b\u0107 r\u0119kodzie\u0142a oraz buduje warto\u015b\u0107 dzie\u0142a na rynku.<\/p>\n<p>Cena zawiera przesy\u0142k\u0119 za po\u015brednictwem kuriera DPD.<\/p>\n","protected":false},"featured_media":666,"comment_status":"open","ping_status":"closed","template":"","meta":{"_monsterinsights_skip_tracking":false,"_monsterinsights_sitenote_active":false,"_monsterinsights_sitenote_note":"","_monsterinsights_sitenote_category":0},"product_cat":[16,21],"product_tag":[35,39,57,41,69,22],"class_list":{"0":"post-658","1":"product","2":"type-product","3":"status-publish","4":"has-post-thumbnail","6":"product_cat-bez-kategorii","7":"product_cat-oryginaly-na-plotnie","8":"product_tag-120-x-80","9":"product_tag-bialy","10":"product_tag-morze","11":"product_tag-niebieski","12":"product_tag-pejzaz-strukturalny","13":"product_tag-strukturalny","15":"first","16":"outofstock","17":"shipping-taxable","18":"purchasable","19":"product-type-simple"},"jetpack_sharing_enabled":true,"_links":{"self":[{"href":"https:\/\/kawka-art.pl\/index.php?rest_route=\/wp\/v2\/product\/658","targetHints":{"allow":["GET"]}}],"collection":[{"href":"https:\/\/kawka-art.pl\/index.php?rest_route=\/wp\/v2\/product"}],"about":[{"href":"https:\/\/kawka-art.pl\/index.php?rest_route=\/wp\/v2\/types\/product"}],"replies":[{"embeddable":true,"href":"https:\/\/kawka-art.pl\/index.php?rest_route=%2Fwp%2Fv2%2Fcomments&post=658"}],"wp:featuredmedia":[{"embeddable":true,"href":"https:\/\/kawka-art.pl\/index.php?rest_route=\/wp\/v2\/media\/666"}],"wp:attachment":[{"href":"https:\/\/kawka-art.pl\/index.php?rest_route=%2Fwp%2Fv2%2Fmedia&parent=658"}],"wp:term":[{"taxonomy":"product_cat","embeddable":true,"href":"https:\/\/kawka-art.pl\/index.php?rest_route=%2Fwp%2Fv2%2Fproduct_cat&post=658"},{"taxonomy":"product_tag","embeddable":true,"href":"https:\/\/kawka-art.pl\/index.php?rest_route=%2Fwp%2Fv2%2Fproduct_tag&post=658"}],"curies":[{"name":"wp","href":"https:\/\/api.w.org\/{rel}","templated":true}]}}