{"id":677,"date":"2025-09-02T21:09:44","date_gmt":"2025-09-02T19:09:44","guid":{"rendered":"https:\/\/kawka-art.pl\/?post_type=product&#038;p=677"},"modified":"2025-09-23T21:13:19","modified_gmt":"2025-09-23T19:13:19","slug":"wybrzeze-2","status":"publish","type":"product","link":"https:\/\/kawka-art.pl\/?product=wybrzeze-2","title":{"rendered":"Wybrze\u017ce 2"},"content":{"rendered":"<p>&#8222;Wybrze\u017ce 2&#8221;, wym. 160 x 100 cm, akryl i pasty strukturalne, technika w\u0142asna<\/p>\n<p>Ten koj\u0105cy pejza\u017c strukturalny to morska abstrakcja. Jej lekka struktura i oceaniczne niebiesko\u015bci przywo\u0142uj\u0105 morze, z\u0142ote detale to s\u0142o\u0144ce mieni\u0105ce si\u0119 w tafli wody, natomiast dynamiczna kompozycja imituje ruch wody.<\/p>\n<p>Ten obraz wzbudza spok\u00f3j, ukojenie, harmoni\u0119, wspiera wyciszenie.<\/p>\n<p>Obraz zosta\u0142 zabezpieczony werniksem przed promieniowaniem UV i kurzem.<\/p>\n<p>&nbsp;<\/p>\n","protected":false},"excerpt":{"rendered":"<p>&#8222;Wybrze\u017ce 2&#8221;, wym. 160 x 100 cm, akryl i pasty strukturalne, technika w\u0142asna<\/p>\n<p>Ten koj\u0105cy pejza\u017c strukturalny to morska abstrakcja. Jej lekka struktura i oceaniczne niebiesko\u015bci przywo\u0142uj\u0105 morze, z\u0142ote detale to s\u0142o\u0144ce mieni\u0105ce si\u0119 w tafli wody, natomiast dynamiczna kompozycja imituje ruch wody.<\/p>\n<p>Ten obraz wzbudza spok\u00f3j, ukojenie, harmoni\u0119, wspiera wyciszenie.<\/p>\n<p>Obraz zosta\u0142 zabezpieczony werniksem przed promieniowaniem UV i kurzem.<\/p>\n<p>&nbsp;<\/p>\n","protected":false},"featured_media":678,"comment_status":"open","ping_status":"closed","template":"","meta":{"_monsterinsights_skip_tracking":false,"_monsterinsights_sitenote_active":false,"_monsterinsights_sitenote_note":"","_monsterinsights_sitenote_category":0},"product_cat":[16,21],"product_tag":[25,51,39,24,57,41,22,26],"class_list":{"0":"post-677","1":"product","2":"type-product","3":"status-publish","4":"has-post-thumbnail","6":"product_cat-bez-kategorii","7":"product_cat-oryginaly-na-plotnie","8":"product_tag-abstrakcja","9":"product_tag-bezowy","10":"product_tag-bialy","11":"product_tag-kolekcja-wszystko-plynie","12":"product_tag-morze","13":"product_tag-niebieski","14":"product_tag-strukturalny","15":"product_tag-zloty","17":"first","18":"outofstock","19":"shipping-taxable","20":"purchasable","21":"product-type-simple"},"jetpack_sharing_enabled":true,"_links":{"self":[{"href":"https:\/\/kawka-art.pl\/index.php?rest_route=\/wp\/v2\/product\/677","targetHints":{"allow":["GET"]}}],"collection":[{"href":"https:\/\/kawka-art.pl\/index.php?rest_route=\/wp\/v2\/product"}],"about":[{"href":"https:\/\/kawka-art.pl\/index.php?rest_route=\/wp\/v2\/types\/product"}],"replies":[{"embeddable":true,"href":"https:\/\/kawka-art.pl\/index.php?rest_route=%2Fwp%2Fv2%2Fcomments&post=677"}],"wp:featuredmedia":[{"embeddable":true,"href":"https:\/\/kawka-art.pl\/index.php?rest_route=\/wp\/v2\/media\/678"}],"wp:attachment":[{"href":"https:\/\/kawka-art.pl\/index.php?rest_route=%2Fwp%2Fv2%2Fmedia&parent=677"}],"wp:term":[{"taxonomy":"product_cat","embeddable":true,"href":"https:\/\/kawka-art.pl\/index.php?rest_route=%2Fwp%2Fv2%2Fproduct_cat&post=677"},{"taxonomy":"product_tag","embeddable":true,"href":"https:\/\/kawka-art.pl\/index.php?rest_route=%2Fwp%2Fv2%2Fproduct_tag&post=677"}],"curies":[{"name":"wp","href":"https:\/\/api.w.org\/{rel}","templated":true}]}}