{"id":687,"date":"2025-09-14T14:23:23","date_gmt":"2025-09-14T12:23:23","guid":{"rendered":"https:\/\/kawka-art.pl\/?post_type=product&#038;p=687"},"modified":"2026-01-04T20:38:44","modified_gmt":"2026-01-04T19:38:44","slug":"cieply-wieczor","status":"publish","type":"product","link":"https:\/\/kawka-art.pl\/?product=cieply-wieczor","title":{"rendered":"Ciep\u0142y wiecz\u00f3r"},"content":{"rendered":"<p>&#8222;Ciep\u0142y wiecz\u00f3r&#8221;, 100 x 70 cm, akryl i pasty strukturalne na podobraziu bawe\u0142nianym<\/p>\n<p>Ten nastrojowy pejza\u017c strukturalny oddaje subtelne pi\u0119kno natury. Pastelowe odcienie tworz\u0105 pi\u0119kn\u0105 gr\u0119 \u015bwiat\u0142a na spokojnym, wieczornym niebie pe\u0142nym roz\u015bwietlonych chmur. Horyzont zarysowany lini\u0105 drzew oraz ziemiste barwy p\u00f3l nadaj\u0105 kompozycji harmoni\u0119 i poczucie wyciszenia.<\/p>\n<p>Obraz posiada wyra\u017an\u0105 faktur\u0119, kt\u00f3ra podkre\u015bla g\u0142\u0119bi\u0119 i autentyczno\u015b\u0107 krajobrazu.<\/p>\n<p>Idealnie sprawdzi si\u0119 w salonie czy sypialni &#8211; wsz\u0119dzie tam, gdzie pragniemy wprowadzi\u0107 atmosfer\u0119 wyciszenia.<\/p>\n<p>Przedmiotem sprzeda\u017cy jest obraz bez ramy. Skontaktuj si\u0119 ze mn\u0105 a z przyjemno\u015bci\u0105 pomog\u0119 Ci dobra\u0107 ram\u0119 odpowiedni\u0105 dla Twojego wn\u0119trza.<\/p>\n<p>Boki obrazu zosta\u0142y wyko\u0144czone na bia\u0142o. Obraz zosta\u0142 pokryty werniksem matowym zabezpieczaj\u0105cym obraz przed kurzem i promieniowaniem UV.<\/p>\n<p>W cenie zawarta jest przesy\u0142ka kurierem DPD na terenie Polski.<\/p>\n","protected":false},"excerpt":{"rendered":"<p>&#8222;Ciep\u0142y wiecz\u00f3r&#8221;, 100 x 70 cm, akryl i pasty strukturalne na podobraziu bawe\u0142nianym Ten nastrojowy pejza\u017c strukturalny oddaje subtelne pi\u0119kno natury. Pastelowe odcienie tworz\u0105 pi\u0119kn\u0105 gr\u0119 \u015bwiat\u0142a na spokojnym, wieczornym niebie pe\u0142nym roz\u015bwietlonych chmur. Horyzont zarysowany lini\u0105 drzew oraz ziemiste barwy p\u00f3l nadaj\u0105 kompozycji harmoni\u0119 i poczucie wyciszenia. Obraz posiada wyra\u017an\u0105 faktur\u0119, kt\u00f3ra podkre\u015bla g\u0142\u0119bi\u0119&#8230;<\/p>\n","protected":false},"featured_media":688,"comment_status":"open","ping_status":"closed","template":"","meta":{"_monsterinsights_skip_tracking":false,"_monsterinsights_sitenote_active":false,"_monsterinsights_sitenote_note":"","_monsterinsights_sitenote_category":0},"product_cat":[16,21],"product_tag":[40,51,45,59,48,41,49,69,58,31,22,36],"class_list":{"0":"post-687","1":"product","2":"type-product","3":"status-publish","4":"has-post-thumbnail","6":"product_cat-bez-kategorii","7":"product_cat-oryginaly-na-plotnie","8":"product_tag-100-x-70","9":"product_tag-bezowy","10":"product_tag-brazowy","11":"product_tag-chmury","12":"product_tag-landscapes","13":"product_tag-niebieski","14":"product_tag-pejzaz","15":"product_tag-pejzaz-strukturalny","16":"product_tag-pole","17":"product_tag-rozowy","18":"product_tag-strukturalny","19":"product_tag-zielony","21":"first","22":"outofstock","23":"shipping-taxable","24":"purchasable","25":"product-type-simple"},"jetpack_sharing_enabled":true,"_links":{"self":[{"href":"https:\/\/kawka-art.pl\/index.php?rest_route=\/wp\/v2\/product\/687","targetHints":{"allow":["GET"]}}],"collection":[{"href":"https:\/\/kawka-art.pl\/index.php?rest_route=\/wp\/v2\/product"}],"about":[{"href":"https:\/\/kawka-art.pl\/index.php?rest_route=\/wp\/v2\/types\/product"}],"replies":[{"embeddable":true,"href":"https:\/\/kawka-art.pl\/index.php?rest_route=%2Fwp%2Fv2%2Fcomments&post=687"}],"wp:featuredmedia":[{"embeddable":true,"href":"https:\/\/kawka-art.pl\/index.php?rest_route=\/wp\/v2\/media\/688"}],"wp:attachment":[{"href":"https:\/\/kawka-art.pl\/index.php?rest_route=%2Fwp%2Fv2%2Fmedia&parent=687"}],"wp:term":[{"taxonomy":"product_cat","embeddable":true,"href":"https:\/\/kawka-art.pl\/index.php?rest_route=%2Fwp%2Fv2%2Fproduct_cat&post=687"},{"taxonomy":"product_tag","embeddable":true,"href":"https:\/\/kawka-art.pl\/index.php?rest_route=%2Fwp%2Fv2%2Fproduct_tag&post=687"}],"curies":[{"name":"wp","href":"https:\/\/api.w.org\/{rel}","templated":true}]}}