{"id":721,"date":"2025-10-25T13:52:42","date_gmt":"2025-10-25T11:52:42","guid":{"rendered":"https:\/\/kawka-art.pl\/?post_type=product&#038;p=721"},"modified":"2026-01-09T10:45:16","modified_gmt":"2026-01-09T09:45:16","slug":"zlota-dolina-5","status":"publish","type":"product","link":"https:\/\/kawka-art.pl\/?product=zlota-dolina-5","title":{"rendered":"Z\u0142ota Dolina 5"},"content":{"rendered":"<p>&#8222;Z\u0142ota Dolina 5&#8221;, wym. 120 x 120 cm, akryl i pasty strukturalne, 2025<\/p>\n<div dir=\"auto\">Ten klimatyczny pejza\u017c abstrakcyjny w ciep\u0142ych, ziemistych tonacjach be\u017cu, r\u00f3\u017cu i br\u0105zu wprowadzi do wn\u0119trza atmosfer\u0119 spokoju i harmonii. Delikatne przej\u015bcia kolorystyczne oraz subtelna struktura tworz\u0105 wra\u017cenie mglistych wzg\u00f3rz sk\u0105panych w porannym \u015bwietle.<\/div>\n<div dir=\"auto\"><\/div>\n<div dir=\"auto\">\n<div dir=\"auto\">Idealny do salonu, sypialni lub przestrzeni biurowej \u2013 doda wn\u0119trzu artystycznego charakteru i ciep\u0142a.<\/div>\n<\/div>\n<div dir=\"auto\"><\/div>\n<div dir=\"auto\">Obraz zosta\u0142 zabezpieczony matowym werniksem.<\/div>\n<div dir=\"auto\">Boki obrazu zosta\u0142y wyko\u0144czone odcieniem w ciep\u0142ym be\u017cu. Gotowy do powieszenia.<\/div>\n<div dir=\"auto\">Skontaktuj si\u0119 ze mn\u0105 a z przyjemno\u015bci\u0105 pomog\u0119 Ci dobra\u0107 idealn\u0105 ram\u0119 do obrazu oraz twojego wn\u0119trza.<\/div>\n<div dir=\"auto\"><\/div>\n<div dir=\"auto\">Darmowa dostawa kurierem na terenie Polski.<\/div>\n<div dir=\"auto\">\n<div dir=\"auto\"><\/div>\n<\/div>\n<div dir=\"auto\"><\/div>\n","protected":false},"excerpt":{"rendered":"<p>&#8222;Z\u0142ota Dolina 5&#8221;, wym. 120 x 120 cm, akryl i pasty strukturalne, 2025<\/p>\n<div dir=\"auto\">Ten klimatyczny pejza\u017c abstrakcyjny w ciep\u0142ych, ziemistych tonacjach be\u017cu, r\u00f3\u017cu i br\u0105zu wprowadzi do wn\u0119trza atmosfer\u0119 spokoju i harmonii. Delikatne przej\u015bcia kolorystyczne oraz subtelna struktura tworz\u0105 wra\u017cenie mglistych wzg\u00f3rz sk\u0105panych w porannym \u015bwietle.<\/div>\n<div dir=\"auto\"><\/div>\n<div dir=\"auto\">\n<div dir=\"auto\">Idealny do salonu, sypialni lub przestrzeni biurowej \u2013 doda wn\u0119trzu artystycznego charakteru i ciep\u0142a.<\/div>\n<\/div>\n<div dir=\"auto\"><\/div>\n<div dir=\"auto\">Obraz zosta\u0142 zabezpieczony matowym werniksem.<\/div>\n<div dir=\"auto\">Boki obrazu zosta\u0142y wyko\u0144czone odcieniem w ciep\u0142ym be\u017cu. Gotowy do powieszenia.<\/div>\n<div dir=\"auto\">Skontaktuj si\u0119 ze mn\u0105 a z przyjemno\u015bci\u0105 pomog\u0119 Ci dobra\u0107 idealn\u0105 ram\u0119 do obrazu oraz twojego wn\u0119trza.<\/div>\n<div dir=\"auto\"><\/div>\n<div dir=\"auto\">Darmowa dostawa kurierem na terenie Polski.<\/div>\n<div dir=\"auto\">\n<div dir=\"auto\"><\/div>\n<\/div>\n<div dir=\"auto\"><\/div>\n","protected":false},"featured_media":725,"comment_status":"open","ping_status":"closed","template":"","meta":{"_monsterinsights_skip_tracking":false,"_monsterinsights_sitenote_active":false,"_monsterinsights_sitenote_note":"","_monsterinsights_sitenote_category":0},"product_cat":[16,21],"product_tag":[61,25,51,45,22,68,26],"class_list":{"0":"post-721","1":"product","2":"type-product","3":"status-publish","4":"has-post-thumbnail","6":"product_cat-bez-kategorii","7":"product_cat-oryginaly-na-plotnie","8":"product_tag-120-x-120","9":"product_tag-abstrakcja","10":"product_tag-bezowy","11":"product_tag-brazowy","12":"product_tag-strukturalny","13":"product_tag-zlota-dolina","14":"product_tag-zloty","16":"first","17":"outofstock","18":"shipping-taxable","19":"purchasable","20":"product-type-simple"},"jetpack_sharing_enabled":true,"_links":{"self":[{"href":"https:\/\/kawka-art.pl\/index.php?rest_route=\/wp\/v2\/product\/721","targetHints":{"allow":["GET"]}}],"collection":[{"href":"https:\/\/kawka-art.pl\/index.php?rest_route=\/wp\/v2\/product"}],"about":[{"href":"https:\/\/kawka-art.pl\/index.php?rest_route=\/wp\/v2\/types\/product"}],"replies":[{"embeddable":true,"href":"https:\/\/kawka-art.pl\/index.php?rest_route=%2Fwp%2Fv2%2Fcomments&post=721"}],"wp:featuredmedia":[{"embeddable":true,"href":"https:\/\/kawka-art.pl\/index.php?rest_route=\/wp\/v2\/media\/725"}],"wp:attachment":[{"href":"https:\/\/kawka-art.pl\/index.php?rest_route=%2Fwp%2Fv2%2Fmedia&parent=721"}],"wp:term":[{"taxonomy":"product_cat","embeddable":true,"href":"https:\/\/kawka-art.pl\/index.php?rest_route=%2Fwp%2Fv2%2Fproduct_cat&post=721"},{"taxonomy":"product_tag","embeddable":true,"href":"https:\/\/kawka-art.pl\/index.php?rest_route=%2Fwp%2Fv2%2Fproduct_tag&post=721"}],"curies":[{"name":"wp","href":"https:\/\/api.w.org\/{rel}","templated":true}]}}