{"id":727,"date":"2025-10-31T13:52:28","date_gmt":"2025-10-31T12:52:28","guid":{"rendered":"https:\/\/kawka-art.pl\/?post_type=product&#038;p=727"},"modified":"2026-01-09T10:44:32","modified_gmt":"2026-01-09T09:44:32","slug":"moja-droga-i-dyptyk","status":"publish","type":"product","link":"https:\/\/kawka-art.pl\/?product=moja-droga-i-dyptyk","title":{"rendered":"Moja Droga I Dyptyk"},"content":{"rendered":"<p>&#8222;Moja Droga&#8221;, dyptyk, ka\u017cdy z obraz\u00f3w w wym. 100 x 70 cm, akryl i pasty strukturalne<\/p>\n<p>&#8222;Moja droga&#8221; to malarski zapis podr\u00f3\u017cy ka\u017cdego z nas &#8211; ka\u017cdy z nas odbywa swoj\u0105 drog\u0119 w poszukiwaniu sensu, spokoju i w\u0142asnego miejsca. Tutaj g\u00f3ry symbolizuj\u0105 wyzwania, kt\u00f3re kszta\u0142tuj\u0105 cz\u0142owieka, a \u0142agodne \u015bwiat\u0142o wschodz\u0105cego dnia przypomina, \u017ce ka\u017cda droga, nawet ta najtrudniejsza, prowadzi ku nowemu pocz\u0105tkowi.<\/p>\n<p>G\u00f3rski pejza\u017c strukturalny w ciep\u0142ych, pastelowych barwach. Subtelne przej\u015bcia kolor\u00f3w &#8211; od delikatnych r\u00f3\u017c\u00f3w i b\u0142\u0119kit\u00f3w po g\u0142\u0119bokie br\u0105zy i szaro\u015bci &#8211; oddaj\u0105 atmosfer\u0119 wschodu s\u0142o\u0144ca nad szczytami g\u00f3r tworz\u0105c poczucie harmonii i przestrzeni.<\/p>\n<p>Boki obrazu wyko\u0144czone b\u0119d\u0105 jako kontynuacja obrazu lub zamalowane na jednolity kolor zgodnie z ustaleniami indywidualnymi. Do ka\u017cdego obrazu dodaj\u0119 certyfikat autentyczno\u015bci, kt\u00f3ry potwierdza autentyczno\u015b\u0107 r\u0119kodzie\u0142a i buduje warto\u015b\u0107 dzie\u0142a na rynku oraz zestaw monta\u017cowy.<\/p>\n<p>Prezentowana rama nie stanowi przedmiotu sprzeda\u017cy.<\/p>\n","protected":false},"excerpt":{"rendered":"<p>&#8222;Moja Droga&#8221;, dyptyk, ka\u017cdy z obraz\u00f3w w wym. 100 x 70 cm, akryl i pasty strukturalne<\/p>\n<p>&#8222;Moja droga&#8221; to malarski zapis podr\u00f3\u017cy ka\u017cdego z nas &#8211; ka\u017cdy z nas odbywa swoj\u0105 drog\u0119 w poszukiwaniu sensu, spokoju i w\u0142asnego miejsca. Tutaj g\u00f3ry symbolizuj\u0105 wyzwania, kt\u00f3re kszta\u0142tuj\u0105 cz\u0142owieka, a \u0142agodne \u015bwiat\u0142o wschodz\u0105cego dnia przypomina, \u017ce ka\u017cda droga, nawet ta najtrudniejsza, prowadzi ku nowemu pocz\u0105tkowi.<\/p>\n<p>G\u00f3rski pejza\u017c strukturalny w ciep\u0142ych, pastelowych barwach. Subtelne przej\u015bcia kolor\u00f3w &#8211; od delikatnych r\u00f3\u017c\u00f3w i b\u0142\u0119kit\u00f3w po g\u0142\u0119bokie br\u0105zy i szaro\u015bci &#8211; oddaj\u0105 atmosfer\u0119 wschodu s\u0142o\u0144ca nad szczytami g\u00f3r tworz\u0105c poczucie harmonii i przestrzeni. Prezentowana rama nie stanowi przedmiotu sprzeda\u017cy.<\/p>\n<p>&nbsp;<\/p>\n","protected":false},"featured_media":729,"comment_status":"open","ping_status":"closed","template":"","meta":{"_monsterinsights_skip_tracking":false,"_monsterinsights_sitenote_active":false,"_monsterinsights_sitenote_note":"","_monsterinsights_sitenote_category":0},"product_cat":[16,21],"product_tag":[40,51,45,28,47,48,41,69,22],"class_list":{"0":"post-727","1":"product","2":"type-product","3":"status-publish","4":"has-post-thumbnail","6":"product_cat-bez-kategorii","7":"product_cat-oryginaly-na-plotnie","8":"product_tag-100-x-70","9":"product_tag-bezowy","10":"product_tag-brazowy","11":"product_tag-dyptyk","12":"product_tag-gory","13":"product_tag-landscapes","14":"product_tag-niebieski","15":"product_tag-pejzaz-strukturalny","16":"product_tag-strukturalny","18":"first","19":"outofstock","20":"shipping-taxable","21":"product-type-simple"},"jetpack_sharing_enabled":true,"_links":{"self":[{"href":"https:\/\/kawka-art.pl\/index.php?rest_route=\/wp\/v2\/product\/727","targetHints":{"allow":["GET"]}}],"collection":[{"href":"https:\/\/kawka-art.pl\/index.php?rest_route=\/wp\/v2\/product"}],"about":[{"href":"https:\/\/kawka-art.pl\/index.php?rest_route=\/wp\/v2\/types\/product"}],"replies":[{"embeddable":true,"href":"https:\/\/kawka-art.pl\/index.php?rest_route=%2Fwp%2Fv2%2Fcomments&post=727"}],"wp:featuredmedia":[{"embeddable":true,"href":"https:\/\/kawka-art.pl\/index.php?rest_route=\/wp\/v2\/media\/729"}],"wp:attachment":[{"href":"https:\/\/kawka-art.pl\/index.php?rest_route=%2Fwp%2Fv2%2Fmedia&parent=727"}],"wp:term":[{"taxonomy":"product_cat","embeddable":true,"href":"https:\/\/kawka-art.pl\/index.php?rest_route=%2Fwp%2Fv2%2Fproduct_cat&post=727"},{"taxonomy":"product_tag","embeddable":true,"href":"https:\/\/kawka-art.pl\/index.php?rest_route=%2Fwp%2Fv2%2Fproduct_tag&post=727"}],"curies":[{"name":"wp","href":"https:\/\/api.w.org\/{rel}","templated":true}]}}