{"id":748,"date":"2025-11-10T19:51:36","date_gmt":"2025-11-10T18:51:36","guid":{"rendered":"https:\/\/kawka-art.pl\/?post_type=product&#038;p=748"},"modified":"2026-01-09T10:42:23","modified_gmt":"2026-01-09T09:42:23","slug":"zlota-dolina-6","status":"publish","type":"product","link":"https:\/\/kawka-art.pl\/?product=zlota-dolina-6","title":{"rendered":"Z\u0142ota Dolina 6"},"content":{"rendered":"<p>&#8222;Z\u0142ota Dolina 6&#8221;, wym. 100 x 100 x 2 cm, akryl i pasty strukturalne na p\u0142\u00f3tnie bawe\u0142nianym, 2025<\/p>\n<div dir=\"auto\">\u201eZ\u0142ota Dolina\u201d to nastrojowy pejza\u017c inspirowany spokojem natury i \u015bwiat\u0142em zachodz\u0105cego s\u0142o\u0144ca. Ciep\u0142e odcienie z\u0142ota, r\u00f3\u017cu i br\u0105zu przenikaj\u0105 si\u0119, tworz\u0105c wra\u017cenie przestrzeni i g\u0142\u0119bi. Mocna struktura i metaliczne pigmenty nadaj\u0105 dzie\u0142u wyj\u0105tkowy charakter \u2014 \u015bwiat\u0142o subtelnie odbija si\u0119 od wypuk\u0142ych partii farby, o\u017cywiaj\u0105c kompozycj\u0119 w zale\u017cno\u015bci od k\u0105ta patrzenia.<\/div>\n<div dir=\"auto\"><\/div>\n<div dir=\"auto\">Ten obraz wprowadza do wn\u0119trza harmoni\u0119 i spok\u00f3j, idealnie sprawdzi si\u0119 w salonie, sypialni lub przestrzeni do relaksu.<\/div>\n<div dir=\"auto\"><\/div>\n<div dir=\"auto\">Obraz zosta\u0142 zabezpieczony matowym werniksem przed wnikaniem kurzu i promieniowaniem UV. Boki zosta\u0142y wyko\u0144czone w odcieniach be\u017cu.<\/div>\n<div dir=\"auto\"><\/div>\n<div dir=\"auto\">Do ka\u017cdego obrazu dodaj\u0119 certyfikat autentyczno\u015bci, kt\u00f3ry potwierdza autentyczno\u015b\u0107 r\u0119kodzie\u0142a i buduje warto\u015b\u0107 dzie\u0142a na rynku oraz zestaw monta\u017cowy.<\/div>\n<div dir=\"auto\"><\/div>\n<div dir=\"auto\">Cena zawiera przesy\u0142k\u0119 kurierem DPD na terenie Polski.<\/div>\n","protected":false},"excerpt":{"rendered":"<p>&#8222;Z\u0142ota Dolina 6&#8221;, wym. 100 x 100 x 2 cm, akryl i pasty strukturalne na p\u0142\u00f3tnie bawe\u0142nianym, 2025<\/p>\n<div dir=\"auto\">\u201eZ\u0142ota Dolina\u201d to nastrojowy pejza\u017c inspirowany spokojem natury i \u015bwiat\u0142em zachodz\u0105cego s\u0142o\u0144ca. Ciep\u0142e odcienie z\u0142ota, r\u00f3\u017cu i br\u0105zu przenikaj\u0105 si\u0119, tworz\u0105c wra\u017cenie przestrzeni i g\u0142\u0119bi. Mocna struktura i metaliczne pigmenty nadaj\u0105 dzie\u0142u wyj\u0105tkowy charakter \u2014 \u015bwiat\u0142o subtelnie odbija si\u0119 od wypuk\u0142ych partii farby, o\u017cywiaj\u0105c kompozycj\u0119 w zale\u017cno\u015bci od k\u0105ta patrzenia.<\/div>\n<div dir=\"auto\"><\/div>\n<div dir=\"auto\">Ten obraz wprowadza do wn\u0119trza harmoni\u0119 i spok\u00f3j, idealnie sprawdzi si\u0119 w salonie, sypialni lub przestrzeni do relaksu.<\/div>\n<div dir=\"auto\"><\/div>\n<div dir=\"auto\">Obraz zosta\u0142 zabezpieczony matowym werniksem przed wnikaniem kurzu i promieniowaniem UV. Boki zosta\u0142y wyko\u0144czone w odcieniach be\u017cu.<\/div>\n<div dir=\"auto\"><\/div>\n<div dir=\"auto\">Cena zawiera przesy\u0142k\u0119 kurierem DPD na terenie Polski.<\/div>\n","protected":false},"featured_media":752,"comment_status":"open","ping_status":"closed","template":"","meta":{"_monsterinsights_skip_tracking":false,"_monsterinsights_sitenote_active":false,"_monsterinsights_sitenote_note":"","_monsterinsights_sitenote_category":0},"product_cat":[16,21],"product_tag":[62,25,51,45,46,49,31,22,68,26],"class_list":{"0":"post-748","1":"product","2":"type-product","3":"status-publish","4":"has-post-thumbnail","6":"product_cat-bez-kategorii","7":"product_cat-oryginaly-na-plotnie","8":"product_tag-100x100","9":"product_tag-abstrakcja","10":"product_tag-bezowy","11":"product_tag-brazowy","12":"product_tag-ksiezyc","13":"product_tag-pejzaz","14":"product_tag-rozowy","15":"product_tag-strukturalny","16":"product_tag-zlota-dolina","17":"product_tag-zloty","19":"first","20":"instock","21":"shipping-taxable","22":"purchasable","23":"product-type-simple"},"jetpack_sharing_enabled":true,"_links":{"self":[{"href":"https:\/\/kawka-art.pl\/index.php?rest_route=\/wp\/v2\/product\/748","targetHints":{"allow":["GET"]}}],"collection":[{"href":"https:\/\/kawka-art.pl\/index.php?rest_route=\/wp\/v2\/product"}],"about":[{"href":"https:\/\/kawka-art.pl\/index.php?rest_route=\/wp\/v2\/types\/product"}],"replies":[{"embeddable":true,"href":"https:\/\/kawka-art.pl\/index.php?rest_route=%2Fwp%2Fv2%2Fcomments&post=748"}],"wp:featuredmedia":[{"embeddable":true,"href":"https:\/\/kawka-art.pl\/index.php?rest_route=\/wp\/v2\/media\/752"}],"wp:attachment":[{"href":"https:\/\/kawka-art.pl\/index.php?rest_route=%2Fwp%2Fv2%2Fmedia&parent=748"}],"wp:term":[{"taxonomy":"product_cat","embeddable":true,"href":"https:\/\/kawka-art.pl\/index.php?rest_route=%2Fwp%2Fv2%2Fproduct_cat&post=748"},{"taxonomy":"product_tag","embeddable":true,"href":"https:\/\/kawka-art.pl\/index.php?rest_route=%2Fwp%2Fv2%2Fproduct_tag&post=748"}],"curies":[{"name":"wp","href":"https:\/\/api.w.org\/{rel}","templated":true}]}}