{"id":777,"date":"2025-11-26T17:34:40","date_gmt":"2025-11-26T16:34:40","guid":{"rendered":"https:\/\/kawka-art.pl\/?post_type=product&#038;p=777"},"modified":"2026-01-09T10:41:22","modified_gmt":"2026-01-09T09:41:22","slug":"earth-2","status":"publish","type":"product","link":"https:\/\/kawka-art.pl\/?product=earth-2","title":{"rendered":"Earth 2"},"content":{"rendered":"<p>&#8222;Earth 2&#8221;, wym. 120 x 90 x 2 cm, media mieszane; g\u0142\u00f3wnie tusze i farby akrylowe oraz pasty strukturalne<\/p>\n<div dir=\"auto\">Ta abstrakcyjna kompozycja utrzymana w odcieniach be\u017cu, szaro\u015bci i delikatnych bieli \u0142\u0105czy w sobie subtelne, p\u0142ynne przej\u015bcia kolorystyczne z wyrazist\u0105 struktur\u0105. Strukturalne fragmenty tworz\u0105 efekt naturalnych form przypominaj\u0105cych kamie\u0144, piasek lub erozj\u0119, podczas gdy g\u0142adkie, niemal mgielne partie nadaj\u0105 ca\u0142o\u015bci lekko\u015b\u0107 i wra\u017cenie ruchu.<\/div>\n<div dir=\"auto\"><\/div>\n<div dir=\"auto\">Dzi\u0119ki harmonijnej palecie barw i organicznym kszta\u0142tom obraz wprowadza do wn\u0119trza spok\u00f3j, r\u00f3wnowag\u0119 i poczucie kontaktu z natur\u0105. Doskonale sprawdzi si\u0119 zar\u00f3wno w nowoczesnych, minimalistycznych przestrzeniach, jak i w aran\u017cacjach inspirowanych stylem boho czy japandi.<\/div>\n<div dir=\"auto\"><\/div>\n<div dir=\"auto\">To unikatowa praca, stworzona z my\u015bl\u0105 o osobach, kt\u00f3re poszukuj\u0105 sztuki subtelnej, ale jednocze\u015bnie wyrazistej \u2013 takiej, kt\u00f3ra buduje atmosfer\u0119 i pozostawia miejsce na w\u0142asn\u0105 interpretacj\u0119.<\/div>\n<div dir=\"auto\"><\/div>\n<div dir=\"auto\">Obraz zosta\u0142 pokryty matowym werniksem jako zabezpieczenie przed wnikaniem kurzu oraz promieniowaniem UV.<\/div>\n<div dir=\"auto\"><\/div>\n<div dir=\"auto\">W cen\u0119 wliczona jest wysy\u0142ka kurierem DPD na terenie Polski.<\/div>\n<div dir=\"auto\"><\/div>\n<div dir=\"auto\">Do ka\u017cdego obrazu dodaj\u0119 certyfikat autentyczno\u015bci, kt\u00f3ry potwierdza autentyczno\u015b\u0107 r\u0119kodzie\u0142a i buduje warto\u015b\u0107 dzie\u0142a na rynku oraz zestaw monta\u017cowy.<\/div>\n<div dir=\"auto\"><\/div>\n<div dir=\"auto\">Skontaktuj si\u0119 ze mn\u0105 a z przyjemno\u015bci\u0105 pomog\u0119 Ci dobra\u0107 ram\u0119 idealn\u0105 zar\u00f3wno do obrazu jak i Twojego wn\u0119trza.<\/div>\n<div dir=\"auto\"><\/div>\n","protected":false},"excerpt":{"rendered":"<p>&#8222;Earth 2&#8221;, wym. 120 x 90 x 2 cm, media mieszane; g\u0142\u00f3wnie tusze i farby akrylowe oraz pasty strukturalne<\/p>\n<div dir=\"auto\">Ta abstrakcyjna kompozycja utrzymana w odcieniach be\u017cu, szaro\u015bci i delikatnych bieli \u0142\u0105czy w sobie subtelne, p\u0142ynne przej\u015bcia kolorystyczne z wyrazist\u0105 struktur\u0105. Strukturalne fragmenty tworz\u0105 efekt naturalnych form przypominaj\u0105cych kamie\u0144, piasek lub erozj\u0119, podczas gdy g\u0142adkie, niemal mgielne partie nadaj\u0105 ca\u0142o\u015bci lekko\u015b\u0107 i wra\u017cenie ruchu.<\/div>\n<div dir=\"auto\"><\/div>\n<div dir=\"auto\">Dzi\u0119ki harmonijnej palecie barw i organicznym kszta\u0142tom obraz wprowadza do wn\u0119trza spok\u00f3j, r\u00f3wnowag\u0119 i poczucie kontaktu z natur\u0105. Doskonale sprawdzi si\u0119 zar\u00f3wno w nowoczesnych, minimalistycznych przestrzeniach, jak i w aran\u017cacjach inspirowanych stylem boho czy japandi.<\/div>\n<div dir=\"auto\"><\/div>\n<div dir=\"auto\">To unikatowa praca, stworzona z my\u015bl\u0105 o osobach, kt\u00f3re poszukuj\u0105 sztuki subtelnej, ale jednocze\u015bnie wyrazistej \u2013 takiej, kt\u00f3ra buduje atmosfer\u0119 i pozostawia miejsce na w\u0142asn\u0105 interpretacj\u0119.<\/div>\n<div dir=\"auto\"><\/div>\n<div dir=\"auto\">Obraz zosta\u0142 pokryty matowym werniksem jako zabezpieczenie przed wnikaniem kurzu oraz promieniowaniem UV.<\/div>\n<div dir=\"auto\"><\/div>\n<div dir=\"auto\">W cen\u0119 wliczona jest wysy\u0142ka kurierem DPD na terenie Polski.<\/div>\n<div dir=\"auto\"><\/div>\n<div dir=\"auto\">Do ka\u017cdego obrazu dodaj\u0119 certyfikat autentyczno\u015bci, kt\u00f3ry potwierdza autentyczno\u015b\u0107 r\u0119kodzie\u0142a oraz buduje warto\u015b\u0107 dzie\u0142a na rynku.<\/div>\n<div dir=\"auto\"><\/div>\n<div dir=\"auto\">Skontaktuj si\u0119 ze mn\u0105 a z przyjemno\u015bci\u0105 pomog\u0119 Ci dobra\u0107 ram\u0119 idealn\u0105 zar\u00f3wno do obrazu jak i Twojego wn\u0119trza.<\/div>\n<div dir=\"auto\"><\/div>\n","protected":false},"featured_media":856,"comment_status":"open","ping_status":"closed","template":"","meta":{"_monsterinsights_skip_tracking":false,"_monsterinsights_sitenote_active":false,"_monsterinsights_sitenote_note":"","_monsterinsights_sitenote_category":0},"product_cat":[16,21],"product_tag":[63,25,51,45,44,24,22,26],"class_list":{"0":"post-777","1":"product","2":"type-product","3":"status-publish","4":"has-post-thumbnail","6":"product_cat-bez-kategorii","7":"product_cat-oryginaly-na-plotnie","8":"product_tag-120-x-90","9":"product_tag-abstrakcja","10":"product_tag-bezowy","11":"product_tag-brazowy","12":"product_tag-earth","13":"product_tag-kolekcja-wszystko-plynie","14":"product_tag-strukturalny","15":"product_tag-zloty","17":"first","18":"instock","19":"shipping-taxable","20":"purchasable","21":"product-type-simple"},"jetpack_sharing_enabled":true,"_links":{"self":[{"href":"https:\/\/kawka-art.pl\/index.php?rest_route=\/wp\/v2\/product\/777","targetHints":{"allow":["GET"]}}],"collection":[{"href":"https:\/\/kawka-art.pl\/index.php?rest_route=\/wp\/v2\/product"}],"about":[{"href":"https:\/\/kawka-art.pl\/index.php?rest_route=\/wp\/v2\/types\/product"}],"replies":[{"embeddable":true,"href":"https:\/\/kawka-art.pl\/index.php?rest_route=%2Fwp%2Fv2%2Fcomments&post=777"}],"wp:featuredmedia":[{"embeddable":true,"href":"https:\/\/kawka-art.pl\/index.php?rest_route=\/wp\/v2\/media\/856"}],"wp:attachment":[{"href":"https:\/\/kawka-art.pl\/index.php?rest_route=%2Fwp%2Fv2%2Fmedia&parent=777"}],"wp:term":[{"taxonomy":"product_cat","embeddable":true,"href":"https:\/\/kawka-art.pl\/index.php?rest_route=%2Fwp%2Fv2%2Fproduct_cat&post=777"},{"taxonomy":"product_tag","embeddable":true,"href":"https:\/\/kawka-art.pl\/index.php?rest_route=%2Fwp%2Fv2%2Fproduct_tag&post=777"}],"curies":[{"name":"wp","href":"https:\/\/api.w.org\/{rel}","templated":true}]}}