{"id":806,"date":"2025-11-28T15:59:49","date_gmt":"2025-11-28T14:59:49","guid":{"rendered":"https:\/\/kawka-art.pl\/?post_type=product&#038;p=806"},"modified":"2026-01-09T10:40:49","modified_gmt":"2026-01-09T09:40:49","slug":"przed-deszczem-mini","status":"publish","type":"product","link":"https:\/\/kawka-art.pl\/?product=przed-deszczem-mini","title":{"rendered":"Przed deszczem Mini"},"content":{"rendered":"<p>\u201ePrzed deszczem Mini\u201d, 30 x 40 cm, akryl i pasty strukturalne, 2025<\/p>\n<p>To nastrojowy pejza\u017c, kt\u00f3ry uchwyca chwil\u0119 tu\u017c przed nadej\u015bciem burzy. Na pierwszym planie wida\u0107 rozleg\u0142e, ziemiste pasma terenu, malowane z wyra\u017an\u0105 faktur\u0105, kt\u00f3ra podkre\u015bla naturaln\u0105 surowo\u015b\u0107 krajobrazu. Dalej rozpo\u015bciera si\u0119 spokojna tafla wody odbijaj\u0105ca delikatne \u015bwiat\u0142o nieba. W oddali majacz\u0105 mi\u0119kkie, przygaszone sylwetki wzg\u00f3rz.<\/p>\n<div dir=\"auto\">Najwi\u0119ksze napi\u0119cie tworzy jednak niebo \u2013 ci\u0119\u017ckie, pe\u0142ne ruchu chmury w odcieniach szaro\u015bci i bieli, kt\u00f3re zdaj\u0105 si\u0119 powoli gromadzi\u0107, zapowiadaj\u0105c nadchodz\u0105cy deszcz. Subtelna gra \u015bwiat\u0142a i cienia nadaje scenie atmosfer\u0119 spokoju wymieszanego z oczekiwaniem.<\/div>\n<div dir=\"auto\"><\/div>\n<div dir=\"auto\">Obraz zosta\u0142 pokryty werniksem matowym zabezpieczaj\u0105cym przed wnikaniem kurzu oraz promieniowaniem UV. Do ka\u017cdego obrazu do\u0142\u0105czam certyfikat autentyczno\u015bci, kt\u00f3ry buduje warto\u015b\u0107 dzie\u0142a na rynku i potwierdza jego autentyczno\u015b\u0107 oraz zestaw monta\u017cowy.<\/div>\n<div dir=\"auto\"><\/div>\n<div dir=\"auto\">Cena zawiera wysy\u0142k\u0119 kurierem na terenie Polski.<\/div>\n<div dir=\"auto\"><\/div>\n","protected":false},"excerpt":{"rendered":"<p>\u201ePrzed deszczem Mini\u201d, 30 x 40 cm, akryl i pasty strukturalne, 2025<\/p>\n<p>To nastrojowy pejza\u017c, kt\u00f3ry uchwyca chwil\u0119 tu\u017c przed nadej\u015bciem burzy. Na pierwszym planie wida\u0107 rozleg\u0142e, ziemiste pasma terenu, malowane z wyra\u017an\u0105 faktur\u0105, kt\u00f3ra podkre\u015bla naturaln\u0105 surowo\u015b\u0107 krajobrazu. Dalej rozpo\u015bciera si\u0119 spokojna tafla wody odbijaj\u0105ca delikatne \u015bwiat\u0142o nieba. W oddali majacz\u0105 mi\u0119kkie, przygaszone sylwetki wzg\u00f3rz.<\/p>\n<div dir=\"auto\">Najwi\u0119ksze napi\u0119cie tworzy jednak niebo \u2013 ci\u0119\u017ckie, pe\u0142ne ruchu chmury w odcieniach szaro\u015bci i bieli, kt\u00f3re zdaj\u0105 si\u0119 powoli gromadzi\u0107, zapowiadaj\u0105c nadchodz\u0105cy deszcz. Subtelna gra \u015bwiat\u0142a i cienia nadaje scenie atmosfer\u0119 spokoju wymieszanego z oczekiwaniem.<\/div>\n<div dir=\"auto\"><\/div>\n<div dir=\"auto\">Obraz zosta\u0142 pokryty werniksem matowym zabezpieczaj\u0105cym przed wnikaniem kurzu oraz promieniowaniem UV. Do ka\u017cdego obrazu do\u0142\u0105czam certyfikat autentyczno\u015bci, kt\u00f3ry buduje warto\u015b\u0107 dzie\u0142a na rynku oraz potwierdza jego autentyczno\u015b\u0107.<\/div>\n<div dir=\"auto\"><\/div>\n<div dir=\"auto\">Cena zawiera wysy\u0142k\u0119 kurierem na terenie Polski.<\/div>\n<div dir=\"auto\"><\/div>\n","protected":false},"featured_media":808,"comment_status":"open","ping_status":"closed","template":"","meta":{"_monsterinsights_skip_tracking":false,"_monsterinsights_sitenote_active":false,"_monsterinsights_sitenote_note":"","_monsterinsights_sitenote_category":0},"product_cat":[16,21],"product_tag":[37,39,59,48,49,69,22,36],"class_list":{"0":"post-806","1":"product","2":"type-product","3":"status-publish","4":"has-post-thumbnail","6":"product_cat-bez-kategorii","7":"product_cat-oryginaly-na-plotnie","8":"product_tag-30-x-40","9":"product_tag-bialy","10":"product_tag-chmury","11":"product_tag-landscapes","12":"product_tag-pejzaz","13":"product_tag-pejzaz-strukturalny","14":"product_tag-strukturalny","15":"product_tag-zielony","17":"first","18":"instock","19":"shipping-taxable","20":"purchasable","21":"product-type-simple"},"jetpack_sharing_enabled":true,"_links":{"self":[{"href":"https:\/\/kawka-art.pl\/index.php?rest_route=\/wp\/v2\/product\/806","targetHints":{"allow":["GET"]}}],"collection":[{"href":"https:\/\/kawka-art.pl\/index.php?rest_route=\/wp\/v2\/product"}],"about":[{"href":"https:\/\/kawka-art.pl\/index.php?rest_route=\/wp\/v2\/types\/product"}],"replies":[{"embeddable":true,"href":"https:\/\/kawka-art.pl\/index.php?rest_route=%2Fwp%2Fv2%2Fcomments&post=806"}],"wp:featuredmedia":[{"embeddable":true,"href":"https:\/\/kawka-art.pl\/index.php?rest_route=\/wp\/v2\/media\/808"}],"wp:attachment":[{"href":"https:\/\/kawka-art.pl\/index.php?rest_route=%2Fwp%2Fv2%2Fmedia&parent=806"}],"wp:term":[{"taxonomy":"product_cat","embeddable":true,"href":"https:\/\/kawka-art.pl\/index.php?rest_route=%2Fwp%2Fv2%2Fproduct_cat&post=806"},{"taxonomy":"product_tag","embeddable":true,"href":"https:\/\/kawka-art.pl\/index.php?rest_route=%2Fwp%2Fv2%2Fproduct_tag&post=806"}],"curies":[{"name":"wp","href":"https:\/\/api.w.org\/{rel}","templated":true}]}}