{"id":835,"date":"2025-12-09T14:08:10","date_gmt":"2025-12-09T13:08:10","guid":{"rendered":"https:\/\/kawka-art.pl\/?post_type=product&#038;p=835"},"modified":"2026-04-08T14:14:56","modified_gmt":"2026-04-08T12:14:56","slug":"zlota-dolina-8","status":"publish","type":"product","link":"https:\/\/kawka-art.pl\/?product=zlota-dolina-8","title":{"rendered":"Z\u0142ota Dolina 8"},"content":{"rendered":"<p>&#8222;Z\u0142ota Dolina 8, wym. 120 x 100 cm, akryl i pasty strukturalne, 2025, sygnowany na odwrocie<\/p>\n<div dir=\"auto\">\u201eZ\u0142ota Dolina 8\u201d to wyj\u0105tkowy, r\u0119cznie malowany obraz o wymiarach 120 \u00d7 100 cm, kt\u00f3ry \u0142\u0105czy w sobie abstrakcj\u0119 z delikatnymi odniesieniami do natury. Ciep\u0142a paleta barw, od odcieni z\u0142ota i miedzi, przez g\u0142\u0119bokie br\u0105zy, a\u017c po ciemniejsze, ziemiste tony, tworzy kompozycj\u0119 pe\u0142n\u0105 g\u0142\u0119bi i tajemniczo\u015bci.<\/div>\n<div dir=\"auto\"><\/div>\n<div dir=\"auto\">Strukturalna powierzchnia obrazu nadaje mu wyra\u017an\u0105 tr\u00f3jwymiarowo\u015b\u0107. Faktura przywodzi na my\u015bl surowe ska\u0142y, mi\u0119kkie wzg\u00f3rza lub mglist\u0105 dolin\u0119 o zachodzie s\u0142o\u0144ca. \u201eZ\u0142ota Dolina\u201d zachwyca subtelnym \u015bwiat\u0142em, kt\u00f3re zdaje si\u0119 wydobywa\u0107 z samego wn\u0119trza kompozycji.<\/div>\n<div dir=\"auto\"><\/div>\n<div dir=\"auto\">\n<div dir=\"auto\">\n<div dir=\"auto\">Obraz zosta\u0142 pokryty werniksem matowym zabezpieczaj\u0105cym przed wnikaniem kurzu oraz promieniowaniem UV.<\/div>\n<div dir=\"auto\"><\/div>\n<div dir=\"auto\">Do ka\u017cdego obrazu do\u0142\u0105czam certyfikat autentyczno\u015bci, kt\u00f3ry buduje warto\u015b\u0107 dzie\u0142a na rynku oraz potwierdza jego autentyczno\u015b\u0107 oraz zestaw monta\u017cowy.<\/div>\n<div dir=\"auto\"><\/div>\n<div dir=\"auto\">Cena zawiera wysy\u0142k\u0119 kurierem na terenie Polski.<\/div>\n<\/div>\n<p>&nbsp;<\/p>\n<\/div>\n","protected":false},"excerpt":{"rendered":"<p>&#8222;Z\u0142ota Dolina 8, wym. 120 x 100 cm, akryl i pasty strukturalne, 2025, sygnowany na odwrocie<\/p>\n<div dir=\"auto\">\u201eZ\u0142ota Dolina 8\u201d to wyj\u0105tkowy, r\u0119cznie malowany obraz o wymiarach 120 \u00d7 100 cm, kt\u00f3ry \u0142\u0105czy w sobie abstrakcj\u0119 z delikatnymi odniesieniami do natury. Ciep\u0142a paleta barw, od odcieni z\u0142ota i miedzi, przez g\u0142\u0119bokie br\u0105zy, a\u017c po ciemniejsze, ziemiste tony, tworzy kompozycj\u0119 pe\u0142n\u0105 g\u0142\u0119bi i tajemniczo\u015bci.<\/div>\n<div dir=\"auto\"><\/div>\n<div dir=\"auto\">Strukturalna powierzchnia obrazu nadaje mu wyra\u017an\u0105 tr\u00f3jwymiarowo\u015b\u0107. Faktura przywodzi na my\u015bl surowe ska\u0142y, mi\u0119kkie wzg\u00f3rza lub mglist\u0105 dolin\u0119 o zachodzie s\u0142o\u0144ca. \u201eZ\u0142ota Dolina\u201d zachwyca subtelnym \u015bwiat\u0142em, kt\u00f3re zdaje si\u0119 wydobywa\u0107 z samego wn\u0119trza kompozycji.<\/div>\n<div dir=\"auto\"><\/div>\n<div dir=\"auto\">\n<div dir=\"auto\">\n<div dir=\"auto\">Obraz zosta\u0142 pokryty werniksem matowym zabezpieczaj\u0105cym przed wnikaniem kurzu oraz promieniowaniem UV.<\/div>\n<div dir=\"auto\"><\/div>\n<div dir=\"auto\">Do ka\u017cdego obrazu do\u0142\u0105czam certyfikat autentyczno\u015bci, kt\u00f3ry buduje warto\u015b\u0107 dzie\u0142a na rynku oraz potwierdza jego autentyczno\u015b\u0107.<\/div>\n<div dir=\"auto\"><\/div>\n<div dir=\"auto\">Cena zawiera wysy\u0142k\u0119 kurierem na terenie Polski.<\/div>\n<\/div>\n<p>&nbsp;<\/p>\n<\/div>\n","protected":false},"featured_media":841,"comment_status":"open","ping_status":"closed","template":"","meta":{"_monsterinsights_skip_tracking":false,"_monsterinsights_sitenote_active":false,"_monsterinsights_sitenote_note":"","_monsterinsights_sitenote_category":0},"product_cat":[16,21],"product_tag":[60,25,51,45,46,36,68,26],"class_list":{"0":"post-835","1":"product","2":"type-product","3":"status-publish","4":"has-post-thumbnail","6":"product_cat-bez-kategorii","7":"product_cat-oryginaly-na-plotnie","8":"product_tag-120-x-100","9":"product_tag-abstrakcja","10":"product_tag-bezowy","11":"product_tag-brazowy","12":"product_tag-ksiezyc","13":"product_tag-zielony","14":"product_tag-zlota-dolina","15":"product_tag-zloty","17":"first","18":"instock","19":"shipping-taxable","20":"purchasable","21":"product-type-simple"},"jetpack_sharing_enabled":true,"_links":{"self":[{"href":"https:\/\/kawka-art.pl\/index.php?rest_route=\/wp\/v2\/product\/835","targetHints":{"allow":["GET"]}}],"collection":[{"href":"https:\/\/kawka-art.pl\/index.php?rest_route=\/wp\/v2\/product"}],"about":[{"href":"https:\/\/kawka-art.pl\/index.php?rest_route=\/wp\/v2\/types\/product"}],"replies":[{"embeddable":true,"href":"https:\/\/kawka-art.pl\/index.php?rest_route=%2Fwp%2Fv2%2Fcomments&post=835"}],"wp:featuredmedia":[{"embeddable":true,"href":"https:\/\/kawka-art.pl\/index.php?rest_route=\/wp\/v2\/media\/841"}],"wp:attachment":[{"href":"https:\/\/kawka-art.pl\/index.php?rest_route=%2Fwp%2Fv2%2Fmedia&parent=835"}],"wp:term":[{"taxonomy":"product_cat","embeddable":true,"href":"https:\/\/kawka-art.pl\/index.php?rest_route=%2Fwp%2Fv2%2Fproduct_cat&post=835"},{"taxonomy":"product_tag","embeddable":true,"href":"https:\/\/kawka-art.pl\/index.php?rest_route=%2Fwp%2Fv2%2Fproduct_tag&post=835"}],"curies":[{"name":"wp","href":"https:\/\/api.w.org\/{rel}","templated":true}]}}