{"id":874,"date":"2026-01-15T17:51:19","date_gmt":"2026-01-15T16:51:19","guid":{"rendered":"https:\/\/kawka-art.pl\/?post_type=product&#038;p=874"},"modified":"2026-01-15T19:03:20","modified_gmt":"2026-01-15T18:03:20","slug":"ciepla-kraina","status":"publish","type":"product","link":"https:\/\/kawka-art.pl\/?product=ciepla-kraina","title":{"rendered":"Kraina ciep\u0142a"},"content":{"rendered":"<p>&#8222;Ciep\u0142a kraina&#8221;, wym. 100 x 100 cm, akryl, 2026, obraz malowany na grubym bawe\u0142nianym p\u0142\u00f3tnie<\/p>\n<p>&nbsp;<\/p>\n<p>&#8222;Ciep\u0142a kraina&#8221; to pejza\u017c zanurzony w otulaj\u0105cym \u015bwietle. Rozmyta przestrze\u0144, subtelna woda i drzewa wy\u0142aniaj\u0105ce si\u0119 z mg\u0142y tworz\u0105 miejsce, kt\u00f3re nie istnieje na mapie, lecz jest znajome emocjonalnie. &#8222;Ciep\u0142a kraina&#8221; jest krain\u0105 spokoju, wyciszenia i zatrzymanego czasu.<\/p>\n<p>&nbsp;<\/p>\n<p>Z\u0142ote i ziemiste tony buduj\u0105 atmosfer\u0119 ciep\u0142a oraz bezpiecze\u0144stwa. Faktura obrazu dodaje g\u0142\u0119bi i organiczno\u015bci, podkre\u015blaj\u0105c naturalny charakter obrazu; niemal na wyci\u0105gni\u0119cie r\u0119ki. Metaliczne pigmenty graj\u0105 ze \u015bwiat\u0142em wprowadzaj\u0105c niezwykle ciekawe detale.<\/p>\n<p>&nbsp;<\/p>\n<p>Boki obrazu zosta\u0142y wyko\u0144czone w kolorze gorzkiej czekolady. Obraz zosta\u0142 pokryty matowym werniksem.<\/p>\n<p>&nbsp;<\/p>\n<div dir=\"auto\">Za\u0142\u0105czam certyfikat autentyczno\u015bci, kt\u00f3ry potwierdza autentyczno\u015b\u0107 dzie\u0142a oraz buduje jego warto\u015b\u0107 na rynku.<\/div>\n<div dir=\"auto\"><\/div>\n<div dir=\"auto\">Darmowa dostawa kurierem na terenie Polski.<\/div>\n<p>&nbsp;<\/p>\n","protected":false},"excerpt":{"rendered":"<p>&#8222;Ciep\u0142a kraina&#8221;, wym. 100 x 100 cm, akryl, 2026, obraz malowany na grubym bawe\u0142nianym p\u0142\u00f3tnie<\/p>\n<p>&nbsp;<\/p>\n<p>&#8222;Ciep\u0142a kraina&#8221; to pejza\u017c zanurzony w otulaj\u0105cym \u015bwietle. Rozmyta przestrze\u0144, subtelna woda i drzewa wy\u0142aniaj\u0105ce si\u0119 z mg\u0142y tworz\u0105 miejsce, kt\u00f3re nie istnieje na mapie, lecz jest znajome emocjonalnie. &#8222;Ciep\u0142a kraina&#8221; jest krain\u0105 spokoju, wyciszenia i zatrzymanego czasu.<\/p>\n<p>&nbsp;<\/p>\n<p>Z\u0142ote i ziemiste tony buduj\u0105 atmosfer\u0119 ciep\u0142a oraz bezpiecze\u0144stwa. Faktura obrazu dodaje g\u0142\u0119bi i organiczno\u015bci, podkre\u015blaj\u0105c naturalny charakter obrazu; niemal na wyci\u0105gni\u0119cie r\u0119ki. Metaliczne pigmenty graj\u0105 ze \u015bwiat\u0142em wprowadzaj\u0105c niezwykle ciekawe detale.<\/p>\n<p>&nbsp;<\/p>\n<p>Boki obrazu zosta\u0142y wyko\u0144czone w kolorze gorzkiej czekolady. Obraz zosta\u0142 pokryty matowym werniksem.<\/p>\n<p>&nbsp;<\/p>\n<div dir=\"auto\">Za\u0142\u0105czam certyfikat autentyczno\u015bci, kt\u00f3ry potwierdza autentyczno\u015b\u0107 dzie\u0142a oraz buduje jego warto\u015b\u0107 na rynku.<\/div>\n<div dir=\"auto\"><\/div>\n<div dir=\"auto\">Darmowa dostawa kurierem na terenie Polski.<\/div>\n<p>&nbsp;<\/p>\n","protected":false},"featured_media":877,"comment_status":"open","ping_status":"closed","template":"","meta":{"_monsterinsights_skip_tracking":false,"_monsterinsights_sitenote_active":false,"_monsterinsights_sitenote_note":"","_monsterinsights_sitenote_category":0},"product_cat":[16,21],"product_tag":[62,25,51,45,46,48,69,32,26],"class_list":{"0":"post-874","1":"product","2":"type-product","3":"status-publish","4":"has-post-thumbnail","6":"product_cat-bez-kategorii","7":"product_cat-oryginaly-na-plotnie","8":"product_tag-100x100","9":"product_tag-abstrakcja","10":"product_tag-bezowy","11":"product_tag-brazowy","12":"product_tag-ksiezyc","13":"product_tag-landscapes","14":"product_tag-pejzaz-strukturalny","15":"product_tag-zaczarowany-las","16":"product_tag-zloty","18":"first","19":"outofstock","20":"shipping-taxable","21":"purchasable","22":"product-type-simple"},"jetpack_sharing_enabled":true,"_links":{"self":[{"href":"https:\/\/kawka-art.pl\/index.php?rest_route=\/wp\/v2\/product\/874","targetHints":{"allow":["GET"]}}],"collection":[{"href":"https:\/\/kawka-art.pl\/index.php?rest_route=\/wp\/v2\/product"}],"about":[{"href":"https:\/\/kawka-art.pl\/index.php?rest_route=\/wp\/v2\/types\/product"}],"replies":[{"embeddable":true,"href":"https:\/\/kawka-art.pl\/index.php?rest_route=%2Fwp%2Fv2%2Fcomments&post=874"}],"wp:featuredmedia":[{"embeddable":true,"href":"https:\/\/kawka-art.pl\/index.php?rest_route=\/wp\/v2\/media\/877"}],"wp:attachment":[{"href":"https:\/\/kawka-art.pl\/index.php?rest_route=%2Fwp%2Fv2%2Fmedia&parent=874"}],"wp:term":[{"taxonomy":"product_cat","embeddable":true,"href":"https:\/\/kawka-art.pl\/index.php?rest_route=%2Fwp%2Fv2%2Fproduct_cat&post=874"},{"taxonomy":"product_tag","embeddable":true,"href":"https:\/\/kawka-art.pl\/index.php?rest_route=%2Fwp%2Fv2%2Fproduct_tag&post=874"}],"curies":[{"name":"wp","href":"https:\/\/api.w.org\/{rel}","templated":true}]}}