{"id":888,"date":"2026-02-06T21:59:39","date_gmt":"2026-02-06T20:59:39","guid":{"rendered":"https:\/\/kawka-art.pl\/?post_type=product&#038;p=888"},"modified":"2026-04-08T14:13:44","modified_gmt":"2026-04-08T12:13:44","slug":"cieply-wieczor-3","status":"publish","type":"product","link":"https:\/\/kawka-art.pl\/?product=cieply-wieczor-3","title":{"rendered":"Ciep\u0142y wiecz\u00f3r 3"},"content":{"rendered":"<p>&#8222;Ciep\u0142y wiecz\u00f3r 3&#8221;, 50 x 70 cm, akryl i pasty strukturalne, 2026<\/p>\n<p data-start=\"0\" data-end=\"378\">&#8222;Ciep\u0142y wiecz\u00f3r 3&#8221; to minimalistyczny pejza\u017c strukturalny, kt\u00f3ry emanuje cisz\u0105 i przestrzeni\u0105. Delikatne, pastelowe niebo w odcieniach b\u0142\u0119kitu i ciep\u0142ych pomara\u0144czy mi\u0119kko przechodzi w horyzont, nad kt\u00f3rym unosz\u0105 si\u0119 subtelnie zaznaczone chmury. Linia drzew w oddali porz\u0105dkuje kompozycj\u0119 i nadaje jej rytm, a piaszczysto-ziemista faktura pierwszego planu wprowadza naturalno\u015b\u0107 i g\u0142\u0119bi\u0119.<\/p>\n<p data-start=\"380\" data-end=\"703\" data-is-last-node=\"\" data-is-only-node=\"\">Obraz budzi skojarzenia z letnim spokojem, otwart\u0105 przestrzeni\u0105 i chwil\u0105 wytchnienia od codziennego po\u015bpiechu. Doskonale sprawdzi si\u0119 we wn\u0119trzach nowoczesnych, skandynawskich lub boho, wprowadzaj\u0105c harmoni\u0119, ciep\u0142o i lekko\u015b\u0107.<\/p>\n<p data-start=\"380\" data-end=\"703\" data-is-last-node=\"\" data-is-only-node=\"\">Boki obrazu zosta\u0142y wyko\u0144czone jako kontynuacja obrazu. Obraz zosta\u0142 pokryty werniksem matowym. Do przesy\u0142ki do\u0142\u0105czam zestaw do monta\u017cu obrazu na \u015bcianie a zatem jest to obraz gotowy do powieszenia.<\/p>\n<p data-start=\"380\" data-end=\"703\" data-is-last-node=\"\" data-is-only-node=\"\">Skontaktuj si\u0119 ze mn\u0105 a z przyjemno\u015bci\u0105 pomog\u0119 Ci dobra\u0107 ram\u0119 pasuj\u0105c\u0105 zar\u00f3wno do obrazu jak i do Twojego wn\u0119trza.<\/p>\n<p data-start=\"380\" data-end=\"703\" data-is-last-node=\"\" data-is-only-node=\"\">Do obrazu za\u0142\u0105czam certyfikat autentyczno\u015bci.<\/p>\n","protected":false},"excerpt":{"rendered":"<p>&#8222;Ciep\u0142y wiecz\u00f3r 3&#8221;, 50 x 70 cm, akryl i pasty strukturalne, 2026<\/p>\n<p data-start=\"0\" data-end=\"378\">&#8222;Ciep\u0142y wiecz\u00f3r 3&#8221; to minimalistyczny pejza\u017c strukturalny, kt\u00f3ry emanuje cisz\u0105 i przestrzeni\u0105. Delikatne, pastelowe niebo w odcieniach b\u0142\u0119kitu i ciep\u0142ych pomara\u0144czy mi\u0119kko przechodzi w horyzont, nad kt\u00f3rym unosz\u0105 si\u0119 subtelnie zaznaczone chmury. Linia drzew w oddali porz\u0105dkuje kompozycj\u0119 i nadaje jej rytm, a piaszczysto-ziemista faktura pierwszego planu wprowadza naturalno\u015b\u0107 i g\u0142\u0119bi\u0119.<\/p>\n<p data-start=\"380\" data-end=\"703\" data-is-last-node=\"\" data-is-only-node=\"\">Obraz budzi skojarzenia z letnim spokojem, otwart\u0105 przestrzeni\u0105 i chwil\u0105 wytchnienia od codziennego po\u015bpiechu. Doskonale sprawdzi si\u0119 we wn\u0119trzach nowoczesnych, skandynawskich lub boho, wprowadzaj\u0105c harmoni\u0119, ciep\u0142o i lekko\u015b\u0107.<\/p>\n<p data-start=\"380\" data-end=\"703\" data-is-last-node=\"\" data-is-only-node=\"\">Boki obrazu zosta\u0142y wyko\u0144czone jako kontynuacja obrazu. Obraz zosta\u0142 pokryty werniksem matowym. Do przesy\u0142ki do\u0142\u0105czam zestaw do monta\u017cu obrazu na \u015bcianie a zatem jest to obraz gotowy do powieszenia.<\/p>\n<p data-start=\"380\" data-end=\"703\" data-is-last-node=\"\" data-is-only-node=\"\">Skontaktuj si\u0119 ze mn\u0105 a z przyjemno\u015bci\u0105 pomog\u0119 Ci dobra\u0107 ram\u0119 pasuj\u0105c\u0105 zar\u00f3wno do obrazu jak i do Twojego wn\u0119trza.<\/p>\n<p data-start=\"380\" data-end=\"703\" data-is-last-node=\"\" data-is-only-node=\"\">Do obrazu za\u0142\u0105czam certyfikat autentyczno\u015bci.<\/p>\n","protected":false},"featured_media":890,"comment_status":"open","ping_status":"closed","template":"","meta":{"_monsterinsights_skip_tracking":false,"_monsterinsights_sitenote_active":false,"_monsterinsights_sitenote_note":"","_monsterinsights_sitenote_category":0},"product_cat":[16,21],"product_tag":[30,59,48,49,69,58],"class_list":{"0":"post-888","1":"product","2":"type-product","3":"status-publish","4":"has-post-thumbnail","6":"product_cat-bez-kategorii","7":"product_cat-oryginaly-na-plotnie","8":"product_tag-50-x-70","9":"product_tag-chmury","10":"product_tag-landscapes","11":"product_tag-pejzaz","12":"product_tag-pejzaz-strukturalny","13":"product_tag-pole","15":"first","16":"instock","17":"shipping-taxable","18":"purchasable","19":"product-type-simple"},"jetpack_sharing_enabled":true,"_links":{"self":[{"href":"https:\/\/kawka-art.pl\/index.php?rest_route=\/wp\/v2\/product\/888","targetHints":{"allow":["GET"]}}],"collection":[{"href":"https:\/\/kawka-art.pl\/index.php?rest_route=\/wp\/v2\/product"}],"about":[{"href":"https:\/\/kawka-art.pl\/index.php?rest_route=\/wp\/v2\/types\/product"}],"replies":[{"embeddable":true,"href":"https:\/\/kawka-art.pl\/index.php?rest_route=%2Fwp%2Fv2%2Fcomments&post=888"}],"wp:featuredmedia":[{"embeddable":true,"href":"https:\/\/kawka-art.pl\/index.php?rest_route=\/wp\/v2\/media\/890"}],"wp:attachment":[{"href":"https:\/\/kawka-art.pl\/index.php?rest_route=%2Fwp%2Fv2%2Fmedia&parent=888"}],"wp:term":[{"taxonomy":"product_cat","embeddable":true,"href":"https:\/\/kawka-art.pl\/index.php?rest_route=%2Fwp%2Fv2%2Fproduct_cat&post=888"},{"taxonomy":"product_tag","embeddable":true,"href":"https:\/\/kawka-art.pl\/index.php?rest_route=%2Fwp%2Fv2%2Fproduct_tag&post=888"}],"curies":[{"name":"wp","href":"https:\/\/api.w.org\/{rel}","templated":true}]}}