{"id":900,"date":"2026-02-09T11:44:39","date_gmt":"2026-02-09T10:44:39","guid":{"rendered":"https:\/\/kawka-art.pl\/?post_type=product&#038;p=900"},"modified":"2026-04-17T12:39:33","modified_gmt":"2026-04-17T10:39:33","slug":"poczatek-drogi","status":"publish","type":"product","link":"https:\/\/kawka-art.pl\/?product=poczatek-drogi","title":{"rendered":"Pocz\u0105tek drogi"},"content":{"rendered":"<p>&#8222;Pocz\u0105tek drogi&#8221;, 100 x 80 cm, akryl i pasty strukturalne, 2026<\/p>\n<p>&#8222;Pocz\u0105tek drogi&#8221; to obraz o wyruszaniu w stron\u0119 czego\u015b nowego. Obraz przedstawia moment, w kt\u00f3rym decydujemy si\u0119 ruszy\u0107 naprz\u00f3d. Droga biegn\u0105ca przez pola prowadzi w stron\u0119 nieznanego, kt\u00f3re mo\u017ce by\u0107 fascynuj\u0105ce i pe\u0142ne mo\u017cliwo\u015bci. To obraz o odwadze, by zrobi\u0107 pierwszy krok.<\/p>\n<p>Stonowana paleta barw &#8211; b\u0142\u0119kity, be\u017ce i r\u00f3\u017cowe akcenty, wprowadza atmosfer\u0119 spokoju, przestrzeni i refleksji. Faktura obrazu dodaje mu g\u0142\u0119bi i ekspresji a faktura pi\u0119knie pracuje ze \u015bwiat\u0142em.<\/p>\n<p>Boki obrazu zosta\u0142y przygotowane jako jego kontynuacja a ca\u0142o\u015b\u0107 zosta\u0142a pokryta werniksem. Do przesy\u0142ki za\u0142\u0105czam zestaw monta\u017cowy na \u015bcian\u0119 a zatem obraz jest gotowy do powieszenia.<\/p>\n<p>Za\u0142\u0105czam r\u00f3wnie\u017c certyfikat autentyczno\u015bci.<\/p>\n<p>Darmowa wysy\u0142ka na terenie Polski.<\/p>\n","protected":false},"excerpt":{"rendered":"<p>&#8222;Pocz\u0105tek drogi&#8221;, 100 x 80 cm, akryl i pasty strukturalne, 2026<\/p>\n<p>&#8222;Pocz\u0105tek drogi&#8221; to obraz o wyruszaniu w stron\u0119 czego\u015b nowego. Obraz przedstawia moment, w kt\u00f3rym decydujemy si\u0119 ruszy\u0107 naprz\u00f3d. Droga biegn\u0105ca przez pola prowadzi w stron\u0119 nieznanego, kt\u00f3re mo\u017ce by\u0107 fascynuj\u0105ce i pe\u0142ne mo\u017cliwo\u015bci. To obraz o odwadze, by zrobi\u0107 pierwszy krok.<\/p>\n<p>Stonowana paleta barw &#8211; b\u0142\u0119kity, be\u017ce i r\u00f3\u017cowe akcenty, wprowadza atmosfer\u0119 spokoju, przestrzeni i refleksji. Faktura obrazu dodaje mu g\u0142\u0119bi i ekspresji a faktura pi\u0119knie pracuje ze \u015bwiat\u0142em.<\/p>\n<p>Boki obrazu zosta\u0142y przygotowane jako jego kontynuacja a ca\u0142o\u015b\u0107 zosta\u0142a pokryta werniksem. Do przesy\u0142ki za\u0142\u0105czam zestaw monta\u017cowy na \u015bcian\u0119 a zatem obraz jest gotowy do powieszenia.<\/p>\n<p>Za\u0142\u0105czam r\u00f3wnie\u017c certyfikat autentyczno\u015bci.<\/p>\n","protected":false},"featured_media":973,"comment_status":"open","ping_status":"closed","template":"","meta":{"_monsterinsights_skip_tracking":false,"_monsterinsights_sitenote_active":false,"_monsterinsights_sitenote_note":"","_monsterinsights_sitenote_category":0},"product_cat":[16,21],"product_tag":[23,59,48,69,58,36],"class_list":{"0":"post-900","1":"product","2":"type-product","3":"status-publish","4":"has-post-thumbnail","6":"product_cat-bez-kategorii","7":"product_cat-oryginaly-na-plotnie","8":"product_tag-100-x-80","9":"product_tag-chmury","10":"product_tag-landscapes","11":"product_tag-pejzaz-strukturalny","12":"product_tag-pole","13":"product_tag-zielony","15":"first","16":"instock","17":"shipping-taxable","18":"purchasable","19":"product-type-simple"},"jetpack_sharing_enabled":true,"_links":{"self":[{"href":"https:\/\/kawka-art.pl\/index.php?rest_route=\/wp\/v2\/product\/900","targetHints":{"allow":["GET"]}}],"collection":[{"href":"https:\/\/kawka-art.pl\/index.php?rest_route=\/wp\/v2\/product"}],"about":[{"href":"https:\/\/kawka-art.pl\/index.php?rest_route=\/wp\/v2\/types\/product"}],"replies":[{"embeddable":true,"href":"https:\/\/kawka-art.pl\/index.php?rest_route=%2Fwp%2Fv2%2Fcomments&post=900"}],"wp:featuredmedia":[{"embeddable":true,"href":"https:\/\/kawka-art.pl\/index.php?rest_route=\/wp\/v2\/media\/973"}],"wp:attachment":[{"href":"https:\/\/kawka-art.pl\/index.php?rest_route=%2Fwp%2Fv2%2Fmedia&parent=900"}],"wp:term":[{"taxonomy":"product_cat","embeddable":true,"href":"https:\/\/kawka-art.pl\/index.php?rest_route=%2Fwp%2Fv2%2Fproduct_cat&post=900"},{"taxonomy":"product_tag","embeddable":true,"href":"https:\/\/kawka-art.pl\/index.php?rest_route=%2Fwp%2Fv2%2Fproduct_tag&post=900"}],"curies":[{"name":"wp","href":"https:\/\/api.w.org\/{rel}","templated":true}]}}