{"id":911,"date":"2026-02-09T13:25:56","date_gmt":"2026-02-09T12:25:56","guid":{"rendered":"https:\/\/kawka-art.pl\/?post_type=product&#038;p=911"},"modified":"2026-02-23T17:32:47","modified_gmt":"2026-02-23T16:32:47","slug":"swiatlo-i-mrok","status":"publish","type":"product","link":"https:\/\/kawka-art.pl\/?product=swiatlo-i-mrok","title":{"rendered":"\u015awiat\u0142o i mrok"},"content":{"rendered":"<p>&#8222;\u015awiat\u0142o i mrok&#8221;, 100 x 70 cm, akryl i pasty strukturalne, 2025<\/p>\n<p>Obraz \u201e\u015awiat\u0142o i mrok \u201d przedstawia zestawienie jasnych i ciemnych partii kolorystycznych w formie abstrakcyjnej kompozycji.<\/p>\n<p>Odbi\u00f3r pracy opiera si\u0119 g\u0142\u00f3wnie na analizie koloru, \u015bwiat\u0142a, faktury oraz relacji mi\u0119dzy poszczeg\u00f3lnymi elementami. Obraz mo\u017cna traktowa\u0107 jako wizualne zestawienie przeciwstawnych warto\u015bci tonalnych oraz eksperyment z budowaniem przestrzeni i nastroju.<\/p>\n<p>Zastosowana paleta barw opiera si\u0119 na naturalnych, stonowanych tonach, co nadaje pracy spokojny i harmonijny charakter.<\/p>\n<p>Boki obrazu zosta\u0142y wyko\u0144czone w kolorze gorzkiej czekolady a ca\u0142o\u015b\u0107 zosta\u0142a pokryta matowym werniksem. Do przesy\u0142ki za\u0142\u0105czam zestaw do monta\u017cu. Obraz jest gotowy do powieszenia.<\/p>\n<p>Za\u0142\u0105czam certyfikat autentyczno\u015bci.<\/p>\n<p>Rama prezentowana na zdj\u0119ciach nie jest cz\u0119\u015bci\u0105 oferty. Z przyjemno\u015bci\u0105 pomog\u0119 dobra\u0107 ram\u0119, kt\u00f3ra b\u0119dzie pasowa\u0142a zar\u00f3wno do obrazu jak i do wn\u0119trza.<\/p>\n","protected":false},"excerpt":{"rendered":"<p>&#8222;\u015awiat\u0142o i mrok&#8221;, 100 x 70 cm, akryl i pasty strukturalne, 2025<\/p>\n<p>Obraz \u201e\u015awiat\u0142o i mrok \u201d przedstawia zestawienie jasnych i ciemnych partii kolorystycznych w formie abstrakcyjnej kompozycji.<\/p>\n<p>Odbi\u00f3r pracy opiera si\u0119 g\u0142\u00f3wnie na analizie koloru, \u015bwiat\u0142a, faktury oraz relacji mi\u0119dzy poszczeg\u00f3lnymi elementami. Obraz mo\u017cna traktowa\u0107 jako wizualne zestawienie przeciwstawnych warto\u015bci tonalnych oraz eksperyment z budowaniem przestrzeni i nastroju.<\/p>\n<p>Zastosowana paleta barw opiera si\u0119 na naturalnych, stonowanych tonach, co nadaje pracy spokojny i harmonijny charakter.<\/p>\n<p>Boki obrazu zosta\u0142y wyko\u0144czone w kolorze gorzkiej czekolady a ca\u0142o\u015b\u0107 zosta\u0142a pokryta matowym werniksem. Do przesy\u0142ki za\u0142\u0105czam zestaw do monta\u017cu. Obraz jest gotowy do powieszenia.<\/p>\n<p>Za\u0142\u0105czam certyfikat autentyczno\u015bci.<\/p>\n<p>Rama prezentowana na zdj\u0119ciach nie jest cz\u0119\u015bci\u0105 oferty. Z przyjemno\u015bci\u0105 pomog\u0119 dobra\u0107 ram\u0119, kt\u00f3ra b\u0119dzie pasowa\u0142a zar\u00f3wno do obrazu jak i do wn\u0119trza.<\/p>\n","protected":false},"featured_media":944,"comment_status":"open","ping_status":"closed","template":"","meta":{"_monsterinsights_skip_tracking":false,"_monsterinsights_sitenote_active":false,"_monsterinsights_sitenote_note":"","_monsterinsights_sitenote_category":0},"product_cat":[16,21],"product_tag":[40,25,51,45,70,26],"class_list":{"0":"post-911","1":"product","2":"type-product","3":"status-publish","4":"has-post-thumbnail","6":"product_cat-bez-kategorii","7":"product_cat-oryginaly-na-plotnie","8":"product_tag-100-x-70","9":"product_tag-abstrakcja","10":"product_tag-bezowy","11":"product_tag-brazowy","12":"product_tag-swiatlo-i-mrok","13":"product_tag-zloty","15":"first","16":"outofstock","17":"shipping-taxable","18":"purchasable","19":"product-type-simple"},"jetpack_sharing_enabled":true,"_links":{"self":[{"href":"https:\/\/kawka-art.pl\/index.php?rest_route=\/wp\/v2\/product\/911","targetHints":{"allow":["GET"]}}],"collection":[{"href":"https:\/\/kawka-art.pl\/index.php?rest_route=\/wp\/v2\/product"}],"about":[{"href":"https:\/\/kawka-art.pl\/index.php?rest_route=\/wp\/v2\/types\/product"}],"replies":[{"embeddable":true,"href":"https:\/\/kawka-art.pl\/index.php?rest_route=%2Fwp%2Fv2%2Fcomments&post=911"}],"wp:featuredmedia":[{"embeddable":true,"href":"https:\/\/kawka-art.pl\/index.php?rest_route=\/wp\/v2\/media\/944"}],"wp:attachment":[{"href":"https:\/\/kawka-art.pl\/index.php?rest_route=%2Fwp%2Fv2%2Fmedia&parent=911"}],"wp:term":[{"taxonomy":"product_cat","embeddable":true,"href":"https:\/\/kawka-art.pl\/index.php?rest_route=%2Fwp%2Fv2%2Fproduct_cat&post=911"},{"taxonomy":"product_tag","embeddable":true,"href":"https:\/\/kawka-art.pl\/index.php?rest_route=%2Fwp%2Fv2%2Fproduct_tag&post=911"}],"curies":[{"name":"wp","href":"https:\/\/api.w.org\/{rel}","templated":true}]}}