{"id":923,"date":"2026-02-15T15:23:25","date_gmt":"2026-02-15T14:23:25","guid":{"rendered":"https:\/\/kawka-art.pl\/?post_type=product&#038;p=923"},"modified":"2026-04-16T12:19:57","modified_gmt":"2026-04-16T10:19:57","slug":"kraina-ciepla-2","status":"publish","type":"product","link":"https:\/\/kawka-art.pl\/?product=kraina-ciepla-2","title":{"rendered":"Kraina ciep\u0142a 2"},"content":{"rendered":"<p>&#8222;Kraina ciep\u0142a 2&#8221;, wym. 100 x 70 cm, akryl i pasty strukturalne na grubym, bawe\u0142nianym p\u0142\u00f3tnie, 2026<\/p>\n<div dir=\"auto\">Obraz przedstawia nastrojowy pejza\u017c utrzymany w ciep\u0142ej, stonowanej palecie barw. Kompozycja opiera si\u0119 na subtelnym kontra\u015bcie \u015bwiat\u0142a i cienia. Jasne, rozproszone \u015bwiat\u0142o w centrum prowadzi wzrok w g\u0142\u0105b przestrzeni, nadaj\u0105c pracy wra\u017cenie g\u0142\u0119bi i spokoju. Sylwetki drzew po obu stronach kadru zosta\u0142y uj\u0119te w spos\u00f3b syntetyczny, z mi\u0119kko zaznaczonymi konturami i delikatnym przenikaniem ton\u00f3w.<\/div>\n<div dir=\"auto\"><\/div>\n<div dir=\"auto\">Stylistycznie obraz nawi\u0105zuje do wsp\u00f3\u0142czesnego malarstwa pejza\u017cowego z elementami realizmu nastrojowego. Forma zosta\u0142a uproszczona, a detale ograniczone na rzecz budowania atmosfery.<\/div>\n<div dir=\"auto\"><\/div>\n<div dir=\"auto\">Dominuj\u0105 odcienie be\u017cu, br\u0105zu, z\u0142amanej bieli i ciep\u0142ego z\u0142ota, co sprawia, \u017ce obraz harmonijnie wsp\u00f3\u0142gra z wn\u0119trzami nowoczesnymi, minimalistycznymi, japandi, a tak\u017ce z przestrzeniami o charakterze klasycznym czy loftowym. Z\u0142ocista po\u015bwiata wprowadza do wn\u0119trza ciep\u0142o i wizualne wyciszenie.<\/div>\n<div dir=\"auto\"><\/div>\n<div dir=\"auto\"><strong>Dodatkowe informacje<\/strong><\/div>\n<div dir=\"auto\"><\/div>\n<ul>\n<li dir=\"auto\">Boki obrazu zosta\u0142y wyko\u0144czone w kolorze gorzkiej czekolady. Do przesy\u0142ki dodaj\u0119 zestaw monta\u017cowy. Obraz jest gotowy do powieszenia.<\/li>\n<li dir=\"auto\">Obraz zosta\u0142 pokryty matowym werniksem dla zabezpieczenia przed wnikaniem kurzu oraz promieniowaniem UV.<\/li>\n<li dir=\"auto\">Rama prezentowana na zdj\u0119ciach nie stanowi przedmiotu sprzeda\u017cy. Skontaktuj si\u0119 ze mn\u0105 a z przyjemno\u015bci\u0105 pomog\u0119 Ci dobra\u0107 ram\u0119 dopasowan\u0105 do Twojego wn\u0119trza.<\/li>\n<li dir=\"auto\">Wraz z obrazem przekazuj\u0119 certyfikat autentyczno\u015bci, kt\u00f3ry potwierdza autentyczno\u015b\u0107 obrazu oraz buduje jego warto\u015b\u0107 na rynku.<\/li>\n<li dir=\"auto\">Darmowa dostawa kurierem na terenie Polski.<\/li>\n<\/ul>\n<p>W przypadku gdy obraz nie jest ju\u017c dost\u0119pny lub potrzebujesz innego wymiaru, istnieje mo\u017cliwo\u015b\u0107 wykonania podobnego obrazu na zam\u00f3wienie: sklep@kawka-art.pl<\/p>\n<div dir=\"auto\"><\/div>\n<div dir=\"auto\"><\/div>\n","protected":false},"excerpt":{"rendered":"<p>&#8222;Kraina ciep\u0142a 2&#8221;, wym. 100 x 70 cm, akryl i pasty strukturalne na grubym, bawe\u0142nianym p\u0142\u00f3tnie, 2026<\/p>\n<div dir=\"auto\">Obraz przedstawia nastrojowy pejza\u017c utrzymany w ciep\u0142ej, stonowanej palecie barw. Kompozycja opiera si\u0119 na subtelnym kontra\u015bcie \u015bwiat\u0142a i cienia. Jasne, rozproszone \u015bwiat\u0142o w centrum prowadzi wzrok w g\u0142\u0105b przestrzeni, nadaj\u0105c pracy wra\u017cenie g\u0142\u0119bi i spokoju. Sylwetki drzew po obu stronach kadru zosta\u0142y uj\u0119te w spos\u00f3b syntetyczny, z mi\u0119kko zaznaczonymi konturami i delikatnym przenikaniem ton\u00f3w.<\/div>\n","protected":false},"featured_media":931,"comment_status":"open","ping_status":"closed","template":"","meta":{"_monsterinsights_skip_tracking":false,"_monsterinsights_sitenote_active":false,"_monsterinsights_sitenote_note":"","_monsterinsights_sitenote_category":0},"product_cat":[16,21],"product_tag":[40,25,51,45,71,69,26],"class_list":{"0":"post-923","1":"product","2":"type-product","3":"status-publish","4":"has-post-thumbnail","6":"product_cat-bez-kategorii","7":"product_cat-oryginaly-na-plotnie","8":"product_tag-100-x-70","9":"product_tag-abstrakcja","10":"product_tag-bezowy","11":"product_tag-brazowy","12":"product_tag-kraina-ciepla","13":"product_tag-pejzaz-strukturalny","14":"product_tag-zloty","16":"first","17":"outofstock","18":"shipping-taxable","19":"purchasable","20":"product-type-simple"},"jetpack_sharing_enabled":true,"_links":{"self":[{"href":"https:\/\/kawka-art.pl\/index.php?rest_route=\/wp\/v2\/product\/923","targetHints":{"allow":["GET"]}}],"collection":[{"href":"https:\/\/kawka-art.pl\/index.php?rest_route=\/wp\/v2\/product"}],"about":[{"href":"https:\/\/kawka-art.pl\/index.php?rest_route=\/wp\/v2\/types\/product"}],"replies":[{"embeddable":true,"href":"https:\/\/kawka-art.pl\/index.php?rest_route=%2Fwp%2Fv2%2Fcomments&post=923"}],"wp:featuredmedia":[{"embeddable":true,"href":"https:\/\/kawka-art.pl\/index.php?rest_route=\/wp\/v2\/media\/931"}],"wp:attachment":[{"href":"https:\/\/kawka-art.pl\/index.php?rest_route=%2Fwp%2Fv2%2Fmedia&parent=923"}],"wp:term":[{"taxonomy":"product_cat","embeddable":true,"href":"https:\/\/kawka-art.pl\/index.php?rest_route=%2Fwp%2Fv2%2Fproduct_cat&post=923"},{"taxonomy":"product_tag","embeddable":true,"href":"https:\/\/kawka-art.pl\/index.php?rest_route=%2Fwp%2Fv2%2Fproduct_tag&post=923"}],"curies":[{"name":"wp","href":"https:\/\/api.w.org\/{rel}","templated":true}]}}