{"id":94,"date":"2024-09-02T23:42:43","date_gmt":"2024-09-02T21:42:43","guid":{"rendered":"http:\/\/kawka-art.pl\/?post_type=product&#038;p=94"},"modified":"2025-08-24T20:29:07","modified_gmt":"2025-08-24T18:29:07","slug":"angel-wings","status":"publish","type":"product","link":"https:\/\/kawka-art.pl\/?product=angel-wings","title":{"rendered":"Drzewo Czere\u015bniowe 3"},"content":{"rendered":"<p><em>Drzewo Czere\u015bniowe 3<\/em><\/p>\n<p>100 x 80 x 2 cm<\/p>\n<p>Lekkie i ulotne kwiaty czere\u015bni wy\u0142oni\u0142y si\u0119 z rozlanych farb ale r\u00f3wnie\u017c mocnych strukturalnych poci\u0105gni\u0119\u0107.<\/p>\n<p>Akryl, tusze i pasty strukturalne<\/p>\n<p>Zabezpieczony werniksem<\/p>\n<p>Wysy\u0142ka na terenie Polski w cenie obrazu<\/p>\n","protected":false},"excerpt":{"rendered":"<p>Drzewo Czere\u015bniowe 3 100 x 80 x 2 cm Lekkie i ulotne kwiaty czere\u015bni wy\u0142oni\u0142y si\u0119 z rozlanych farb ale r\u00f3wnie\u017c mocnych strukturalnych poci\u0105gni\u0119\u0107. Akryl, tusze i pasty strukturalne Zabezpieczony werniksem Wysy\u0142ka na terenie Polski w cenie obrazu<\/p>\n","protected":false},"featured_media":241,"comment_status":"open","ping_status":"closed","template":"","meta":{"_monsterinsights_skip_tracking":false,"_monsterinsights_sitenote_active":false,"_monsterinsights_sitenote_note":"","_monsterinsights_sitenote_category":0},"product_cat":[16,21],"product_tag":[23,25,24,22],"class_list":{"0":"post-94","1":"product","2":"type-product","3":"status-publish","4":"has-post-thumbnail","6":"product_cat-bez-kategorii","7":"product_cat-oryginaly-na-plotnie","8":"product_tag-100-x-80","9":"product_tag-abstrakcja","10":"product_tag-kolekcja-wszystko-plynie","11":"product_tag-strukturalny","13":"first","14":"outofstock","15":"shipping-taxable","16":"purchasable","17":"product-type-simple"},"jetpack_sharing_enabled":true,"_links":{"self":[{"href":"https:\/\/kawka-art.pl\/index.php?rest_route=\/wp\/v2\/product\/94","targetHints":{"allow":["GET"]}}],"collection":[{"href":"https:\/\/kawka-art.pl\/index.php?rest_route=\/wp\/v2\/product"}],"about":[{"href":"https:\/\/kawka-art.pl\/index.php?rest_route=\/wp\/v2\/types\/product"}],"replies":[{"embeddable":true,"href":"https:\/\/kawka-art.pl\/index.php?rest_route=%2Fwp%2Fv2%2Fcomments&post=94"}],"wp:featuredmedia":[{"embeddable":true,"href":"https:\/\/kawka-art.pl\/index.php?rest_route=\/wp\/v2\/media\/241"}],"wp:attachment":[{"href":"https:\/\/kawka-art.pl\/index.php?rest_route=%2Fwp%2Fv2%2Fmedia&parent=94"}],"wp:term":[{"taxonomy":"product_cat","embeddable":true,"href":"https:\/\/kawka-art.pl\/index.php?rest_route=%2Fwp%2Fv2%2Fproduct_cat&post=94"},{"taxonomy":"product_tag","embeddable":true,"href":"https:\/\/kawka-art.pl\/index.php?rest_route=%2Fwp%2Fv2%2Fproduct_tag&post=94"}],"curies":[{"name":"wp","href":"https:\/\/api.w.org\/{rel}","templated":true}]}}