{"id":946,"date":"2026-03-02T13:40:58","date_gmt":"2026-03-02T12:40:58","guid":{"rendered":"https:\/\/kawka-art.pl\/?post_type=product&#038;p=946"},"modified":"2026-03-03T14:42:33","modified_gmt":"2026-03-03T13:42:33","slug":"zlote-pola","status":"publish","type":"product","link":"https:\/\/kawka-art.pl\/?product=zlote-pola","title":{"rendered":"Z\u0142ote pola"},"content":{"rendered":"<p>&#8222;Z\u0142ote pola&#8221;, wym. 100 x 70 cm, akryl i pasty strukturalne na bawe\u0142nianym p\u0142\u00f3tnie, 2025<\/p>\n<p>Pejza\u017c strukturalny przedstawiaj\u0105cy sielski krajobraz polny sk\u0105pany w ciep\u0142ym, wieczornym \u015bwietle. Ta pastelowa harmonijna kompozycja wprowadzi do wn\u0119trza atmosfer\u0119 ciszy, przestrzeni i natury.<\/p>\n<p>&nbsp;<\/p>\n<p>Strukturalna powierzchnia pi\u0119knie odbija \u015bwiat\u0142o, dzi\u0119ki czemu prezentuje detale obrazu oraz r\u00f3\u017cne jego ods\u0142ony w zale\u017cno\u015bci od pory dnia.<\/p>\n<p>&nbsp;<\/p>\n<p>Przedmiotem sprzeda\u017cy jest obraz bez ramy. Skontaktuj si\u0119 ze mn\u0105 a pomog\u0119 Ci dobra\u0107 ram\u0119, kt\u00f3ra b\u0119dzie wsp\u00f3\u0142gra\u0142a zar\u00f3wno z obrazem jak i Twoim wn\u0119trzem.<\/p>\n<p>&nbsp;<\/p>\n<p>Do obrazu za\u0142\u0105czam certyfikat autentyczno\u015bci, kt\u00f3ry potwierdza oryginalno\u015b\u0107 obrazu oraz buduje jego warto\u015b\u0107 na rynku. Za\u0142\u0105czam r\u00f3wnie\u017c zestaw monta\u017cowy. Obraz jest gotowy do powieszenia.<\/p>\n","protected":false},"excerpt":{"rendered":"<p>&#8222;Z\u0142ote pola&#8221;, wym. 100 x 70 cm, akryl i pasty strukturalne na bawe\u0142nianym p\u0142\u00f3tnie, 2025 Pejza\u017c strukturalny przedstawiaj\u0105cy sielski krajobraz polny sk\u0105pany w ciep\u0142ym, wieczornym \u015bwietle. Ta pastelowa harmonijna kompozycja wprowadzi do wn\u0119trza atmosfer\u0119 ciszy, przestrzeni i natury. &nbsp; Strukturalna powierzchnia pi\u0119knie odbija \u015bwiat\u0142o, dzi\u0119ki czemu prezentuje detale obrazu oraz r\u00f3\u017cne jego ods\u0142ony w zale\u017cno\u015bci&#8230;<\/p>\n","protected":false},"featured_media":952,"comment_status":"open","ping_status":"closed","template":"","meta":{"_monsterinsights_skip_tracking":false,"_monsterinsights_sitenote_active":false,"_monsterinsights_sitenote_note":"","_monsterinsights_sitenote_category":0},"product_cat":[16,21],"product_tag":[40,49,69,58],"class_list":{"0":"post-946","1":"product","2":"type-product","3":"status-publish","4":"has-post-thumbnail","6":"product_cat-bez-kategorii","7":"product_cat-oryginaly-na-plotnie","8":"product_tag-100-x-70","9":"product_tag-pejzaz","10":"product_tag-pejzaz-strukturalny","11":"product_tag-pole","13":"first","14":"outofstock","15":"shipping-taxable","16":"purchasable","17":"product-type-simple"},"jetpack_sharing_enabled":true,"_links":{"self":[{"href":"https:\/\/kawka-art.pl\/index.php?rest_route=\/wp\/v2\/product\/946","targetHints":{"allow":["GET"]}}],"collection":[{"href":"https:\/\/kawka-art.pl\/index.php?rest_route=\/wp\/v2\/product"}],"about":[{"href":"https:\/\/kawka-art.pl\/index.php?rest_route=\/wp\/v2\/types\/product"}],"replies":[{"embeddable":true,"href":"https:\/\/kawka-art.pl\/index.php?rest_route=%2Fwp%2Fv2%2Fcomments&post=946"}],"wp:featuredmedia":[{"embeddable":true,"href":"https:\/\/kawka-art.pl\/index.php?rest_route=\/wp\/v2\/media\/952"}],"wp:attachment":[{"href":"https:\/\/kawka-art.pl\/index.php?rest_route=%2Fwp%2Fv2%2Fmedia&parent=946"}],"wp:term":[{"taxonomy":"product_cat","embeddable":true,"href":"https:\/\/kawka-art.pl\/index.php?rest_route=%2Fwp%2Fv2%2Fproduct_cat&post=946"},{"taxonomy":"product_tag","embeddable":true,"href":"https:\/\/kawka-art.pl\/index.php?rest_route=%2Fwp%2Fv2%2Fproduct_tag&post=946"}],"curies":[{"name":"wp","href":"https:\/\/api.w.org\/{rel}","templated":true}]}}