{"id":971,"date":"2026-03-25T11:10:23","date_gmt":"2026-03-25T10:10:23","guid":{"rendered":"https:\/\/kawka-art.pl\/?post_type=product&#038;p=971"},"modified":"2026-04-17T12:40:42","modified_gmt":"2026-04-17T10:40:42","slug":"w-strone-swiatla-3","status":"publish","type":"product","link":"https:\/\/kawka-art.pl\/?product=w-strone-swiatla-3","title":{"rendered":"W stron\u0119 \u015bwiat\u0142a"},"content":{"rendered":"<p>&#8222;W stron\u0119 \u015bwiat\u0142a, wym. 50 x 70 cm, 2025, akryl i pasty strukturalne, sygnowany na rewersie<\/p>\n<div>Ten piekny pejza\u017c \u0142\u0105czy subtelne faktury z delikatn\u0105 palet\u0105 barw ziemi i nieba. Strukturalna powierzchnia i mi\u0119kkie przej\u015bcia kolorystyczne tworz\u0105 poczucie g\u0142\u0119bi i atmosfery \u2013 jakby czas zatrzyma\u0142 si\u0119 na moment tu\u017c przed zmierzchem lub zaraz po \u015bwicie.<\/div>\n<div dir=\"auto\"><\/div>\n<div dir=\"auto\">Idealny dla mi\u0142o\u015bnik\u00f3w minimalizmu, natury i spokojnych, eterycznych kompozycji.<\/div>\n<div dir=\"auto\"><\/div>\n<div dir=\"auto\">Boki obrazu zosta\u0142y przygotowane jako kontynuacja obrazu. Obraz zosta\u0142 pokryty matowym werniksem dla zabezpieczenia przed wnikaniem kurzu i promieniowaniem UV.<\/div>\n<div dir=\"auto\"><\/div>\n<div dir=\"auto\">Do przesy\u0142ki za\u0142\u0105czam zestaw monta\u017cowy oraz certyfikat autentyczno\u015bci.<\/div>\n<div dir=\"auto\"><\/div>\n<div dir=\"auto\">Darmowa wysy\u0142ka na terenie Polski.<\/div>\n","protected":false},"excerpt":{"rendered":"<p>&#8222;W stron\u0119 \u015bwiat\u0142a, wym. 50 x 70 cm, 2025, akryl i pasty strukturalne, sygnowany na rewersie<\/p>\n<div>Ten piekny pejza\u017c \u0142\u0105czy subtelne faktury z delikatn\u0105 palet\u0105 barw ziemi i nieba. Strukturalna powierzchnia i mi\u0119kkie przej\u015bcia kolorystyczne tworz\u0105 poczucie g\u0142\u0119bi i atmosfery \u2013 jakby czas zatrzyma\u0142 si\u0119 na moment tu\u017c przed zmierzchem lub zaraz po \u015bwicie.<\/div>\n<div dir=\"auto\"><\/div>\n<div dir=\"auto\">Idealny dla mi\u0142o\u015bnik\u00f3w minimalizmu, natury i spokojnych, eterycznych kompozycji.<\/div>\n<div dir=\"auto\"><\/div>\n<div dir=\"auto\">Boki obrazu zosta\u0142y przygotowane jako kontynuacja obrazu. Obraz zosta\u0142 pokryty matowym werniksem dla zabezpieczenia przed wnikaniem kurzu i promieniowaniem UV.<\/div>\n<div dir=\"auto\"><\/div>\n<div dir=\"auto\">Do przesy\u0142ki za\u0142\u0105czam zestaw monta\u017cowy oraz certyfikat autentyczno\u015bci.<\/div>\n<div dir=\"auto\"><\/div>\n<div dir=\"auto\">Darmowa wysy\u0142ka na terenie Polski.<\/div>\n","protected":false},"featured_media":978,"comment_status":"open","ping_status":"closed","template":"","meta":{"_monsterinsights_skip_tracking":false,"_monsterinsights_sitenote_active":false,"_monsterinsights_sitenote_note":"","_monsterinsights_sitenote_category":0},"product_cat":[16,21],"product_tag":[30,59,41,69],"class_list":{"0":"post-971","1":"product","2":"type-product","3":"status-publish","4":"has-post-thumbnail","6":"product_cat-bez-kategorii","7":"product_cat-oryginaly-na-plotnie","8":"product_tag-50-x-70","9":"product_tag-chmury","10":"product_tag-niebieski","11":"product_tag-pejzaz-strukturalny","13":"first","14":"instock","15":"shipping-taxable","16":"purchasable","17":"product-type-simple"},"jetpack_sharing_enabled":true,"_links":{"self":[{"href":"https:\/\/kawka-art.pl\/index.php?rest_route=\/wp\/v2\/product\/971","targetHints":{"allow":["GET"]}}],"collection":[{"href":"https:\/\/kawka-art.pl\/index.php?rest_route=\/wp\/v2\/product"}],"about":[{"href":"https:\/\/kawka-art.pl\/index.php?rest_route=\/wp\/v2\/types\/product"}],"replies":[{"embeddable":true,"href":"https:\/\/kawka-art.pl\/index.php?rest_route=%2Fwp%2Fv2%2Fcomments&post=971"}],"wp:featuredmedia":[{"embeddable":true,"href":"https:\/\/kawka-art.pl\/index.php?rest_route=\/wp\/v2\/media\/978"}],"wp:attachment":[{"href":"https:\/\/kawka-art.pl\/index.php?rest_route=%2Fwp%2Fv2%2Fmedia&parent=971"}],"wp:term":[{"taxonomy":"product_cat","embeddable":true,"href":"https:\/\/kawka-art.pl\/index.php?rest_route=%2Fwp%2Fv2%2Fproduct_cat&post=971"},{"taxonomy":"product_tag","embeddable":true,"href":"https:\/\/kawka-art.pl\/index.php?rest_route=%2Fwp%2Fv2%2Fproduct_tag&post=971"}],"curies":[{"name":"wp","href":"https:\/\/api.w.org\/{rel}","templated":true}]}}