{"id":985,"date":"2026-04-02T11:03:01","date_gmt":"2026-04-02T09:03:01","guid":{"rendered":"https:\/\/kawka-art.pl\/?post_type=product&#038;p=985"},"modified":"2026-04-17T12:37:43","modified_gmt":"2026-04-17T10:37:43","slug":"granica-swiatow-3","status":"publish","type":"product","link":"https:\/\/kawka-art.pl\/?product=granica-swiatow-3","title":{"rendered":"Granica \u015awiat\u00f3w 3"},"content":{"rendered":"<p>&#8222;Granica \u015awiat\u00f3w 3&#8221;, 120 x 90 cm, 2026, akryl i pasty strukturalne, podpis na awersie i rewersie wraz z certyfikatem autentyczno\u015bci<\/p>\n<p>Obraz malowany na bawe\u0142nianym p\u0142\u00f3tnie oprawiony w ram\u0119 z litego, olejowanego d\u0119bu<\/p>\n<p>&nbsp;<\/p>\n<p>&#8222;Granica \u015awiat\u00f3w&#8221; to sielski pejza\u017c emanuj\u0105cy spokojem i natur\u0105. Pusta \u015bcie\u017cka biegnie ku horyzontowi \u2013 granicy \u015bwiat\u00f3w czyli spokojnej, niewzruszonej ziemi i dramatycznym, ci\u0119\u017ckim niebem. Ten obraz \u015bwietnie si\u0119 odnajdzie we wn\u0119trzach mi\u0142o\u015bnik\u00f3w natury.<\/p>\n<p>Boki obrazu zosta\u0142y wyko\u0144czone na bia\u0142o. Obraz zosta\u0142 zabezpieczony matowym werniksem.<\/p>\n<p>&nbsp;<\/p>\n<p>Istnieje mo\u017cliwo\u015b\u0107 wykonania obrazu na zam\u00f3wienie.<\/p>\n<ul>\n<li>Cena obrazu w wym. 120 x 90 cm (jak na zdj\u0119ciach) wraz z trasportem &#8211; 2000 z\u0142<\/li>\n<li>Cena obrazu w wym. 120 x 90 cm z d\u0119bow\u0105, olejowan\u0105 ram\u0105 wraz z transportem &#8211; 2420 z\u0142<\/li>\n<\/ul>\n<p>W sprawie zam\u00f3wienia lub zapytania o cennik dla innych wymiar\u00f3w, skontaktuj si\u0119 poprzez adres email sklep@kawka-art.pl<\/p>\n<p>&nbsp;<\/p>\n<p>&nbsp;<\/p>\n<p>&nbsp;<\/p>\n","protected":false},"excerpt":{"rendered":"<p>&#8222;Granica \u015awiat\u00f3w 3&#8221;, 120 x 90 cm, 2026, akryl i pasty strukturalne, podpis na awersie i rewersie wraz z certyfikatem autentyczno\u015bci<\/p>\n<p>Obraz malowany na bawe\u0142nianym p\u0142\u00f3tnie oprawiony w ram\u0119 z litego, olejowanego d\u0119bu<\/p>\n<p>&nbsp;<\/p>\n<p>&#8222;Granica \u015awiat\u00f3w&#8221; to sielski pejza\u017c emanuj\u0105cy spokojem i natur\u0105. Pusta \u015bcie\u017cka biegnie ku horyzontowi \u2013 granicy \u015bwiat\u00f3w czyli spokojnej, niewzruszonej ziemi i dramatycznym, ci\u0119\u017ckim niebem. Ten obraz \u015bwietnie si\u0119 odnajdzie we wn\u0119trzach mi\u0142o\u015bnik\u00f3w natury.<\/p>\n<p>Boki obrazu zosta\u0142y wyko\u0144czone na bia\u0142o. Obraz zosta\u0142 zabezpieczony matowym werniksem.<\/p>\n<p>&nbsp;<\/p>\n<p>Istnieje mo\u017cliwo\u015b\u0107 wykonania obrazu na zam\u00f3wienie. W sprawie zam\u00f3wienia, skontaktuj si\u0119 poprzez adres email sklep@kawka-art.pl<\/p>\n<p>&nbsp;<\/p>\n<p>&nbsp;<\/p>\n","protected":false},"featured_media":997,"comment_status":"open","ping_status":"closed","template":"","meta":{"_monsterinsights_skip_tracking":false,"_monsterinsights_sitenote_active":false,"_monsterinsights_sitenote_note":"","_monsterinsights_sitenote_category":0},"product_cat":[16,21],"product_tag":[63,59,41,49,69,22],"class_list":{"0":"post-985","1":"product","2":"type-product","3":"status-publish","4":"has-post-thumbnail","6":"product_cat-bez-kategorii","7":"product_cat-oryginaly-na-plotnie","8":"product_tag-120-x-90","9":"product_tag-chmury","10":"product_tag-niebieski","11":"product_tag-pejzaz","12":"product_tag-pejzaz-strukturalny","13":"product_tag-strukturalny","15":"first","16":"onbackorder","17":"shipping-taxable","18":"purchasable","19":"product-type-simple"},"jetpack_sharing_enabled":true,"_links":{"self":[{"href":"https:\/\/kawka-art.pl\/index.php?rest_route=\/wp\/v2\/product\/985","targetHints":{"allow":["GET"]}}],"collection":[{"href":"https:\/\/kawka-art.pl\/index.php?rest_route=\/wp\/v2\/product"}],"about":[{"href":"https:\/\/kawka-art.pl\/index.php?rest_route=\/wp\/v2\/types\/product"}],"replies":[{"embeddable":true,"href":"https:\/\/kawka-art.pl\/index.php?rest_route=%2Fwp%2Fv2%2Fcomments&post=985"}],"wp:featuredmedia":[{"embeddable":true,"href":"https:\/\/kawka-art.pl\/index.php?rest_route=\/wp\/v2\/media\/997"}],"wp:attachment":[{"href":"https:\/\/kawka-art.pl\/index.php?rest_route=%2Fwp%2Fv2%2Fmedia&parent=985"}],"wp:term":[{"taxonomy":"product_cat","embeddable":true,"href":"https:\/\/kawka-art.pl\/index.php?rest_route=%2Fwp%2Fv2%2Fproduct_cat&post=985"},{"taxonomy":"product_tag","embeddable":true,"href":"https:\/\/kawka-art.pl\/index.php?rest_route=%2Fwp%2Fv2%2Fproduct_tag&post=985"}],"curies":[{"name":"wp","href":"https:\/\/api.w.org\/{rel}","templated":true}]}}